{"id":5157,"date":"2021-05-01T19:38:59","date_gmt":"2021-05-01T19:38:59","guid":{"rendered":"https:\/\/vivasana.be\/?page_id=5157"},"modified":"2021-05-01T20:01:53","modified_gmt":"2021-05-01T20:01:53","slug":"rejoignez-notre-equipe","status":"publish","type":"page","link":"https:\/\/www.vivasana.be\/index.php\/fr\/aloe-vera-fr\/rejoignez-notre-equipe\/","title":{"rendered":"Rejoignez notre \u00e9quipe"},"content":{"rendered":"<p>[vc_row row_content_width=&#8221;grid&#8221;][vc_column]<div class=\"mkdf-elements-holder   mkdf-one-column  mkdf-responsive-mode-768 \" ><div class=\"mkdf-eh-item    \"  data-item-class=\"mkdf-eh-custom-5437\"  >\n\t\t<div class=\"mkdf-eh-item-inner\">\n\t\t<div class=\"mkdf-eh-item-content mkdf-eh-custom-5437\" style=\"padding: 0 0 10px\">\n\t\t\t[vc_empty_space height=&#8221;100px&#8221;]\t\t<\/div>\n\t<\/div>\n<\/div><\/div><div class=\"mkdf-elements-holder   mkdf-one-column  mkdf-responsive-mode-768 \" ><div class=\"mkdf-eh-item    \"  data-item-class=\"mkdf-eh-custom-6774\" data-1280-1600=\"0 0 10px\" data-1024-1280=\"10px 0 20px\">\n\t\t<div class=\"mkdf-eh-item-inner\">\n\t\t<div class=\"mkdf-eh-item-content mkdf-eh-custom-6774\" style=\"padding: 0 0 20px\">\n\t\t\t<div class=\"mkdf-section-title-holder  mkdf-st-standard mkdf-st-title-left mkdf-st-normal-space \" style=\"text-align: center\">\n\t<div class=\"mkdf-st-inner\">\n\t\t<img width=\"90\" height=\"90\" src=\"https:\/\/www.vivasana.be\/wp-content\/uploads\/2020\/11\/Webp.net-resizeimage-7.png\" class=\"attachment-full size-full\" alt=\"\" loading=\"lazy\" \/>\n\t\t\t\t\t<div class=\"mkdf-separator-holder clearfix\">\n\t\t\t\t<div class=\"mkdf-separator\"><\/div>\n\t\t\t<\/div>\n\t\t\t\t\t\t\t<h2 class=\"mkdf-st-title\" >\n\t\t\t\tRejoignez notre \u00e9quipe\t\t\t<\/h2>\n\t\t\t\t\t<\/div>\n<\/div>\t\t<\/div>\n\t<\/div>\n<\/div><\/div><div class=\"mkdf-elements-holder   mkdf-one-column  mkdf-responsive-mode-768 \" ><div class=\"mkdf-eh-item    \"  data-item-class=\"mkdf-eh-custom-6177\" data-1280-1600=\"0 10% 0\" data-1024-1280=\"0 10% 0\"  data-680-768=\"0 3% 0\" data-680=\"0 0\">\n\t\t<div class=\"mkdf-eh-item-inner\">\n\t\t<div class=\"mkdf-eh-item-content mkdf-eh-custom-6177\" style=\"padding: 0 20% 0\">\n\t\t\t[vc_single_image image=&#8221;3712&#8243; img_size=&#8221;medium&#8221; alignment=&#8221;center&#8221;][vc_empty_space][vc_column_text]<\/p>\n<p style=\"text-align: center;\"><strong><span style=\"color: #d6b981;\">LIBERTE, FLEXIBILITE, PLAISIR<\/span><\/strong><\/p>\n<p style=\"text-align: center;\"><strong><span style=\"color: #d6b981;\">IND\u00c9PENDANT MAIS JAMAIS SEUL<\/span><\/strong><\/p>\n<p>&nbsp;<\/p>\n<p><span style=\"font-weight: 400;\">Voulez-vous construire quelque chose pour vous-m\u00eame, mais vous ne savez pas par o\u00f9 commencer?<\/span><\/p>\n<p><span style=\"font-weight: 400;\">Voulez-vous plus de revenus d&#8217;une mani\u00e8re qui vous convient; un revenu qui peut cro\u00eetre en fonction de vos efforts?<\/span><\/p>\n<p><span style=\"font-weight: 400;\">Vous souhaitez cr\u00e9er plus de libert\u00e9 pour travailler o\u00f9, avec qui et comme vous le souhaitez?<\/span><\/p>\n<p><span style=\"font-weight: 400;\">Vous \u00eates int\u00e9ress\u00e9(e) par le sport, la beaut\u00e9, la sant\u00e9, apprendre \u00e0 entreprendre, le focus &amp; mindset, la positivit\u00e9 et\/ou le d\u00e9veloppement personnel\u00a0?<\/span><\/p>\n<p><span style=\"font-weight: 400;\">Voulez-vous faire une diff\u00e9rence pour vous-m\u00eame et pour quelqu&#8217;un d&#8217;autre?<\/span><\/p>\n<p>&nbsp;<\/p>\n<p><span style=\"font-weight: 400;\">Curieux(se)? Alors je vous invite \u00e0 lire la suite.<\/span><\/p>\n<p><span style=\"font-weight: 400;\">Il y a six ans, par l&#8217;interm\u00e9diaire de mon acupuncteur Annabel, je suis entr\u00e9e en contact avec quelques produits \u00e0 base d&#8217;Alo\u00eb Vera. Tr\u00e8s vite, j&#8217;ai ressenti l&#8217;effet positif que cela avait sur ma digestion et sur mon niveau d&#8217;\u00e9nergie, et ce avec juste un verre d&#8217;Alo\u00eb Vera par jour \u00e0 boire. Avec une confiance totale dans la qualit\u00e9 du produit et tout mon enthousiasme, j&#8217;ai rejoint cette \u00e9quipe et j\u2019ai construit lentement mais s\u00fbrement un revenu suppl\u00e9mentaire. Maintenant, je peux dire avec certitude le bon sentiment cela procure de guider les gens, que ce soit vers une meilleure version d&#8217;eux-m\u00eames et \/ ou pour devenir plus ind\u00e9pendants financi\u00e8rement\u00a0; les deux sont parfaitement possibles, ensemble. <\/span><b>ET J\u2019AIMERAIS PARTAGER CE SENTIMENT AVEC VOUS.<\/b><\/p>\n<p><span style=\"font-weight: 400;\"><br \/>\n<\/span><span style=\"font-weight: 400;\"><b>Vous n&#8217;\u00eates pas seul(e), je suis l\u00e0 pour vous guider, afin que vous puissiez mener votre propre activit\u00e9 de mani\u00e8re autonome.<\/b><\/span>[\/vc_column_text][vc_empty_space][vc_single_image image=&#8221;4428&#8243; img_size=&#8221;medium&#8221; alignment=&#8221;center&#8221;][vc_empty_space][vc_column_text]<\/p>\n<p style=\"text-align: left;\"><span style=\"color: #d6b981;\"><strong>\u00a0<\/strong><\/span><\/p>\n<p><span style=\"font-weight: 400;\">Notre offre\u00a0: VOTRE AVANTAGE:<\/span><\/p>\n<ul>\n<li><span style=\"font-weight: 400;\"> Vous travaillez dans votre propre environnement, sans stress<\/span><\/li>\n<li><span style=\"font-weight: 400;\"> Vous d\u00e9terminez vous-m\u00eame vos heures de travail et travaillez \u00e0 votre rythme<\/span><\/li>\n<li><span style=\"font-weight: 400;\"> Aucune perte de temps due aux d\u00e9placements (pas d&#8217;embouteillages)<\/span><\/li>\n<li><span style=\"font-weight: 400;\"> Un revenu \u00e0 temps plein ou suppl\u00e9mentaire en plus de votre emploi actuel.<\/span><\/li>\n<li><span style=\"font-weight: 400;\"> Aucun dipl\u00f4me ou exp\u00e9rience de travail requis (minimum 18 ans)<\/span><\/li>\n<li><span style=\"font-weight: 400;\"> Vous pouvez g\u00e9n\u00e9rer des revenus 24\/7, c\u2019est votre choix.<\/span><\/li>\n<li><span style=\"font-weight: 400;\"> Un travail dans le monde entier est possible (dans plus de 165 pays)<\/span><\/li>\n<li><span style=\"font-weight: 400;\"> Conseils et assistance gratuits dans votre propre langue<\/span><\/li>\n<li><span style=\"font-weight: 400;\"> Capacit\u00e9 \u00e0 travailler en ligne et \u00e0 domicile<\/span><\/li>\n<\/ul>\n<p>&nbsp;<\/p>\n<p>&nbsp;<\/p>\n<h3 style=\"text-align: center;\"><span style=\"font-weight: 400;\"><span style=\"color: #d6b981;\">\u00cates-vous pr\u00eat(e) \u00e0 entreprendre ce voyage?<\/span><\/span><\/h3>\n<p><em>\u201c<\/em><i><span style=\"font-weight: 400;\">Aucun de nous ne connaissait cette entreprise et cette m\u00e9thode de travail unique. C\u2019est vrai, au d\u00e9but j\u2019\u00e9tais sceptique par rapport \u00e0 la fa\u00e7on de travailler. Mais chacun de nous a imm\u00e9diatement vu que nous pouvions atteindre une libert\u00e9 et une ind\u00e9pendance absolues pour nous-m\u00eames dans un d\u00e9lai pr\u00e9visible<\/span><\/i><i><span style=\"font-weight: 400;\">.&#8221;<\/span><\/i><\/p>\n<p><b><i>Ce que je vous souhaite aussi.\u00a0 <\/i><\/b><\/p>\n<p>&nbsp;<\/p>\n<p>&nbsp;<\/p>\n<p style=\"text-align: center;\"><span style=\"font-weight: 400;\">Souhaitez-vous en savoir plus? Remplissez le formulaire de contact ou inscrivez-vous d\u00e8s aujourd\u2019hui via ce lien\u00a0:<\/span><\/p>\n<p style=\"text-align: center;\"><a class=\"mkdf-btn mkdf-btn-medium mkdf-btn-solid\" href=\"https:\/\/310002049177.fbo.foreverliving.com\/bel\/nl-be\/home\" target=\"_blank\" rel=\"noopener noreferrer\">Nederlands<\/a> <a class=\"mkdf-btn mkdf-btn-medium mkdf-btn-solid\" href=\"https:\/\/310002049177.fbo.foreverliving.com\/bel\/fr-be\/home\" target=\"_blank\" rel=\"noopener noreferrer\">Fran\u00e7ais<\/a><\/p>\n<p>&nbsp;<\/p>\n<p style=\"text-align: center;\"><span style=\"font-weight: 400;\">Choisissez \u00abS&#8217;inscrire\u00bb et \u00abJOIN\u00bb. S\u00e9lectionnez ensuite l&#8217;option \u00abForever Business Owner\u00bb Vous recevrez ensuite une proposition pour un premier rendez-vous o\u00f9 l\u2019opportunit\u00e9 de revenus vous sera pr\u00e9sent\u00e9e. <\/span><\/p>\n<p>[\/vc_column_text]\t\t<\/div>\n\t<\/div>\n<\/div><\/div><div class=\"mkdf-elements-holder   mkdf-one-column  mkdf-responsive-mode-768 \" ><div class=\"mkdf-eh-item   mkdf-horizontal-alignment-center \"  data-item-class=\"mkdf-eh-custom-1263\" data-1280-1600=\"30px 0 8%\" data-1024-1280=\"40px 0 9%\" data-768-1024=\"40px 0 12%\" data-680-768=\"40px 0 34%\" data-680=\"30px 0 21%\">\n\t\t<div class=\"mkdf-eh-item-inner\">\n\t\t<div class=\"mkdf-eh-item-content mkdf-eh-custom-1263\" style=\"padding: 40px 0 20%\">\n\t\t\t\t\t<\/div>\n\t<\/div>\n<\/div><\/div>[\/vc_column][\/vc_row]<\/p>\n","protected":false},"excerpt":{"rendered":"<p>[vc_row row_content_width=&#8221;grid&#8221;][vc_column][\/vc_column][\/vc_row]<\/p>\n","protected":false},"author":1,"featured_media":0,"parent":4806,"menu_order":0,"comment_status":"closed","ping_status":"closed","template":"full-width.php","meta":[],"yoast_head":"<!-- This site is optimized with the Yoast SEO plugin v16.0.2 - https:\/\/yoast.com\/wordpress\/plugins\/seo\/ -->\n<title>Rejoignez notre \u00e9quipe - Vivasana<\/title>\n<link rel=\"canonical\" href=\"https:\/\/www.vivasana.be\/index.php\/fr\/aloe-vera-fr\/rejoignez-notre-equipe\/\" \/>\n<meta property=\"og:locale\" content=\"en_GB\" \/>\n<meta property=\"og:type\" content=\"article\" \/>\n<meta property=\"og:title\" content=\"Rejoignez notre \u00e9quipe - Vivasana\" \/>\n<meta property=\"og:description\" content=\"[vc_row row_content_width=&#8221;grid&#8221;][vc_column][\/vc_column][\/vc_row]\" \/>\n<meta property=\"og:url\" content=\"https:\/\/www.vivasana.be\/index.php\/fr\/aloe-vera-fr\/rejoignez-notre-equipe\/\" \/>\n<meta property=\"og:site_name\" content=\"Vivasana\" \/>\n<meta property=\"article:modified_time\" content=\"2021-05-01T20:01:53+00:00\" \/>\n<meta name=\"twitter:card\" content=\"summary_large_image\" \/>\n<meta name=\"twitter:label1\" content=\"Estimated reading time\">\n\t<meta name=\"twitter:data1\" content=\"3 minutes\">\n<script type=\"application\/ld+json\" class=\"yoast-schema-graph\">{\"@context\":\"https:\/\/schema.org\",\"@graph\":[{\"@type\":[\"Person\",\"Organization\"],\"@id\":\"https:\/\/www.vivasana.be\/#\/schema\/person\/bf80a11fba06a1a649b56ee60f48f140\",\"name\":\"vivasana\",\"image\":{\"@type\":\"ImageObject\",\"@id\":\"https:\/\/www.vivasana.be\/#personlogo\",\"inLanguage\":\"en-GB\",\"url\":\"https:\/\/secure.gravatar.com\/avatar\/92d9ea7bd8b34298fad83acbfa01a197?s=96&d=mm&r=g\",\"caption\":\"vivasana\"},\"logo\":{\"@id\":\"https:\/\/www.vivasana.be\/#personlogo\"}},{\"@type\":\"WebSite\",\"@id\":\"https:\/\/www.vivasana.be\/#website\",\"url\":\"https:\/\/www.vivasana.be\/\",\"name\":\"Vivasana\",\"description\":\"Healing studio for physical and emotional release, based on a holistic Hawaiian approach.\",\"publisher\":{\"@id\":\"https:\/\/www.vivasana.be\/#\/schema\/person\/bf80a11fba06a1a649b56ee60f48f140\"},\"potentialAction\":[{\"@type\":\"SearchAction\",\"target\":\"https:\/\/www.vivasana.be\/?s={search_term_string}\",\"query-input\":\"required name=search_term_string\"}],\"inLanguage\":\"en-GB\"},{\"@type\":\"WebPage\",\"@id\":\"https:\/\/www.vivasana.be\/index.php\/fr\/aloe-vera-fr\/rejoignez-notre-equipe\/#webpage\",\"url\":\"https:\/\/www.vivasana.be\/index.php\/fr\/aloe-vera-fr\/rejoignez-notre-equipe\/\",\"name\":\"Rejoignez notre \\u00e9quipe - Vivasana\",\"isPartOf\":{\"@id\":\"https:\/\/www.vivasana.be\/#website\"},\"datePublished\":\"2021-05-01T19:38:59+00:00\",\"dateModified\":\"2021-05-01T20:01:53+00:00\",\"breadcrumb\":{\"@id\":\"https:\/\/www.vivasana.be\/index.php\/fr\/aloe-vera-fr\/rejoignez-notre-equipe\/#breadcrumb\"},\"inLanguage\":\"en-GB\",\"potentialAction\":[{\"@type\":\"ReadAction\",\"target\":[\"https:\/\/www.vivasana.be\/index.php\/fr\/aloe-vera-fr\/rejoignez-notre-equipe\/\"]}]},{\"@type\":\"BreadcrumbList\",\"@id\":\"https:\/\/www.vivasana.be\/index.php\/fr\/aloe-vera-fr\/rejoignez-notre-equipe\/#breadcrumb\",\"itemListElement\":[{\"@type\":\"ListItem\",\"position\":1,\"item\":{\"@type\":\"WebPage\",\"@id\":\"https:\/\/www.vivasana.be\/index.php\/en\/main-home\/\",\"url\":\"https:\/\/www.vivasana.be\/index.php\/en\/main-home\/\",\"name\":\"Home\"}},{\"@type\":\"ListItem\",\"position\":2,\"item\":{\"@type\":\"WebPage\",\"@id\":\"https:\/\/www.vivasana.be\/index.php\/fr\/aloe-vera-fr\/\",\"url\":\"https:\/\/www.vivasana.be\/index.php\/fr\/aloe-vera-fr\/\",\"name\":\"Aloe Vera\"}},{\"@type\":\"ListItem\",\"position\":3,\"item\":{\"@type\":\"WebPage\",\"@id\":\"https:\/\/www.vivasana.be\/index.php\/fr\/aloe-vera-fr\/rejoignez-notre-equipe\/\",\"url\":\"https:\/\/www.vivasana.be\/index.php\/fr\/aloe-vera-fr\/rejoignez-notre-equipe\/\",\"name\":\"Rejoignez notre \\u00e9quipe\"}}]}]}<\/script>\n<!-- \/ Yoast SEO plugin. -->","_links":{"self":[{"href":"https:\/\/www.vivasana.be\/index.php\/wp-json\/wp\/v2\/pages\/5157"}],"collection":[{"href":"https:\/\/www.vivasana.be\/index.php\/wp-json\/wp\/v2\/pages"}],"about":[{"href":"https:\/\/www.vivasana.be\/index.php\/wp-json\/wp\/v2\/types\/page"}],"author":[{"embeddable":true,"href":"https:\/\/www.vivasana.be\/index.php\/wp-json\/wp\/v2\/users\/1"}],"replies":[{"embeddable":true,"href":"https:\/\/www.vivasana.be\/index.php\/wp-json\/wp\/v2\/comments?post=5157"}],"version-history":[{"count":3,"href":"https:\/\/www.vivasana.be\/index.php\/wp-json\/wp\/v2\/pages\/5157\/revisions"}],"predecessor-version":[{"id":5161,"href":"https:\/\/www.vivasana.be\/index.php\/wp-json\/wp\/v2\/pages\/5157\/revisions\/5161"}],"up":[{"embeddable":true,"href":"https:\/\/www.vivasana.be\/index.php\/wp-json\/wp\/v2\/pages\/4806"}],"wp:attachment":[{"href":"https:\/\/www.vivasana.be\/index.php\/wp-json\/wp\/v2\/media?parent=5157"}],"curies":[{"name":"wp","href":"https:\/\/api.w.org\/{rel}","templated":true}]}}