{"id":5151,"date":"2021-05-01T16:33:07","date_gmt":"2021-05-01T16:33:07","guid":{"rendered":"https:\/\/vivasana.be\/?page_id=5151"},"modified":"2021-05-01T16:53:18","modified_gmt":"2021-05-01T16:53:18","slug":"pourquoi-forever-living","status":"publish","type":"page","link":"https:\/\/www.vivasana.be\/index.php\/fr\/aloe-vera-fr\/pourquoi-forever-living\/","title":{"rendered":"Pourquoi Forever Living"},"content":{"rendered":"<p>[vc_row row_content_width=&#8221;grid&#8221;][vc_column]<div class=\"mkdf-elements-holder   mkdf-one-column  mkdf-responsive-mode-768 \" ><div class=\"mkdf-eh-item    \"  data-item-class=\"mkdf-eh-custom-1970\">\n\t\t<div class=\"mkdf-eh-item-inner\">\n\t\t<div class=\"mkdf-eh-item-content mkdf-eh-custom-1970\" style=\"padding: 0 0 10px\">\n\t\t\t[vc_empty_space height=&#8221;100px&#8221;]\t\t<\/div>\n\t<\/div>\n<\/div><\/div><div class=\"mkdf-elements-holder   mkdf-one-column  mkdf-responsive-mode-768 \" ><div class=\"mkdf-eh-item    \"  data-item-class=\"mkdf-eh-custom-4938\" data-1280-1600=\"0 0 10px\" data-1024-1280=\"10px 0 20px\">\n\t\t<div class=\"mkdf-eh-item-inner\">\n\t\t<div class=\"mkdf-eh-item-content mkdf-eh-custom-4938\" style=\"padding: 0 0 20px\">\n\t\t\t<div class=\"mkdf-section-title-holder  mkdf-st-standard mkdf-st-title-left mkdf-st-normal-space \" style=\"text-align: center\">\n\t<div class=\"mkdf-st-inner\">\n\t\t<img width=\"90\" height=\"90\" src=\"https:\/\/www.vivasana.be\/wp-content\/uploads\/2020\/11\/Webp.net-resizeimage-7.png\" class=\"attachment-full size-full\" alt=\"\" loading=\"lazy\" \/>\n\t\t\t\t\t<div class=\"mkdf-separator-holder clearfix\">\n\t\t\t\t<div class=\"mkdf-separator\"><\/div>\n\t\t\t<\/div>\n\t\t\t\t\t\t\t<h2 class=\"mkdf-st-title\" >\n\t\t\t\tPourquoi Forever Living\t\t\t<\/h2>\n\t\t\t\t\t<\/div>\n<\/div>\t\t<\/div>\n\t<\/div>\n<\/div><\/div><div class=\"mkdf-elements-holder   mkdf-one-column  mkdf-responsive-mode-768 \" ><div class=\"mkdf-eh-item    \"  data-item-class=\"mkdf-eh-custom-8154\" data-1280-1600=\"0 10% 0\" data-1024-1280=\"0 10% 0\"  data-680-768=\"0 3% 0\" data-680=\"0 0\">\n\t\t<div class=\"mkdf-eh-item-inner\">\n\t\t<div class=\"mkdf-eh-item-content mkdf-eh-custom-8154\" style=\"padding: 0 20% 0\">\n\t\t\t[vc_column_text]<span style=\"font-weight: 400;\">Depuis 1978 Forever Living Products est le plus grand producteur, fabricant et distributeur d&#8217;Alo\u00eb Vera au monde. Ils poss\u00e8dent leurs propres plantations, leurs unit\u00e9s de fabrication et de leur propre canal de distribution, ce qui leur permet de contr\u00f4ler l&#8217;ensemble du processus pour vous garantir la plus haute qualit\u00e9.<\/span><\/p>\n<p>&nbsp;<\/p>\n<p><b>Une production totalement int\u00e9gr\u00e9e, un contr\u00f4le continu de la qualit\u00e9.<\/b><\/p>\n<p><span style=\"font-weight: 400;\">De vastes \u00e9tendues de champs d\u00e9di\u00e9s \u00e0 la culture de l\u2019Alo\u00eb Vera et une production int\u00e9gr\u00e9e font de Forever Living Products <\/span><b>le premier producteur <\/b><span style=\"font-weight: 400;\">de Gel d\u2019Alo\u00eb Vera.<\/span><\/p>\n<p>&nbsp;<\/p>\n<p><b>Chaque \u00e9tape de la fabrication <\/b><span style=\"font-weight: 400;\">du gel d\u2019Alo\u00eb Vera est\u00a0<\/span><b>contr\u00f4l\u00e9e<\/b><span style=\"font-weight: 400;\">\u00a0pour satisfaire un niveau \u00e9lev\u00e9 d\u2019exigence et une qualit\u00e9 parfaite.<\/span>[\/vc_column_text][vc_empty_space][vc_single_image image=&#8221;3707&#8243; img_size=&#8221;large&#8221; alignment=&#8221;center&#8221;][vc_empty_space][vc_column_text]<\/p>\n<h3>Voici les \u00e9tapes importantes pour produire et pour choisir un produit \u00e0 base d\u2019Alo\u00eb Vera :<\/h3>\n<ol>\n<li><span style=\"font-weight: 400;\">La culture<\/span><\/li>\n<li><span style=\"font-weight: 400;\"> La r\u00e9colte, l\u2019extraction de la pulpe et la stabilisation du gel\u00a0<\/span><\/li>\n<li><span style=\"font-weight: 400;\">Le conditionnement<\/span><\/li>\n<li><span style=\"font-weight: 400;\">Les tests produits<\/span><\/li>\n<\/ol>\n<h4 style=\"text-align: center;\"><\/h4>\n<p>&nbsp;<\/p>\n<h5 style=\"text-align: left;\"><strong><span style=\"color: #d6b981;\">1. La culture<\/span><\/strong><\/h5>\n<p><span style=\"font-weight: 400;\">Les plantations se trouvent aux <\/span><b>\u00c9tats-Unis, au Mexique et en R\u00e9publique Dominicaine<\/b><span style=\"font-weight: 400;\">, lieux propices \u00e0\u00a0<\/span><b>l\u2019\u00e9panouissement id\u00e9al de l\u2019Alo\u00eb Vera<\/b><span style=\"font-weight: 400;\">\u00a0gr\u00e2ce \u00e0 des\u00a0<\/span><b>conditions climatiques optimales.<\/b><span style=\"font-weight: 400;\">\u00a0La moyenne annuelle des temp\u00e9ratures se situe entre 20\u00b0C et 30\u00b0C.<\/span><\/p>\n<p><span style=\"font-weight: 400;\">La chaleur et la culture consciencieuse de chaque plante d\u2019Alo\u00eb Vera font de cette mati\u00e8re premi\u00e8re v\u00e9g\u00e9tale un bien pr\u00e9cieux, une substance gorg\u00e9e de<\/span><b>\u00a0nutriments, vitamines, min\u00e9raux et acides amin\u00e9s.<\/b><\/p>\n<p><span style=\"font-weight: 400;\">Forever<\/span><b> cultive lui-m\u00eame son Alo\u00eb Vera.<\/b><span style=\"font-weight: 400;\">\u00a0Ainsi, nous sommes certains que les plantes poussent dans un milieu sain,\u00a0<\/span><b>sans aucun apport chimique.<\/b><\/p>\n<p style=\"text-align: left;\"><span style=\"font-weight: 400;\">Son usine de production \u00ab\u00a0Alo\u00eb Vera of America\u00a0\u00bb est d\u00e9tentrice de plusieurs\u00a0<\/span><b>brevets exclusifs<\/b><span style=\"font-weight: 400;\">\u00a0qui permettent notamment la\u00a0<\/span><b>stabilisation \u00e0 froid du gel d\u2019Alo\u00eb Vera.<\/b><\/p>\n<p>&nbsp;<\/p>\n<h5 style=\"text-align: left;\"><span style=\"color: #d6b981;\"><strong>2. <b>La r\u00e9colte, l\u2019extraction de la pulpe et la stabilisation du gel<\/b><\/strong><\/span><\/h5>\n<p><span style=\"font-weight: 400;\">Les feuilles sont soigneusement cueillies \u00e0 la main afin de s\u00e9lectionner uniquement les feuilles les plus matures. Gr\u00e2ce \u00e0 cette m\u00e9thode, la p\u00e9rennit\u00e9 de la plante est assur\u00e9e.<\/span><\/p>\n<p><span style=\"font-weight: 400;\">Les feuilles sont lav\u00e9es et inspect\u00e9es rigoureusement 6 heures maximum apr\u00e8s leur r\u00e9colte. Ensuite La \u00ab\u00a0pulpe\u00a0\u00bb (ou mucilage), ce gel clair et limpide qui contient les ingr\u00e9dients les plus b\u00e9n\u00e9fiques de l\u2019Alo\u00eb, est minutieusement\u00a0<\/span><b>s\u00e9par\u00e9e des feuilles<\/b><span style=\"font-weight: 400;\">\u00a0pour ne pas m\u00e9langer le gel \u00e0 une substance irritante et allerg\u00e8ne : l\u2019alo\u00efne.<\/span><\/p>\n<p><span style=\"font-weight: 400;\">Ce gel est recueilli dans des r\u00e9cipients en acier inoxydable, puis directement press\u00e9 et\u00a0<\/span><b>stabilis\u00e9 \u00e0 froid<\/b><span style=\"font-weight: 400;\">\u00a0gr\u00e2ce \u00e0 un\u00a0<\/span><b>proc\u00e9d\u00e9 unique et brevet\u00e9,<\/b><span style=\"font-weight: 400;\">\u00a0garantissant la conservation des nombreux\u00a0<\/span><b>nutriments<\/b><span style=\"font-weight: 400;\">\u00a0naturellement pr\u00e9sents dans la plante.<\/span><\/p>\n<p style=\"text-align: left;\"><span style=\"font-weight: 400;\">Le gel stabilis\u00e9 fait ensuite l\u2019objet de\u00a0<\/span><b>tests<\/b><span style=\"font-weight: 400;\">\u00a0qui garantissent un niveau de qualit\u00e9 exceptionnel.<\/span><\/p>\n<p>[\/vc_column_text][vc_empty_space][vc_single_image image=&#8221;4555&#8243; img_size=&#8221;medium&#8221; alignment=&#8221;center&#8221;][vc_empty_space][vc_column_text]<\/p>\n<h5 style=\"text-align: left;\"><span style=\"color: #d6b981;\"><strong>3. Le <b>conditionnement<\/b><\/strong><\/span><\/h5>\n<p><span style=\"font-weight: 400;\">Le Tetra Pack<\/span> <span style=\"font-weight: 400;\">est constitu\u00e9 de\u00a0<\/span><span style=\"font-weight: 400;\">6 couches<\/span><span style=\"font-weight: 400;\">\u00a0\u00e9labor\u00e9es \u00e0 partir de\u00a0mati\u00e8res premi\u00e8res recycl\u00e9es et est lui-m\u00eame 100% recyclable.\u00a0<\/span><\/p>\n<p><span style=\"font-weight: 400;\">Il prot\u00e8ge l\u2019int\u00e9grit\u00e9, la fra\u00eecheur, les qualit\u00e9s nutritionnelles et la saveur unique de l\u2019Alo\u00eb vera.<\/span><\/p>\n<p><span style=\"font-weight: 400;\">Cet emballage est\u00a0<\/span><span style=\"font-weight: 400;\">aseptique<\/span><span style=\"font-weight: 400;\">, c\u2019est-\u00e0-dire <\/span><span style=\"font-weight: 400;\">st\u00e9rilis\u00e9 avant remplissage<\/span><span style=\"font-weight: 400;\">.\u00a0<\/span><\/p>\n<p><span style=\"font-weight: 400;\">Tous les \u00e9l\u00e9ments de la cha\u00eene de production sont aussi st\u00e9riles, c\u2019est-\u00e0-dire exempts de toute bact\u00e9rie : les mat\u00e9riaux d\u2019emballage,\u00a0<\/span><\/p>\n<p><span style=\"font-weight: 400;\">les machines de conditionnement, l\u2019environnement dans lequel le conditionnement est effectu\u00e9.<\/span><\/p>\n<p><b>Ainsi, la valeur nutritive et la qualit\u00e9 du gel d\u2019Alo\u00eb Vera qu\u2019il renferme sont prot\u00e9g\u00e9s jusqu\u2019\u00e0 2 ans \u2013 et cela sans l\u2019utilisation de conservateurs.<\/b><\/p>\n<p>&nbsp;<\/p>\n<p style=\"font-weight: 400; font-size: 11px;\">De nombreuses soci\u00e9t\u00e9s surfent sur la vague de l\u2019Alo\u00eb Vera de par l\u2019engouement que conna\u00eet cette plante depuis plusieurs ann\u00e9es. La tr\u00e8s grande majorit\u00e9 des produits vendus dans le commerce \u00e0 base d\u2019Alo\u00eb Vera (magasins bio, pharmacies, boutiques, supermarch\u00e9s\u2026) sont de moindre qualit\u00e9,\u00a0car ils contiennent principalement de l\u2019eau !\u00a0Donc ne vous \u00e9tonnez pas si ces produits sont peu chers, ou inefficaces. La mention \u00ab\u00a0Alo\u00eb Vera 100% stabilis\u00e9\u00a0\u00bb\u00a0 signifie uniquement que l\u2019Alo\u00eb Vera utilis\u00e9 est stabilis\u00e9 \u00e0 100%, quel que soit le pourcentage d\u2019Alo\u00eb Vera contenu. La meilleure assurance consiste donc \u00e0\u00a0n\u2019acheter que des produits portant le\u00a0label IASC\u00a0, qui repr\u00e9sente\u00a0la meilleure garantie de qualit\u00e9\u00a0en mati\u00e8re d\u2019Alo\u00eb Vera.<\/p>\n<p>&nbsp;<\/p>\n<h5 style=\"text-align: left;\"><span style=\"color: #d6b981;\"><strong>4. Les tests produits<\/strong><\/span><\/h5>\n<p><span style=\"font-weight: 400;\">La qualit\u00e9 est une valeur essentielle chez Forever Living Products. Les unit\u00e9s de fabrication sont certifi\u00e9es selon des\u00a0<\/span><b>normes de qualit\u00e9 internationales<\/b><span style=\"font-weight: 400;\">\u00a0:<\/span><\/p>\n<ul>\n<li style=\"font-weight: 400;\" aria-level=\"1\"><span style=\"font-weight: 400;\">Leur syst\u00e8me de management environnemental est certifi\u00e9 <\/span><b>ISO 14001 <\/b><span style=\"font-weight: 400;\">pour le\u00a0<\/span><b>respect de l\u2019environnement<\/b><span style=\"font-weight: 400;\">\u00a0<\/span><span style=\"font-weight: 400;\">au cours de la fabrication <\/span><span style=\"font-weight: 400;\">des produits\u00a0;<\/span><\/li>\n<li style=\"font-weight: 400;\" aria-level=\"1\"><span style=\"font-weight: 400;\">Leur syst\u00e8me de management de la qualit\u00e9 est certifi\u00e9 <\/span><b>ISO 9001 <\/b><span style=\"font-weight: 400;\">pour des produits de\u00a0<\/span><b>qualit\u00e9 constante et garantie\u00a0<\/b><span style=\"font-weight: 400;\">;<\/span><\/li>\n<li style=\"font-weight: 400;\" aria-level=\"1\"><span style=\"font-weight: 400;\">Leur syst\u00e8me de management de la sant\u00e9 et de la s\u00e9curit\u00e9 des salari\u00e9s et certifi\u00e9 <\/span><b>ISO 18001 <\/b><span style=\"font-weight: 400;\">pour\u00a0<\/span><b>l\u2019attention port\u00e9e au bien-\u00eatre du personnel<\/b><span style=\"font-weight: 400;\">.<\/span><\/li>\n<\/ul>\n<p><span style=\"font-weight: 400;\">De telles exigences de qualit\u00e9 sont \u00e9galement reconnues par d\u2019autres instances :<\/span><\/p>\n<ul>\n<li style=\"font-weight: 400;\" aria-level=\"1\"><b>Pour leur puret\u00e9 :<\/b><span style=\"font-weight: 400;\">\u00a0les produits sont les premiers \u00e0 avoir re\u00e7u le\u00a0<\/span><b>label de qualit\u00e9 \u00ab\u00a0IASC\u00a0\u00bb<\/b><span style=\"font-weight: 400;\">\u00a0(International Alo\u00eb Science Council)\u00a0;<\/span><\/li>\n<li style=\"font-weight: 400;\" aria-level=\"1\"><span style=\"font-weight: 400;\">Les boissons \u00e0 l\u2019Alo\u00eb Vera sont\u00a0<\/span><b>garanties Kasher, Hallal\u00a0et v\u00e9gan\u00a0;<\/b><\/li>\n<li style=\"font-weight: 400;\" aria-level=\"1\"><b>Les tests dermatologiques<\/b><span style=\"font-weight: 400;\">\u00a0ont confirm\u00e9 l\u2019excellence des cosm\u00e9tiques\u00a0;<\/span><\/li>\n<li style=\"text-align: left;\"><span style=\"font-weight: 400;\">Les boissons et les suppl\u00e9ments de Forever Living ont tous \u00e9t\u00e9 <\/span><b>approuv\u00e9s par le minist\u00e8re de la sant\u00e9<\/b><span style=\"font-weight: 400;\"> (par pays) et les produits ax\u00e9s sport sont <\/span><b>repris sur la liste de Cologne<\/b><span style=\"font-weight: 400;\"> (liste anti-dopage).<\/span><\/li>\n<\/ul>\n<p>&nbsp;<\/p>\n<h3 style=\"text-align: center;\"><strong>Alo\u00eb Vera van Forever Living aanbevolen door VivaSana<\/strong><\/h3>\n<p>[\/vc_column_text][vc_empty_space][vc_single_image image=&#8221;4558&#8243; img_size=&#8221;large&#8221; alignment=&#8221;center&#8221;][vc_empty_space][vc_column_text]<\/p>\n<ul>\n<li style=\"font-weight: 400;\" aria-level=\"1\"><span style=\"font-weight: 400;\">99,7% pur gel issu des feuilles int\u00e9rieures de la plante<\/span><\/li>\n<li style=\"font-weight: 400;\" aria-level=\"1\"><span style=\"font-weight: 400;\">Riche en vitamine C*\u00a0<\/span><\/li>\n<li style=\"font-weight: 400;\" aria-level=\"1\"><span style=\"font-weight: 400;\">R\u00e9colt\u00e9 \u00e0 la main dans nos propres champs<\/span><\/li>\n<li style=\"font-weight: 400;\" aria-level=\"1\"><span style=\"font-weight: 400;\">Emballage 100% recyclable<\/span><\/li>\n<li style=\"font-weight: 400;\" aria-level=\"1\"><span style=\"font-weight: 400;\">Sans conservateurs<\/span><\/li>\n<li style=\"font-weight: 400;\" aria-level=\"1\"><span style=\"font-weight: 400;\">Sans gluten<\/span><\/li>\n<li style=\"font-weight: 400;\" aria-level=\"1\"><span style=\"font-weight: 400;\">Sans sucre<\/span><\/li>\n<li style=\"font-weight: 400;\" aria-level=\"1\"><span style=\"font-weight: 400;\">Certifi\u00e9 IASC**<\/span><span style=\"font-weight: 400;\">, <\/span><span style=\"font-weight: 400;\">Kasher, Hallal, vegan<\/span><\/li>\n<li style=\"font-weight: 400;\" aria-level=\"1\"><span style=\"font-weight: 400;\">ISO 14001 pour le respect de l\u2019environnement<\/span><\/li>\n<li style=\"font-weight: 400;\" aria-level=\"1\"><span style=\"font-weight: 400;\">ISO 9001 pour la qualit\u00e9 constante et garantie<\/span><\/li>\n<li style=\"font-weight: 400;\" aria-level=\"1\"><span style=\"font-weight: 400;\">ISO 18001 pour l\u2019attention port\u00e9e au bien-\u00eatre du personnel<\/span><\/li>\n<li style=\"font-weight: 400;\" aria-level=\"1\"><span style=\"font-weight: 400;\">ISO 17025 pour leur engagement et leur d\u00e9vouement \u00e0 fournir les produits les plus s\u00fbrs et de la plus haute qualit\u00e9.<\/span><\/li>\n<li style=\"font-weight: 400;\" aria-level=\"1\"><span style=\"font-weight: 400;\">Excellence des cosm\u00e9tiques par les Tests dermatologiques\u00a0<\/span><\/li>\n<li style=\"font-weight: 400;\" aria-level=\"1\"><span style=\"font-weight: 400;\">Produits \u00e9galement destin\u00e9s pour les animaux, mais pas test\u00e9s sur les animaux<\/span><\/li>\n<li style=\"font-weight: 400;\" aria-level=\"1\"><span style=\"font-weight: 400;\">Soci\u00e9t\u00e9 familiale depuis 1978, sans dettes et non cot\u00e9e sur la bourse\u00a0<\/span><\/li>\n<li style=\"font-weight: 400;\" aria-level=\"1\"><span style=\"font-weight: 400;\">Forever soutient Rise Against Hunger, une organisation \u00e0 but non lucratif d\u00e9di\u00e9e \u00e0 la lutte contre la faim<\/span><\/li>\n<\/ul>\n<p>&nbsp;<\/p>\n<p><span style=\"font-weight: 400;\">* l\u2019<\/span><b>Ajout de la Vitamine C<\/b><span style=\"font-weight: 400;\"> Cette vitamine est un antioxydant, qui permet de prot\u00e9ger la formule, mais qui apporte aussi de nombreux bienfaits \u00e0 l\u2019organisme.<\/span><\/p>\n<p><span style=\"font-weight: 400;\">** Le <\/span><b>Label de qualit\u00e9<\/b><span style=\"font-weight: 400;\"> IASC<\/span><\/p>\n<p>&nbsp;<\/p>\n<p><span style=\"font-weight: 400;\">Tous les produits de Forever Living portent le\u00a0<\/span><b>prestigieux label du Conseil Scientifique International de l\u2019Alo\u00eb : \u00ab\u00a0IASC\u00a0\u00bb.\u00a0<\/b><\/p>\n<p><span style=\"font-weight: 400;\">Ce label certifie que les produits contiennent\u00a0<\/span><b>\u00ab\u00a0100% de gel d\u2019Alo\u00eb Vera stabilis\u00e9\u00a0\u00bb<\/b><span style=\"font-weight: 400;\">\u00a0de la plus haute qualit\u00e9.<\/span><\/p>\n<h4><\/h4>\n<h4 style=\"text-align: center;\"><strong><span style=\"color: #d6b981;\">le label IASC r\u00e9pond \u00e0 de nombreux crit\u00e8res de qualit\u00e9:<\/span><\/strong><\/h4>\n<ul>\n<li style=\"list-style-type: none;\">\n<ul>\n<li style=\"font-weight: 400;\" aria-level=\"1\"><span style=\"font-weight: 400;\">Le gel d\u2019Alo\u00eb Vera est le\u00a0<\/span><b>1e composant<\/b><span style=\"font-weight: 400;\">\u00a0de la liste des ingr\u00e9dient (sinon vous avez de l\u2019eau ou du \u00ab\u00a0jus\u00a0\u00bb d\u2019Alo\u00eb Vera, ce qui revient \u00e0 m\u00e9langer le gel avec de l\u2019eau\u2026).<\/span><\/li>\n<li style=\"font-weight: 400;\" aria-level=\"1\"><span style=\"font-weight: 400;\">Le gel d\u2019Alo\u00eb Vera ne doit pas avoir subi d\u2019<\/span><b>oxydation<\/b><span style=\"font-weight: 400;\">\u00a0avant sa conservation (sinon les nutriments essentiels de la plante sont d\u00e9truits).<\/span><\/li>\n<li style=\"font-weight: 400;\" aria-level=\"1\"><span style=\"font-weight: 400;\">Le gel d\u2019Alo\u00eb Vera ne doit pas subir de\u00a0<\/span><b>transformation<\/b><span style=\"font-weight: 400;\">.<\/span><\/li>\n<li style=\"font-weight: 400;\" aria-level=\"1\"><span style=\"font-weight: 400;\">Le gel d\u2019Alo\u00eb Vera doit \u00eatre\u00a0<\/span><b>stabilis\u00e9 avec un proc\u00e9d\u00e9 naturel<\/b><span style=\"font-weight: 400;\">\u00a0(des composants naturels et non chimiques).<\/span><\/li>\n<li style=\"font-weight: 400;\" aria-level=\"1\"><span style=\"font-weight: 400;\">Le gel d\u2019Alo\u00eb Vera doit \u00eatre\u00a0<\/span><b>stabilis\u00e9 \u00e0 froid<\/b><span style=\"font-weight: 400;\">\u00a0(la chaleur d\u00e9truit les nutriments essentiels du gel).<\/span><\/li>\n<li style=\"font-weight: 400;\" aria-level=\"1\"><span style=\"font-weight: 400;\">Le gel d\u2019Alo\u00eb Vera doit \u00eatre\u00a0<\/span><b>extrait \u00e0 maturit\u00e9<\/b><span style=\"font-weight: 400;\">\u00a0des feuilles (pour contenir tous les nutriments \u00e0 son efficacit\u00e9).<\/span><\/li>\n<li style=\"font-weight: 400;\" aria-level=\"1\"><span style=\"font-weight: 400;\">Le gel d\u2019Alo\u00eb Vera\u00a0<\/span><b>ne doit pas contenir d\u2019alo\u00efne<\/b><span style=\"font-weight: 400;\">\u00a0(substance irritante et allerg\u00e8ne situ\u00e9e entre la feuille et le gel).<\/span><\/li>\n<li style=\"font-weight: 400;\" aria-level=\"1\"><span style=\"font-weight: 400;\">Le produit doit contenir un\u00a0<\/span><b>fort pourcentage<\/b><span style=\"font-weight: 400;\">\u00a0de gel d\u2019Alo\u00eb Vera.<\/span><\/li>\n<li style=\"font-weight: 400;\" aria-level=\"1\"><span style=\"font-weight: 400;\">L\u2019emballage doit \u00eatre trait\u00e9 avec\u00a0<\/span><b>filtres anti-UV<\/b><span style=\"font-weight: 400;\">\u00a0(sinon le gel s\u2019oxyde \u00e0 la lumi\u00e8re).<\/span><\/li>\n<li><span style=\"font-weight: 400;\">Enfin, les produits doivent \u00eatre <\/span><b>test\u00e9s<\/b><span style=\"font-weight: 400;\">\u00a0pour la qualit\u00e9 du gel et leur efficacit\u00e9.<\/span><\/li>\n<\/ul>\n<\/li>\n<\/ul>\n<p>[\/vc_column_text][vc_empty_space][vc_single_image image=&#8221;4043&#8243; img_size=&#8221;large&#8221; alignment=&#8221;center&#8221;]\t\t<\/div>\n\t<\/div>\n<\/div><\/div><div class=\"mkdf-elements-holder   mkdf-one-column  mkdf-responsive-mode-768 \" ><div class=\"mkdf-eh-item   mkdf-horizontal-alignment-center \"  data-item-class=\"mkdf-eh-custom-5394\" data-1280-1600=\"30px 0 8%\" data-1024-1280=\"40px 0 9%\" data-768-1024=\"40px 0 12%\" data-680-768=\"40px 0 34%\" data-680=\"30px 0 21%\">\n\t\t<div class=\"mkdf-eh-item-inner\">\n\t\t<div class=\"mkdf-eh-item-content mkdf-eh-custom-5394\" style=\"padding: 40px 0 20%\">\n\t\t\t\t\t<\/div>\n\t<\/div>\n<\/div><\/div>[\/vc_column][\/vc_row][vc_row][vc_column][\/vc_column][\/vc_row]<\/p>\n","protected":false},"excerpt":{"rendered":"<p>[vc_row row_content_width=&#8221;grid&#8221;][vc_column][\/vc_column][\/vc_row][vc_row][vc_column][\/vc_column][\/vc_row]<\/p>\n","protected":false},"author":1,"featured_media":0,"parent":4806,"menu_order":0,"comment_status":"closed","ping_status":"closed","template":"full-width.php","meta":[],"yoast_head":"<!-- This site is optimized with the Yoast SEO plugin v16.0.2 - https:\/\/yoast.com\/wordpress\/plugins\/seo\/ -->\n<title>Pourquoi Forever Living - Vivasana<\/title>\n<link rel=\"canonical\" href=\"https:\/\/www.vivasana.be\/index.php\/fr\/aloe-vera-fr\/pourquoi-forever-living\/\" \/>\n<meta property=\"og:locale\" content=\"en_GB\" \/>\n<meta property=\"og:type\" content=\"article\" \/>\n<meta property=\"og:title\" content=\"Pourquoi Forever Living - Vivasana\" \/>\n<meta property=\"og:description\" content=\"[vc_row row_content_width=&#8221;grid&#8221;][vc_column][\/vc_column][\/vc_row][vc_row][vc_column][\/vc_column][\/vc_row]\" \/>\n<meta property=\"og:url\" content=\"https:\/\/www.vivasana.be\/index.php\/fr\/aloe-vera-fr\/pourquoi-forever-living\/\" \/>\n<meta property=\"og:site_name\" content=\"Vivasana\" \/>\n<meta property=\"article:modified_time\" content=\"2021-05-01T16:53:18+00:00\" \/>\n<meta name=\"twitter:card\" content=\"summary_large_image\" \/>\n<meta name=\"twitter:label1\" content=\"Estimated reading time\">\n\t<meta name=\"twitter:data1\" content=\"6 minutes\">\n<script type=\"application\/ld+json\" class=\"yoast-schema-graph\">{\"@context\":\"https:\/\/schema.org\",\"@graph\":[{\"@type\":[\"Person\",\"Organization\"],\"@id\":\"https:\/\/www.vivasana.be\/#\/schema\/person\/bf80a11fba06a1a649b56ee60f48f140\",\"name\":\"vivasana\",\"image\":{\"@type\":\"ImageObject\",\"@id\":\"https:\/\/www.vivasana.be\/#personlogo\",\"inLanguage\":\"en-GB\",\"url\":\"https:\/\/secure.gravatar.com\/avatar\/92d9ea7bd8b34298fad83acbfa01a197?s=96&d=mm&r=g\",\"caption\":\"vivasana\"},\"logo\":{\"@id\":\"https:\/\/www.vivasana.be\/#personlogo\"}},{\"@type\":\"WebSite\",\"@id\":\"https:\/\/www.vivasana.be\/#website\",\"url\":\"https:\/\/www.vivasana.be\/\",\"name\":\"Vivasana\",\"description\":\"Healing studio for physical and emotional release, based on a holistic Hawaiian approach.\",\"publisher\":{\"@id\":\"https:\/\/www.vivasana.be\/#\/schema\/person\/bf80a11fba06a1a649b56ee60f48f140\"},\"potentialAction\":[{\"@type\":\"SearchAction\",\"target\":\"https:\/\/www.vivasana.be\/?s={search_term_string}\",\"query-input\":\"required name=search_term_string\"}],\"inLanguage\":\"en-GB\"},{\"@type\":\"WebPage\",\"@id\":\"https:\/\/www.vivasana.be\/index.php\/fr\/aloe-vera-fr\/pourquoi-forever-living\/#webpage\",\"url\":\"https:\/\/www.vivasana.be\/index.php\/fr\/aloe-vera-fr\/pourquoi-forever-living\/\",\"name\":\"Pourquoi Forever Living - Vivasana\",\"isPartOf\":{\"@id\":\"https:\/\/www.vivasana.be\/#website\"},\"datePublished\":\"2021-05-01T16:33:07+00:00\",\"dateModified\":\"2021-05-01T16:53:18+00:00\",\"breadcrumb\":{\"@id\":\"https:\/\/www.vivasana.be\/index.php\/fr\/aloe-vera-fr\/pourquoi-forever-living\/#breadcrumb\"},\"inLanguage\":\"en-GB\",\"potentialAction\":[{\"@type\":\"ReadAction\",\"target\":[\"https:\/\/www.vivasana.be\/index.php\/fr\/aloe-vera-fr\/pourquoi-forever-living\/\"]}]},{\"@type\":\"BreadcrumbList\",\"@id\":\"https:\/\/www.vivasana.be\/index.php\/fr\/aloe-vera-fr\/pourquoi-forever-living\/#breadcrumb\",\"itemListElement\":[{\"@type\":\"ListItem\",\"position\":1,\"item\":{\"@type\":\"WebPage\",\"@id\":\"https:\/\/www.vivasana.be\/index.php\/en\/main-home\/\",\"url\":\"https:\/\/www.vivasana.be\/index.php\/en\/main-home\/\",\"name\":\"Home\"}},{\"@type\":\"ListItem\",\"position\":2,\"item\":{\"@type\":\"WebPage\",\"@id\":\"https:\/\/www.vivasana.be\/index.php\/fr\/aloe-vera-fr\/\",\"url\":\"https:\/\/www.vivasana.be\/index.php\/fr\/aloe-vera-fr\/\",\"name\":\"Aloe Vera\"}},{\"@type\":\"ListItem\",\"position\":3,\"item\":{\"@type\":\"WebPage\",\"@id\":\"https:\/\/www.vivasana.be\/index.php\/fr\/aloe-vera-fr\/pourquoi-forever-living\/\",\"url\":\"https:\/\/www.vivasana.be\/index.php\/fr\/aloe-vera-fr\/pourquoi-forever-living\/\",\"name\":\"Pourquoi Forever Living\"}}]}]}<\/script>\n<!-- \/ Yoast SEO plugin. -->","_links":{"self":[{"href":"https:\/\/www.vivasana.be\/index.php\/wp-json\/wp\/v2\/pages\/5151"}],"collection":[{"href":"https:\/\/www.vivasana.be\/index.php\/wp-json\/wp\/v2\/pages"}],"about":[{"href":"https:\/\/www.vivasana.be\/index.php\/wp-json\/wp\/v2\/types\/page"}],"author":[{"embeddable":true,"href":"https:\/\/www.vivasana.be\/index.php\/wp-json\/wp\/v2\/users\/1"}],"replies":[{"embeddable":true,"href":"https:\/\/www.vivasana.be\/index.php\/wp-json\/wp\/v2\/comments?post=5151"}],"version-history":[{"count":2,"href":"https:\/\/www.vivasana.be\/index.php\/wp-json\/wp\/v2\/pages\/5151\/revisions"}],"predecessor-version":[{"id":5154,"href":"https:\/\/www.vivasana.be\/index.php\/wp-json\/wp\/v2\/pages\/5151\/revisions\/5154"}],"up":[{"embeddable":true,"href":"https:\/\/www.vivasana.be\/index.php\/wp-json\/wp\/v2\/pages\/4806"}],"wp:attachment":[{"href":"https:\/\/www.vivasana.be\/index.php\/wp-json\/wp\/v2\/media?parent=5151"}],"curies":[{"name":"wp","href":"https:\/\/api.w.org\/{rel}","templated":true}]}}