{"id":5008,"date":"2021-03-06T20:37:46","date_gmt":"2021-03-06T20:37:46","guid":{"rendered":"https:\/\/vivasana.be\/?page_id=5008"},"modified":"2021-04-22T16:05:07","modified_gmt":"2021-04-22T16:05:07","slug":"neurostimulation","status":"publish","type":"page","link":"https:\/\/www.vivasana.be\/index.php\/fr\/gestion-douleur\/neurostimulation\/","title":{"rendered":"Neurostimulation"},"content":{"rendered":"<p>[vc_row row_content_width=&#8221;grid&#8221; content_text_aligment=&#8221;center&#8221;][vc_column]<div class=\"mkdf-elements-holder   mkdf-one-column  mkdf-responsive-mode-768 \" ><div class=\"mkdf-eh-item    \"  data-item-class=\"mkdf-eh-custom-8364\" data-1280-1600=\"10% 10% 0\" data-1024-1280=\"10% 10% 0\" data-768-1024=\"10% 10% 0\" data-680-768=\"36% 8% 0\" data-680=\"26% 0 0\">\n\t\t<div class=\"mkdf-eh-item-inner\">\n\t\t<div class=\"mkdf-eh-item-content mkdf-eh-custom-8364\" style=\"padding: 10% 16% 0\">\n\t\t\t<div class=\"mkdf-section-title-holder  mkdf-st-standard mkdf-st-title-left mkdf-st-normal-space \" style=\"text-align: center\">\n\t<div class=\"mkdf-st-inner\">\n\t\t<img width=\"90\" height=\"90\" src=\"https:\/\/www.vivasana.be\/wp-content\/uploads\/2020\/11\/Webp.net-resizeimage-7.png\" class=\"attachment-full size-full\" alt=\"\" loading=\"lazy\" \/>\n\t\t\t\t\t<div class=\"mkdf-separator-holder clearfix\">\n\t\t\t\t<div class=\"mkdf-separator\"><\/div>\n\t\t\t<\/div>\n\t\t\t\t\t\t\t<h2 class=\"mkdf-st-title\" >\n\t\t\t\tNeurostimulation\t\t\t<\/h2>\n\t\t\t\t\t<\/div>\n<\/div>[vc_empty_space][vc_single_image image=&#8221;3495&#8243; img_size=&#8221;medium&#8221; alignment=&#8221;center&#8221;][vc_empty_space][vc_column_text]<\/p>\n<p style=\"text-align: left;\"><span style=\"font-weight: 400;\">InterX est \u00e0 peine connu en Belgique. Bien qu&#8217;il soit utilis\u00e9 dans la <\/span><span style=\"font-weight: 400;\">m\u00e9decine traditionnelle et le sport de haut niveau<\/span><span style=\"font-weight: 400;\"> depuis des ann\u00e9es aux \u00c9tats-Unis et en Angleterre. Non pas comme une th\u00e9rapie alternative, mais comme une m\u00e9thode m\u00e9dicale* efficace de soulagement de la douleur avec des r\u00e9sultats \u00e9tonnants. InterX a \u00e9t\u00e9 invent\u00e9 dans les ann\u00e9es 1970 pour aider les astronautes \u00e0 se soigner eux-m\u00eames lors de leurs voyages dans l&#8217;espace.<\/span><\/p>\n<p style=\"text-align: left;\"><span style=\"font-weight: 400;\">InterX\u2122 therapy est une th\u00e9rapie de neurostimulation interactive non-invasive pour le traitement des <\/span><b>douleurs post-traumatiques, chroniques et neuropathiques<\/b><span style=\"font-weight: 400;\">. Il renforce notre syst\u00e8me immunitaire* (\u00e9tude 1), il active notre <\/span><b>syst\u00e8me nerveux parasympathique <\/b><span style=\"font-weight: 400;\">qui assure une sensation de calme et de d\u00e9tente dans le corps et l&#8217;esprit: <\/span><b>moins d&#8217;anxi\u00e9t\u00e9, moins de stress, une meilleure digestion et un meilleur sommeil.<\/b><\/p>\n<p style=\"text-align: left;\"><span style=\"font-weight: 400;\">Des r\u00e9sultats remarquables ont \u00e9t\u00e9 d\u00e9montr\u00e9s par des \u00e9tudes et sont utilis\u00e9s par de nombreux h\u00f4pitaux et organisations sportives dans le monde.<\/span><\/p>\n<p>&nbsp;<\/p>\n<p style=\"text-align: left;\"><span style=\"font-weight: 400;\"><u>Comment \u00e7a marche?<\/u><\/span><\/p>\n<p style=\"text-align: left;\"><span style=\"font-weight: 400;\">La technologie est bas\u00e9e sur l&#8217;ancestral <\/span><b>&#8220;tapping tib\u00e9tain<\/b><span style=\"font-weight: 400;\">&#8220;, mais au lieu de taper avec les doigts, InterX utilise des impulsions \u00e9lectriques \u00e0 des fr\u00e9quences sp\u00e9cifiques. C&#8217;est un traitement tout en s\u00e9curit\u00e9 car la stimulation est tr\u00e8s pr\u00e9cise, \u00e0 l&#8217;endroit exact, avec une intensit\u00e9 et des temps optimaux dos\u00e9s sans sur-stimulation. La stimulation est limit\u00e9e \u00e0 la peau uniquement (elle peut donc aussi \u00eatre utilis\u00e9e avec des proth\u00e8ses de hanche\/genou). InterX \u2122 fournit un acc\u00e8s imm\u00e9diat \u00e0 des endroits sp\u00e9cifiques, avec une faible imp\u00e9dance, <\/span><b>raccourcissant la p\u00e9riode de r\u00e9adaptation.<\/b><\/p>\n<h4 style=\"text-align: left;\"><b><i><span style=\"color: #d6b981;\">INTERX POUR LA DOULEUR POST-TRAUMATIQUE, CHRONIQUE ET NEUROPATHique\u00a0<\/span><\/i><\/b><\/h4>\n<p>[\/vc_column_text][vc_empty_space][vc_single_image image=&#8221;4732&#8243; img_size=&#8221;large&#8221; alignment=&#8221;center&#8221;][vc_empty_space][vc_column_text]<\/p>\n<p style=\"text-align: left;\"><span style=\"font-weight: 400;\">Dans l\u2019ensemble, la th\u00e9rapie InterX\u2122 favorise la gu\u00e9rison de votre corps et procure un soulagement durable de la douleur naturellement, sans effets secondaires.<\/span><\/p>\n<p>&nbsp;<\/p>\n<p style=\"text-align: left;\"><span style=\"font-weight: 400;\">InterX a \u00e9t\u00e9 cliniquement test\u00e9 pour:\u00a0<\/span><\/p>\n<ul style=\"text-align: left;\">\n<li><span style=\"font-weight: 400;\">Raccourcir le temps de r\u00e9\u00e9ducation pour les blessures aigu\u00ebs et chroniques<\/span><\/li>\n<li><span style=\"font-weight: 400;\">Soulager les douleurs postop\u00e9ratoires<\/span><\/li>\n<li><span style=\"font-weight: 400;\">Att\u00e9nuer la douleur, permettant une plus grande libert\u00e9 de mouvement<\/span><\/li>\n<li><span style=\"font-weight: 400;\">Faciliter la relaxation musculaire, la r\u00e9duction des crampes et des spasmes musculaires<\/span><\/li>\n<li><span style=\"font-weight: 400;\">Am\u00e9liorer la r\u00e9\u00e9ducation neuro-musculaire<\/span><\/li>\n<\/ul>\n<p>&nbsp;<\/p>\n<h3 style=\"text-align: left;\"><span style=\"text-decoration: underline;\"><span style=\"font-weight: 400;\">Les athl\u00e8tes utilisent InterX pour am\u00e9liorer leurs performances et r\u00e9cup\u00e9rer plus rapidement:<\/span><\/span><\/h3>\n<p style=\"text-align: left;\"><span style=\"font-weight: 400;\">L&#8217;un des avantages d&#8217;InterX est la <\/span><b>vari\u00e9t\u00e9 de blessures et autres traumatismes qu&#8217;il peut traiter<\/b><span style=\"font-weight: 400;\">. (\u00e9tude 2) C&#8217;est pourquoi des <\/span><b>athl\u00e8tes de haut niveau et des clubs sportifs professionnels du monde<\/b><span style=\"font-weight: 400;\"> entier utilisent InterX \u2122 chaque jour. Et en ce qui concerne la r\u00e9cup\u00e9ration et la r\u00e9\u00e9ducation, les r\u00e9sultats montrent que les athl\u00e8tes sont non seulement plus performants gr\u00e2ce \u00e0 cette neurostimulation non invasive, mais peuvent \u00e9galement <\/span><b>faire de l&#8217;exercice plus rapidement apr\u00e8s une blessure<\/b><span style=\"font-weight: 400;\">.<\/span><\/p>\n<p style=\"text-align: left;\"><span style=\"font-weight: 400;\">En savoir plus \u00e0 ce sujet via ce lien <\/span><a href=\"https:\/\/www.interx.com\/pain-relief-devices\/for-sports-teams\/\"><span style=\"font-weight: 400;\">https:\/\/www.interx.com\/pain-relief-devices\/for-sports-teams\/<\/span><\/a><\/p>\n<p>[\/vc_column_text][vc_empty_space][vc_single_image image=&#8221;4731&#8243; img_size=&#8221;large&#8221; alignment=&#8221;center&#8221;][vc_empty_space][vc_column_text]<\/p>\n<p style=\"text-align: left;\"><span style=\"text-decoration: underline;\"><span style=\"font-weight: 400;\">Les traitements\u00a0<\/span><\/span><\/p>\n<p style=\"text-align: left;\"><span style=\"font-weight: 400;\">En g\u00e9n\u00e9ral, un bon r\u00e9sultat n\u00e9cessite plus d&#8217;un traitement. Habituellement, 30 \u00e0 45 minutes peuvent suffire \u00e0 soulager la douleur aigu\u00eb. Les traitements vont de une session (aigu) \u00e0 six sessions ou plus pour la douleur chronique.<\/span><\/p>\n<p style=\"text-align: left;\"><span style=\"font-weight: 400;\">InterX \u2122 peut \u00eatre utilis\u00e9 comme th\u00e9rapie autonome ou en combinaison avec d&#8217;autres traitements. Il est \u00e9galement utilis\u00e9 pour activer les m\u00e9ridiens (acupuncture sans aiguilles).<\/span><\/p>\n<p style=\"text-align: left;\"><span style=\"font-weight: 400;\">Si vous souhaitez utiliser un appareil InterX personnel ou professionnel, renseignez-vous via le formulaire de contact <\/span><\/p>\n<p>[\/vc_column_text][vc_empty_space][vc_single_image image=&#8221;4733&#8243; img_size=&#8221;large&#8221; alignment=&#8221;center&#8221;][vc_empty_space][vc_column_text]<\/p>\n<h3 style=\"text-align: left;\"><span style=\"text-decoration: underline;\"><span style=\"font-weight: 400;\">T\u00e9moignages de m\u00e9decins<\/span><\/span><\/h3>\n<p style=\"text-align: left;\"><span style=\"font-weight: 400;\">\u00abJ&#8217;utilise InterX depuis plus d&#8217;un an maintenant et j&#8217;ai \u00e9t\u00e9 tr\u00e8s impressionn\u00e9 par les r\u00e9sultats. Il serait bon que cet appareil devienne plus largement disponible et que d&#8217;autres m\u00e9decins et th\u00e9rapeutes b\u00e9n\u00e9ficient de l&#8217;utilisation d&#8217;InterX comme aide dans le traitement des douleurs musculo-squelettiques chroniques \u00bb. Dr. Steve Motto &#8211; M\u00e9decin du sport et de l&#8217;appareil locomoteur, London Bridge Hospital, Londres.<\/span><\/p>\n<p style=\"text-align: left;\"><span style=\"font-weight: 400;\">\u00abAu d\u00e9but, j&#8217;avais des doutes \u00e0 ce sujet, mais j&#8217;utilise InterX depuis un an et compte tenu de ses r\u00e9sultats positifs, je l&#8217;utilise maintenant r\u00e9guli\u00e8rement dans le cadre de mes traitements. InterX est de plus en plus utilis\u00e9 par mon \u00e9quipe et nous en sommes \u00e0 100%. \u00bb Kim Hobbs &#8211; Physioth\u00e9rapeute, Sports Dimensions Ltd, Londres<\/span><\/p>\n<p style=\"text-align: left;\"><span style=\"font-weight: 400;\">\u00abLa technologie InterX est non invasive, facile \u00e0 utiliser et donne des r\u00e9sultats\u00bb. Dr. Gerhard Maale &#8211; Oncologue orthop\u00e9dique, H\u00f4pital presbyt\u00e9rien, Dallas.<\/span><\/p>\n<h3 style=\"text-align: left;\"><span style=\"text-decoration: underline;\"><span style=\"font-weight: 400;\">T\u00e9moignages des patients<\/span><\/span><\/h3>\n<p style=\"text-align: left;\"><span style=\"font-weight: 400;\">Douleur \u00e0 l\u2019\u00e9paule\u00a0 <\/span><a href=\"https:\/\/www.interx.com\/diagnosis\/shoulder-paing\/\"><span style=\"font-weight: 400;\">https:\/\/www.interx.com\/diagnosis\/shoulder-paing\/<\/span><\/a><\/p>\n<p style=\"text-align: left;\"><span style=\"font-weight: 400;\">Traitements pour SDRC (complex regional pain syndrome)\u00a0 <\/span><a href=\"https:\/\/www.interx.com\/diagnosis\/crps-rsd-treatment\/\"><span style=\"font-weight: 400;\">https:\/\/www.interx.com\/diagnosis\/crps-rsd-treatment\/<\/span><\/a><\/p>\n<p style=\"text-align: left;\"><span style=\"font-weight: 400;\">Sacrum et Coccyx <\/span><a href=\"https:\/\/www.interx.com\/diagnosis\/sacrum-and-coccyx\/\"><span style=\"font-weight: 400;\">https:\/\/www.interx.com\/diagnosis\/sacrum-and-coccyx\/<\/span><\/a><\/p>\n<p style=\"text-align: left;\"><span style=\"font-weight: 400;\">Enflements des vert\u00e8bres\u00a0 <\/span><a href=\"https:\/\/www.interx.com\/diagnosis\/disc-bulges\/\"><span style=\"font-weight: 400;\">https:\/\/www.interx.com\/diagnosis\/disc-bulges\/<\/span><\/a><\/p>\n<p style=\"text-align: left;\"><span style=\"font-weight: 400;\">Mal de dos postop\u00e9ratoire\u00a0 <\/span><a href=\"https:\/\/www.interx.com\/diagnosis\/back-pain-after-surgery\/\"><span style=\"font-weight: 400;\">https:\/\/www.interx.com\/diagnosis\/back-pain-after-surgery\/<\/span><\/a><\/p>\n<p>&nbsp;<\/p>\n<p style=\"text-align: left;\"><span style=\"font-weight: 400;\">* Certification CE et FDA en tant qu&#8217;appareil de GESTION DE LA DOULEUR &#8211; ISO 13485 &#8211; Conforme \u00e0 la directive europ\u00e9enne sur les dispositifs m\u00e9dicaux. InterX a \u00e9t\u00e9 utilis\u00e9 efficacement pour traiter des milliers de personnes dans le monde.<\/span><\/p>\n<h3 style=\"text-align: left;\"><span style=\"text-decoration: underline;\"><span style=\"font-weight: 400;\">Technologie brevet\u00e9e<\/span><\/span><\/h3>\n<p style=\"text-align: left;\"><span style=\"font-weight: 400;\">Les appareils InterX et les \u00e9lectrodes accessoires sont la seule technologie brevet\u00e9e de ce type. Le brevet num\u00e9ro 9 630 003 B2 couvre le syst\u00e8me de neurostimulation interactif non invasif InterX, y compris les appareils 5002 et 1000 et tous les accessoires. Nous sommes un fabricant de dispositifs m\u00e9dicaux enregistr\u00e9. Les produits sont approuv\u00e9s par la FDA pour le soulagement et la gestion de la douleur. Les produits sont certifi\u00e9s UL \/ CSA. Les produits sont conformes aux sp\u00e9cifications de s\u00e9curit\u00e9 \u00e9lectrique CEI 60601 applicables. Les produits sont conformes \u00e0 la directive europ\u00e9enne sur les dispositifs m\u00e9dicaux (MDD)<\/span><\/p>\n<p>&nbsp;<\/p>\n<p>&nbsp;<\/p>\n<p style=\"text-align: left;\"><span style=\"font-weight: 400;\">Etudes<\/span><span style=\"font-weight: 400;\">:<\/span><\/p>\n<ol>\n<li style=\"text-align: left;\" aria-level=\"1\">Scientific research to examine the physiological effects of InterX Therapy in humans: Changes in Lymphocyte Metabolism, Gene Expression and Cytokine production following Transdermal Interactive Neurostimulation: indicators of Connective Tissue Healing and Anti-inflammatory activity <a style=\"letter-spacing: 0.025em;\" href=\"https:\/\/interxclinic.us14.list-manage.com\/track\/click?u=0a70aef5a3170796ff3846c34&amp;id=5202fc057d&amp;e=6cfe4b06ae\">http:\/\/interxclinic.com\/wp-content\/uploads\/2011\/12\/Blood-study.pdf<\/a><span style=\"font-weight: 400;\">\u00a0<\/span><\/li>\n<li style=\"text-align: left;\" aria-level=\"1\">Non-invasive neuromodulation for the treatment of the most difficult pain conditions. <a style=\"letter-spacing: 0.025em;\" href=\"https:\/\/www.practicalpainmanagement.com\/treatments\/interventional\/stimulators\/product-review-non-invasive-neuromodulation-treatment-most-dif\">https:\/\/www.practicalpainmanagement.com\/treatments\/interventional\/stimulators\/product-review-non-invasive-neuromodulation-treatment-most-dif<\/a><\/li>\n<\/ol>\n<p>[\/vc_column_text][vc_empty_space height=&#8221;20px&#8221;][vc_media_grid element_width=&#8221;6&#8243; grid_id=&#8221;vc_gid:1619107494681-3e6e17b6-b5ed-2&#8243; include=&#8221;4735,4734&#8243;]\t\t<\/div>\n\t<\/div>\n<\/div><\/div><div class=\"mkdf-elements-holder   mkdf-one-column  mkdf-responsive-mode-768 \" ><div class=\"mkdf-eh-item   mkdf-horizontal-alignment-center \"  data-item-class=\"mkdf-eh-custom-4932\" data-1280-1600=\"5% 20% 12.1%\" data-1024-1280=\"4% 19% 11%\" data-768-1024=\"5% 7% 16%\" data-680-768=\"7% 7% 35.5%\" data-680=\"20% 0% 28.5%\">\n\t\t<div class=\"mkdf-eh-item-inner\">\n\t\t<div class=\"mkdf-eh-item-content mkdf-eh-custom-4932\" style=\"padding: 3% 20% 28.5%\">\n\t\t\t<div class=\"mkdf-separator-holder clearfix  mkdf-separator-center \">\n\t<div class=\"mkdf-separator\" style=\"border-color: #dd9933;width: 1px;border-bottom-width: 1px\"><\/div>\n<\/div>\n\t\t<\/div>\n\t<\/div>\n<\/div><\/div>[\/vc_column][\/vc_row][vc_row][vc_column][\/vc_column][\/vc_row]<\/p>\n","protected":false},"excerpt":{"rendered":"<p>[vc_row row_content_width=&#8221;grid&#8221; content_text_aligment=&#8221;center&#8221;][vc_column][\/vc_column][\/vc_row][vc_row][vc_column][\/vc_column][\/vc_row]<\/p>\n","protected":false},"author":1,"featured_media":0,"parent":5004,"menu_order":0,"comment_status":"closed","ping_status":"closed","template":"full-width.php","meta":[],"yoast_head":"<!-- This site is optimized with the Yoast SEO plugin v16.0.2 - https:\/\/yoast.com\/wordpress\/plugins\/seo\/ -->\n<title>Neurostimulation - Vivasana<\/title>\n<link rel=\"canonical\" href=\"https:\/\/www.vivasana.be\/index.php\/fr\/gestion-douleur\/neurostimulation\/\" \/>\n<meta property=\"og:locale\" content=\"en_GB\" \/>\n<meta property=\"og:type\" content=\"article\" \/>\n<meta property=\"og:title\" content=\"Neurostimulation - Vivasana\" \/>\n<meta property=\"og:description\" content=\"[vc_row row_content_width=&#8221;grid&#8221; content_text_aligment=&#8221;center&#8221;][vc_column][\/vc_column][\/vc_row][vc_row][vc_column][\/vc_column][\/vc_row]\" \/>\n<meta property=\"og:url\" content=\"https:\/\/www.vivasana.be\/index.php\/fr\/gestion-douleur\/neurostimulation\/\" \/>\n<meta property=\"og:site_name\" content=\"Vivasana\" \/>\n<meta property=\"article:modified_time\" content=\"2021-04-22T16:05:07+00:00\" \/>\n<meta name=\"twitter:card\" content=\"summary_large_image\" \/>\n<meta name=\"twitter:label1\" content=\"Estimated reading time\">\n\t<meta name=\"twitter:data1\" content=\"5 minutes\">\n<script type=\"application\/ld+json\" class=\"yoast-schema-graph\">{\"@context\":\"https:\/\/schema.org\",\"@graph\":[{\"@type\":[\"Person\",\"Organization\"],\"@id\":\"https:\/\/www.vivasana.be\/#\/schema\/person\/bf80a11fba06a1a649b56ee60f48f140\",\"name\":\"vivasana\",\"image\":{\"@type\":\"ImageObject\",\"@id\":\"https:\/\/www.vivasana.be\/#personlogo\",\"inLanguage\":\"en-GB\",\"url\":\"https:\/\/secure.gravatar.com\/avatar\/92d9ea7bd8b34298fad83acbfa01a197?s=96&d=mm&r=g\",\"caption\":\"vivasana\"},\"logo\":{\"@id\":\"https:\/\/www.vivasana.be\/#personlogo\"}},{\"@type\":\"WebSite\",\"@id\":\"https:\/\/www.vivasana.be\/#website\",\"url\":\"https:\/\/www.vivasana.be\/\",\"name\":\"Vivasana\",\"description\":\"Healing studio for physical and emotional release, based on a holistic Hawaiian approach.\",\"publisher\":{\"@id\":\"https:\/\/www.vivasana.be\/#\/schema\/person\/bf80a11fba06a1a649b56ee60f48f140\"},\"potentialAction\":[{\"@type\":\"SearchAction\",\"target\":\"https:\/\/www.vivasana.be\/?s={search_term_string}\",\"query-input\":\"required name=search_term_string\"}],\"inLanguage\":\"en-GB\"},{\"@type\":\"WebPage\",\"@id\":\"https:\/\/www.vivasana.be\/index.php\/fr\/gestion-douleur\/neurostimulation\/#webpage\",\"url\":\"https:\/\/www.vivasana.be\/index.php\/fr\/gestion-douleur\/neurostimulation\/\",\"name\":\"Neurostimulation - Vivasana\",\"isPartOf\":{\"@id\":\"https:\/\/www.vivasana.be\/#website\"},\"datePublished\":\"2021-03-06T20:37:46+00:00\",\"dateModified\":\"2021-04-22T16:05:07+00:00\",\"breadcrumb\":{\"@id\":\"https:\/\/www.vivasana.be\/index.php\/fr\/gestion-douleur\/neurostimulation\/#breadcrumb\"},\"inLanguage\":\"en-GB\",\"potentialAction\":[{\"@type\":\"ReadAction\",\"target\":[\"https:\/\/www.vivasana.be\/index.php\/fr\/gestion-douleur\/neurostimulation\/\"]}]},{\"@type\":\"BreadcrumbList\",\"@id\":\"https:\/\/www.vivasana.be\/index.php\/fr\/gestion-douleur\/neurostimulation\/#breadcrumb\",\"itemListElement\":[{\"@type\":\"ListItem\",\"position\":1,\"item\":{\"@type\":\"WebPage\",\"@id\":\"https:\/\/www.vivasana.be\/index.php\/en\/main-home\/\",\"url\":\"https:\/\/www.vivasana.be\/index.php\/en\/main-home\/\",\"name\":\"Home\"}},{\"@type\":\"ListItem\",\"position\":2,\"item\":{\"@type\":\"WebPage\",\"@id\":\"https:\/\/www.vivasana.be\/index.php\/fr\/gestion-douleur\/\",\"url\":\"https:\/\/www.vivasana.be\/index.php\/fr\/gestion-douleur\/\",\"name\":\"Gestion douleur\"}},{\"@type\":\"ListItem\",\"position\":3,\"item\":{\"@type\":\"WebPage\",\"@id\":\"https:\/\/www.vivasana.be\/index.php\/fr\/gestion-douleur\/neurostimulation\/\",\"url\":\"https:\/\/www.vivasana.be\/index.php\/fr\/gestion-douleur\/neurostimulation\/\",\"name\":\"Neurostimulation\"}}]}]}<\/script>\n<!-- \/ Yoast SEO plugin. -->","_links":{"self":[{"href":"https:\/\/www.vivasana.be\/index.php\/wp-json\/wp\/v2\/pages\/5008"}],"collection":[{"href":"https:\/\/www.vivasana.be\/index.php\/wp-json\/wp\/v2\/pages"}],"about":[{"href":"https:\/\/www.vivasana.be\/index.php\/wp-json\/wp\/v2\/types\/page"}],"author":[{"embeddable":true,"href":"https:\/\/www.vivasana.be\/index.php\/wp-json\/wp\/v2\/users\/1"}],"replies":[{"embeddable":true,"href":"https:\/\/www.vivasana.be\/index.php\/wp-json\/wp\/v2\/comments?post=5008"}],"version-history":[{"count":10,"href":"https:\/\/www.vivasana.be\/index.php\/wp-json\/wp\/v2\/pages\/5008\/revisions"}],"predecessor-version":[{"id":5125,"href":"https:\/\/www.vivasana.be\/index.php\/wp-json\/wp\/v2\/pages\/5008\/revisions\/5125"}],"up":[{"embeddable":true,"href":"https:\/\/www.vivasana.be\/index.php\/wp-json\/wp\/v2\/pages\/5004"}],"wp:attachment":[{"href":"https:\/\/www.vivasana.be\/index.php\/wp-json\/wp\/v2\/media?parent=5008"}],"curies":[{"name":"wp","href":"https:\/\/api.w.org\/{rel}","templated":true}]}}