{"id":4988,"date":"2021-03-06T18:01:38","date_gmt":"2021-03-06T18:01:38","guid":{"rendered":"https:\/\/vivasana.be\/?page_id=4988"},"modified":"2021-03-06T20:20:47","modified_gmt":"2021-03-06T20:20:47","slug":"autres","status":"publish","type":"page","link":"https:\/\/www.vivasana.be\/index.php\/fr\/traitements\/autres\/","title":{"rendered":"Autres"},"content":{"rendered":"<p>[vc_row row_content_width=&#8221;grid&#8221;][vc_column]<div class=\"mkdf-elements-holder   mkdf-one-column  mkdf-responsive-mode-768 \" ><div class=\"mkdf-eh-item    \"  data-item-class=\"mkdf-eh-custom-9618\" data-1280-1600=\"0 0 10px\" data-1024-1280=\"10px 0 20px\">\n\t\t<div class=\"mkdf-eh-item-inner\">\n\t\t<div class=\"mkdf-eh-item-content mkdf-eh-custom-9618\" style=\"padding: 0 0 20px\">\n\t\t\t[vc_empty_space height=&#8221;100px&#8221;]<div class=\"mkdf-section-title-holder  mkdf-st-standard mkdf-st-title-left mkdf-st-normal-space \" style=\"text-align: center\">\n\t<div class=\"mkdf-st-inner\">\n\t\t<img width=\"90\" height=\"90\" src=\"https:\/\/www.vivasana.be\/wp-content\/uploads\/2020\/11\/Webp.net-resizeimage-7.png\" class=\"attachment-full size-full\" alt=\"\" loading=\"lazy\" \/>\n\t\t\t\t\t<div class=\"mkdf-separator-holder clearfix\">\n\t\t\t\t<div class=\"mkdf-separator\"><\/div>\n\t\t\t<\/div>\n\t\t\t\t\t\t\t<h2 class=\"mkdf-st-title\" >\n\t\t\t\tAutres\t\t\t<\/h2>\n\t\t\t\t\t<\/div>\n<\/div>\t\t<\/div>\n\t<\/div>\n<\/div><\/div><div class=\"mkdf-elements-holder   mkdf-one-column  mkdf-responsive-mode-768 \" ><div class=\"mkdf-eh-item   mkdf-horizontal-alignment-center \"  data-item-class=\"mkdf-eh-custom-2849\" data-1280-1600=\"0 0 10px\" data-1024-1280=\"10px 0 20px\">\n\t\t<div class=\"mkdf-eh-item-inner\">\n\t\t<div class=\"mkdf-eh-item-content mkdf-eh-custom-2849\" style=\"padding: 0 0 20px\">\n\t\t\t[vc_empty_space height=&#8221;50px&#8221;]<a itemprop=\"url\" href=\"https:\/\/vivasana.be\/index.php\/treatments\/other#aroma-raindrop\" target=\"_self\" style=\"padding: 16px 149px\" class=\"mkdf-btn mkdf-btn-medium mkdf-btn-solid\"  >\n    <span class=\"mkdf-btn-text\">Aroma raindrop<\/span>\n    \t<\/a><div class=\"mkdf-separator-holder clearfix  mkdf-separator-center \">\n\t<div class=\"mkdf-separator\" style=\"width: 1px;border-bottom-width: 1px\"><\/div>\n<\/div>\n<a itemprop=\"url\" href=\"https:\/\/vivasana.be\/index.php\/treatments\/other#foot-reflexology\" target=\"_self\" style=\"padding: 16px 105px\" class=\"mkdf-btn mkdf-btn-medium mkdf-btn-solid\"  >\n    <span class=\"mkdf-btn-text\">R\u00e9flexologie plantaire thai<\/span>\n    \t<\/a><div class=\"mkdf-separator-holder clearfix  mkdf-separator-center \">\n\t<div class=\"mkdf-separator\" style=\"width: 1px;border-bottom-width: 1px\"><\/div>\n<\/div>\n<a itemprop=\"url\" href=\"https:\/\/vivasana.be\/index.php\/treatments\/other#hot-bamboo\" target=\"_self\" style=\"padding: 16px 163px\" class=\"mkdf-btn mkdf-btn-medium mkdf-btn-solid\"  >\n    <span class=\"mkdf-btn-text\">Hot bamboo<\/span>\n    \t<\/a><div class=\"mkdf-separator-holder clearfix  mkdf-separator-center \">\n\t<div class=\"mkdf-separator\" style=\"width: 1px;border-bottom-width: 1px\"><\/div>\n<\/div>\n<a itemprop=\"url\" href=\"https:\/\/vivasana.be\/index.php\/treatments\/other#bio-facemask\" target=\"_self\" style=\"padding: 16px 57px\" class=\"mkdf-btn mkdf-btn-medium mkdf-btn-solid\"  >\n    <span class=\"mkdf-btn-text\">Extra: masque visage aloe bio-cellulose<\/span>\n    \t<\/a>[vc_empty_space height=&#8221;50px&#8221;]\t\t<\/div>\n\t<\/div>\n<\/div><\/div>[\/vc_column][\/vc_row][vc_row anchor=&#8221;aroma-raindrop&#8221;][vc_column]<div class=\"mkdf-elements-holder   mkdf-one-column  mkdf-responsive-mode-768 \" ><div class=\"mkdf-eh-item   mkdf-horizontal-alignment-center \"  data-item-class=\"mkdf-eh-custom-5236\" data-1280-1600=\"0 16% 0\" data-1024-1280=\"0 16% 0\" data-680-768=\"0 3% 0\">\n\t\t<div class=\"mkdf-eh-item-inner\">\n\t\t<div class=\"mkdf-eh-item-content mkdf-eh-custom-5236\" style=\"padding: 0 16% 0\">\n\t\t\t[vc_column_text]<\/p>\n<h2 style=\"text-align: center;\"><span style=\"color: #d6b981;\"><strong>Aroma Raindrop<\/strong><\/span><\/h2>\n<p>[\/vc_column_text][vc_empty_space][vc_media_grid element_width=&#8221;12&#8243; grid_id=&#8221;vc_gid:1615061888595-628aa344-6f71-2&#8243; include=&#8221;3928&#8243; css=&#8221;.vc_custom_1612286226098{margin-right: 300px !important;margin-left: 300px !important;}&#8221;][vc_empty_space][vc_column_text]<\/p>\n<p style=\"text-align: left;\"><span style=\"font-weight: 400;\">RAINDROP THERAPY est un traitement aromatique apaisant et tr\u00e8s relaxant utilisant des huiles essentielles et une serviette chaude. Les huiles th\u00e9rapeutiques 100% essentielles ont un effet nettoyant sur tous les organes, l&#8217;huile reste dans le corps jusqu&#8217;\u00e0 7 jours apr\u00e8s l&#8217;application.<\/span><\/p>\n<p style=\"text-align: left;\"><span style=\"font-weight: 400;\">Pendant le traitement, 9 huiles essentielles diff\u00e9rentes sont appliqu\u00e9es et mass\u00e9es dans le corps d&#8217;une mani\u00e8re sp\u00e9cifique, le Vitaflex est utilis\u00e9 pour cela. C&#8217;est une forme sp\u00e9cialis\u00e9e de massage corporel qui est tr\u00e8s efficace pour diffuser les huiles dans le corps.<\/span><\/p>\n<p style=\"text-align: left;\"><b>Le massage d\u00e9tox IDEAL apr\u00e8s une dure journ\u00e9e\/nuit.<\/b><\/p>\n<p style=\"text-align: left;\"><span style=\"font-weight: 400;\">Dur\u00e9e d&#8217;une s\u00e9ance: 60 ou 90 minutes<\/span><\/p>\n<p style=\"text-align: left;\"><span style=\"font-weight: 400;\">Extra: Masque visage Alo\u00eb Bio-Cellulose<\/span><\/p>\n<p>[\/vc_column_text][vc_empty_space][vc_separator color=&#8221;black&#8221; style=&#8221;shadow&#8221;][vc_empty_space]\t\t<\/div>\n\t<\/div>\n<\/div><\/div>[\/vc_column][\/vc_row][vc_row anchor=&#8221;foot-reflexology&#8221;][vc_column]<div class=\"mkdf-elements-holder   mkdf-one-column  mkdf-responsive-mode-768 \" ><div class=\"mkdf-eh-item   mkdf-horizontal-alignment-center \"  data-item-class=\"mkdf-eh-custom-2367\" data-1280-1600=\"0 16% 0\" data-1024-1280=\"0 16% 0\" data-680-768=\"0 3% 0\">\n\t\t<div class=\"mkdf-eh-item-inner\">\n\t\t<div class=\"mkdf-eh-item-content mkdf-eh-custom-2367\" style=\"padding: 0 16% 0\">\n\t\t\t[vc_column_text]<\/p>\n<h2 style=\"text-align: center;\"><span style=\"color: #d6b981;\"><strong>Footreflexology thai<\/strong><\/span><\/h2>\n<p>[\/vc_column_text][vc_empty_space][vc_media_grid element_width=&#8221;12&#8243; grid_id=&#8221;vc_gid:1615061888597-2dabfdc6-2c35-5&#8243; include=&#8221;4645&#8243; css=&#8221;.vc_custom_1612287042873{margin-right: 300px !important;margin-left: 300px !important;}&#8221;][vc_empty_space][vc_column_text]<\/p>\n<p style=\"text-align: left;\"><span style=\"font-weight: 400;\">Ce soin aide \u00e0 activer le processus naturel de gu\u00e9rison et le flux d&#8217;\u00e9nergie du corps via les pieds. Dans la plante des pieds se trouvent des zones r\u00e9flexes reli\u00e9es par des canaux d&#8217;\u00e9nergie \u00e0 tous les organes, muscles, os et tissus.<\/span><\/p>\n<p style=\"text-align: left;\"><span style=\"font-weight: 400;\">Avec cette r\u00e9flexologie Thai, les jambes et les pieds sont \u00e9galement \u00e9tir\u00e9s et mass\u00e9s. Un petit b\u00e2ton en bois est utilis\u00e9 apr\u00e8s que les deux pieds ont \u00e9t\u00e9 r\u00e9chauff\u00e9s et trait\u00e9s. Des points d&#8217;acupression suppl\u00e9mentaires sont stimul\u00e9s.<\/span><\/p>\n<p style=\"text-align: left;\"><span style=\"font-weight: 400;\">Id\u00e9al pour ceux qui ont un m\u00e9tier debout. Pour ceux qui ne veulent pas de massage corporel, c&#8217;est une alternative int\u00e9ressante et une introduction id\u00e9ale. Une sensation de bien-\u00eatre est le r\u00e9sultat pour \u00abtout le corps\u00bb.<\/span><\/p>\n<p style=\"text-align: left;\"><span style=\"font-weight: 400;\">Dur\u00e9e d&#8217;une s\u00e9ance: 60 minutes<\/span><\/p>\n<p style=\"text-align: left;\"><span style=\"font-weight: 400;\">Extra: Masque visage Alo\u00eb Bio-Cellulose<\/span><\/p>\n<p>[\/vc_column_text][vc_empty_space][vc_separator color=&#8221;black&#8221; style=&#8221;shadow&#8221;][vc_empty_space]\t\t<\/div>\n\t<\/div>\n<\/div><\/div>[\/vc_column][\/vc_row][vc_row anchor=&#8221;hot-bamboo&#8221;][vc_column]<div class=\"mkdf-elements-holder   mkdf-one-column  mkdf-responsive-mode-768 \" ><div class=\"mkdf-eh-item   mkdf-horizontal-alignment-center \"  data-item-class=\"mkdf-eh-custom-1130\" data-1280-1600=\"0 16% 0\" data-1024-1280=\"0 16% 0\" data-680-768=\"0 3% 0\">\n\t\t<div class=\"mkdf-eh-item-inner\">\n\t\t<div class=\"mkdf-eh-item-content mkdf-eh-custom-1130\" style=\"padding: 0 16% 0\">\n\t\t\t[vc_column_text]<\/p>\n<h2 style=\"text-align: center;\"><span style=\"color: #d6b981;\"><strong>Hot Bamboo<\/strong><\/span><\/h2>\n<p>[\/vc_column_text][vc_empty_space][vc_media_grid element_width=&#8221;6&#8243; grid_id=&#8221;vc_gid:1615061888598-3f42cedb-2b79-3&#8243; include=&#8221;3926,3925&#8243; css=&#8221;.vc_custom_1606752586482{margin-right: 100px !important;margin-left: 100px !important;}&#8221;][vc_empty_space][vc_column_text]<\/p>\n<p style=\"text-align: left;\"><span style=\"font-weight: 400;\">Les bambous chauff\u00e9s sont int\u00e9gr\u00e9s dans le massage traditionnel Hawa\u00efen, ce qui apporte chaleur et \u00e9nergie au corps. Il favorise la relaxation musculaire, am\u00e9liore la circulation sanguine, favorise la d\u00e9toxification du corps et ouvre les canaux \u00e9nerg\u00e9tiques sur le plan spirituel. Une d\u00e9tente sublime.<\/span><\/p>\n<p style=\"text-align: left;\"><span style=\"font-weight: 400;\">Dur\u00e9e d&#8217;une s\u00e9ance: 60 ou 90 minutes<\/span><\/p>\n<p style=\"text-align: left;\"><span style=\"font-weight: 400;\">Extra: Masque facial Alo\u00eb Bio Cellulose<\/span><\/p>\n<p>[\/vc_column_text][vc_empty_space][vc_separator color=&#8221;black&#8221; style=&#8221;shadow&#8221;][vc_empty_space]\t\t<\/div>\n\t<\/div>\n<\/div><\/div>[\/vc_column][\/vc_row][vc_row anchor=&#8221;bio-facemask&#8221;][vc_column]<div class=\"mkdf-elements-holder   mkdf-one-column  mkdf-responsive-mode-768 \" ><div class=\"mkdf-eh-item   mkdf-horizontal-alignment-center \"  data-item-class=\"mkdf-eh-custom-4229\" data-1280-1600=\"0 16% 0\" data-1024-1280=\"0 16% 0\" data-680-768=\"0 3% 0\">\n\t\t<div class=\"mkdf-eh-item-inner\">\n\t\t<div class=\"mkdf-eh-item-content mkdf-eh-custom-4229\" style=\"padding: 0 16% 0\">\n\t\t\t[vc_column_text]<\/p>\n<h2 style=\"text-align: center;\"><span style=\"color: #d6b981;\"><strong>Extra: Aloe bio Cellulose gezichtsmasker<\/strong><\/span><\/h2>\n<p>[\/vc_column_text][vc_empty_space][vc_media_grid element_width=&#8221;6&#8243; grid_id=&#8221;vc_gid:1615061888599-15735fe5-b602-3&#8243; include=&#8221;4357,4356&#8243; css=&#8221;.vc_custom_1612286631403{margin-right: 100px !important;margin-left: 100px !important;}&#8221;][vc_empty_space][vc_column_text]<\/p>\n<p style=\"text-align: left;\"><span style=\"font-weight: 400;\">Lors du massage que vous aurez choisi, votre visage sera trait\u00e9 avec le masque Alo\u00eb Bio-Cellulose. Un masque hydratant profond et puissant qui adoucit la peau. L&#8217;ajout de marron d&#8217;Inde r\u00e9duit les taches rouges, donne un \u00e9clat \u00e0 la peau terne et r\u00e9duit les signes du vieillissement. Un pur plaisir!<\/span><\/p>\n<p style=\"text-align: left;\"><span style=\"font-weight: 400;\">Pour les sessions de 60 et 90 minutes<\/span><\/p>\n<p>[\/vc_column_text][vc_empty_space height=&#8221;60px&#8221;]\t\t<\/div>\n\t<\/div>\n<\/div><\/div>[\/vc_column][\/vc_row]<\/p>\n","protected":false},"excerpt":{"rendered":"<p>[vc_row row_content_width=&#8221;grid&#8221;][vc_column][\/vc_column][\/vc_row][vc_row anchor=&#8221;aroma-raindrop&#8221;][vc_column][\/vc_column][\/vc_row][vc_row anchor=&#8221;foot-reflexology&#8221;][vc_column][\/vc_column][\/vc_row][vc_row anchor=&#8221;hot-bamboo&#8221;][vc_column][\/vc_column][\/vc_row][vc_row anchor=&#8221;bio-facemask&#8221;][vc_column][\/vc_column][\/vc_row]<\/p>\n","protected":false},"author":1,"featured_media":0,"parent":4963,"menu_order":0,"comment_status":"closed","ping_status":"closed","template":"full-width.php","meta":[],"yoast_head":"<!-- This site is optimized with the Yoast SEO plugin v16.0.2 - https:\/\/yoast.com\/wordpress\/plugins\/seo\/ -->\n<title>Autres - Vivasana<\/title>\n<link rel=\"canonical\" href=\"https:\/\/www.vivasana.be\/index.php\/fr\/traitements\/autres\/\" \/>\n<meta property=\"og:locale\" content=\"en_GB\" \/>\n<meta property=\"og:type\" content=\"article\" \/>\n<meta property=\"og:title\" content=\"Autres - Vivasana\" \/>\n<meta property=\"og:description\" content=\"[vc_row row_content_width=&#8221;grid&#8221;][vc_column][\/vc_column][\/vc_row][vc_row anchor=&#8221;aroma-raindrop&#8221;][vc_column][\/vc_column][\/vc_row][vc_row anchor=&#8221;foot-reflexology&#8221;][vc_column][\/vc_column][\/vc_row][vc_row anchor=&#8221;hot-bamboo&#8221;][vc_column][\/vc_column][\/vc_row][vc_row anchor=&#8221;bio-facemask&#8221;][vc_column][\/vc_column][\/vc_row]\" \/>\n<meta property=\"og:url\" content=\"https:\/\/www.vivasana.be\/index.php\/fr\/traitements\/autres\/\" \/>\n<meta property=\"og:site_name\" content=\"Vivasana\" \/>\n<meta property=\"article:modified_time\" content=\"2021-03-06T20:20:47+00:00\" \/>\n<meta name=\"twitter:card\" content=\"summary_large_image\" \/>\n<meta name=\"twitter:label1\" content=\"Estimated reading time\">\n\t<meta name=\"twitter:data1\" content=\"5 minutes\">\n<script type=\"application\/ld+json\" class=\"yoast-schema-graph\">{\"@context\":\"https:\/\/schema.org\",\"@graph\":[{\"@type\":[\"Person\",\"Organization\"],\"@id\":\"https:\/\/www.vivasana.be\/#\/schema\/person\/bf80a11fba06a1a649b56ee60f48f140\",\"name\":\"vivasana\",\"image\":{\"@type\":\"ImageObject\",\"@id\":\"https:\/\/www.vivasana.be\/#personlogo\",\"inLanguage\":\"en-GB\",\"url\":\"https:\/\/secure.gravatar.com\/avatar\/92d9ea7bd8b34298fad83acbfa01a197?s=96&d=mm&r=g\",\"caption\":\"vivasana\"},\"logo\":{\"@id\":\"https:\/\/www.vivasana.be\/#personlogo\"}},{\"@type\":\"WebSite\",\"@id\":\"https:\/\/www.vivasana.be\/#website\",\"url\":\"https:\/\/www.vivasana.be\/\",\"name\":\"Vivasana\",\"description\":\"Healing studio for physical and emotional release, based on a holistic Hawaiian approach.\",\"publisher\":{\"@id\":\"https:\/\/www.vivasana.be\/#\/schema\/person\/bf80a11fba06a1a649b56ee60f48f140\"},\"potentialAction\":[{\"@type\":\"SearchAction\",\"target\":\"https:\/\/www.vivasana.be\/?s={search_term_string}\",\"query-input\":\"required name=search_term_string\"}],\"inLanguage\":\"en-GB\"},{\"@type\":\"WebPage\",\"@id\":\"https:\/\/www.vivasana.be\/index.php\/fr\/traitements\/autres\/#webpage\",\"url\":\"https:\/\/www.vivasana.be\/index.php\/fr\/traitements\/autres\/\",\"name\":\"Autres - Vivasana\",\"isPartOf\":{\"@id\":\"https:\/\/www.vivasana.be\/#website\"},\"datePublished\":\"2021-03-06T18:01:38+00:00\",\"dateModified\":\"2021-03-06T20:20:47+00:00\",\"breadcrumb\":{\"@id\":\"https:\/\/www.vivasana.be\/index.php\/fr\/traitements\/autres\/#breadcrumb\"},\"inLanguage\":\"en-GB\",\"potentialAction\":[{\"@type\":\"ReadAction\",\"target\":[\"https:\/\/www.vivasana.be\/index.php\/fr\/traitements\/autres\/\"]}]},{\"@type\":\"BreadcrumbList\",\"@id\":\"https:\/\/www.vivasana.be\/index.php\/fr\/traitements\/autres\/#breadcrumb\",\"itemListElement\":[{\"@type\":\"ListItem\",\"position\":1,\"item\":{\"@type\":\"WebPage\",\"@id\":\"https:\/\/www.vivasana.be\/index.php\/en\/main-home\/\",\"url\":\"https:\/\/www.vivasana.be\/index.php\/en\/main-home\/\",\"name\":\"Home\"}},{\"@type\":\"ListItem\",\"position\":2,\"item\":{\"@type\":\"WebPage\",\"@id\":\"https:\/\/www.vivasana.be\/index.php\/fr\/traitements\/\",\"url\":\"https:\/\/www.vivasana.be\/index.php\/fr\/traitements\/\",\"name\":\"Traitements\"}},{\"@type\":\"ListItem\",\"position\":3,\"item\":{\"@type\":\"WebPage\",\"@id\":\"https:\/\/www.vivasana.be\/index.php\/fr\/traitements\/autres\/\",\"url\":\"https:\/\/www.vivasana.be\/index.php\/fr\/traitements\/autres\/\",\"name\":\"Autres\"}}]}]}<\/script>\n<!-- \/ Yoast SEO plugin. -->","_links":{"self":[{"href":"https:\/\/www.vivasana.be\/index.php\/wp-json\/wp\/v2\/pages\/4988"}],"collection":[{"href":"https:\/\/www.vivasana.be\/index.php\/wp-json\/wp\/v2\/pages"}],"about":[{"href":"https:\/\/www.vivasana.be\/index.php\/wp-json\/wp\/v2\/types\/page"}],"author":[{"embeddable":true,"href":"https:\/\/www.vivasana.be\/index.php\/wp-json\/wp\/v2\/users\/1"}],"replies":[{"embeddable":true,"href":"https:\/\/www.vivasana.be\/index.php\/wp-json\/wp\/v2\/comments?post=4988"}],"version-history":[{"count":5,"href":"https:\/\/www.vivasana.be\/index.php\/wp-json\/wp\/v2\/pages\/4988\/revisions"}],"predecessor-version":[{"id":4993,"href":"https:\/\/www.vivasana.be\/index.php\/wp-json\/wp\/v2\/pages\/4988\/revisions\/4993"}],"up":[{"embeddable":true,"href":"https:\/\/www.vivasana.be\/index.php\/wp-json\/wp\/v2\/pages\/4963"}],"wp:attachment":[{"href":"https:\/\/www.vivasana.be\/index.php\/wp-json\/wp\/v2\/media?parent=4988"}],"curies":[{"name":"wp","href":"https:\/\/api.w.org\/{rel}","templated":true}]}}