{"id":4980,"date":"2021-03-06T17:49:40","date_gmt":"2021-03-06T17:49:40","guid":{"rendered":"https:\/\/vivasana.be\/?page_id=4980"},"modified":"2021-11-01T13:13:19","modified_gmt":"2021-11-01T13:13:19","slug":"aloe-vera-2","status":"publish","type":"page","link":"https:\/\/www.vivasana.be\/index.php\/fr\/traitements\/aloe-vera-2\/","title":{"rendered":"Aloe Vera"},"content":{"rendered":"<p>[vc_row row_content_width=&#8221;grid&#8221;][vc_column]<div class=\"mkdf-elements-holder   mkdf-one-column  mkdf-responsive-mode-768 \" ><div class=\"mkdf-eh-item    \"  data-item-class=\"mkdf-eh-custom-6345\" data-1280-1600=\"0 0 10px\" data-1024-1280=\"10px 0 20px\">\n\t\t<div class=\"mkdf-eh-item-inner\">\n\t\t<div class=\"mkdf-eh-item-content mkdf-eh-custom-6345\" style=\"padding: 0 0 20px\">\n\t\t\t[vc_empty_space height=&#8221;100px&#8221;]<div class=\"mkdf-section-title-holder  mkdf-st-standard mkdf-st-title-left mkdf-st-normal-space \" style=\"text-align: center\">\n\t<div class=\"mkdf-st-inner\">\n\t\t<img width=\"90\" height=\"90\" src=\"https:\/\/www.vivasana.be\/wp-content\/uploads\/2020\/11\/Webp.net-resizeimage-7.png\" class=\"attachment-full size-full\" alt=\"\" loading=\"lazy\" \/>\n\t\t\t\t\t<div class=\"mkdf-separator-holder clearfix\">\n\t\t\t\t<div class=\"mkdf-separator\"><\/div>\n\t\t\t<\/div>\n\t\t\t\t\t\t\t<h2 class=\"mkdf-st-title\" >\n\t\t\t\tAloe Vera\t\t\t<\/h2>\n\t\t\t\t\t<\/div>\n<\/div>\t\t<\/div>\n\t<\/div>\n<\/div><\/div><div class=\"mkdf-elements-holder   mkdf-one-column  mkdf-responsive-mode-768 \" ><div class=\"mkdf-eh-item   mkdf-horizontal-alignment-center \"  data-item-class=\"mkdf-eh-custom-7453\" data-1280-1600=\"10px 0 20px\" data-1024-1280=\"10px 0 20px\">\n\t\t<div class=\"mkdf-eh-item-inner\">\n\t\t<div class=\"mkdf-eh-item-content mkdf-eh-custom-7453\" style=\"padding: 0 0 20px\">\n\t\t\t[vc_empty_space height=&#8221;50px&#8221;][vc_column_text]<\/p>\n<p style=\"text-align: center;\"><span style=\"font-weight: 400;\">Notre point de d\u00e9part est de cr\u00e9er une meilleure version de vous-m\u00eame \u00e0 base d\u2019Alo\u00eb Vera pur.<\/span><\/p>\n<p>&nbsp;<\/p>\n<h3 style=\"text-align: center;\">L&#8217;ALOE VERA EST UNE PLANTE PUISSANTE DE GU\u00c9RISON INTESTINALE<\/h3>\n<p><span style=\"font-weight: 400;\">Prenez soin de votre digestion et stimulez ainsi votre bien-\u00eatre et votre immunit\u00e9 Boire de l&#8217;Alo\u00eb Vera pur quotidiennement peut \u00eatre l&#8217;un des \u00e9l\u00e9ments les plus importants du processus digestif.<\/span><\/p>\n<p><span style=\"font-weight: 400;\">Vous ressentirez rapidement l&#8217;effet positif des ingr\u00e9dients nutritifs de cette plante<\/span><b>.<\/b><\/p>\n<p><span style=\"font-weight: 400;\">C&#8217;est incroyable ce qu&#8217;un verre d&#8217;alo\u00eb vera pur, en plus de votre alimentation existante, fait avec votre niveau d&#8217;\u00e9nergie.<\/span>[\/vc_column_text][vc_empty_space height=&#8221;50px&#8221;][vc_single_image image=&#8221;3920&#8243; img_size=&#8221;medium&#8221; alignment=&#8221;center&#8221;][vc_empty_space height=&#8221;50px&#8221;][vc_column_text]<\/p>\n<h3 style=\"text-align: center;\">VOUS DEVEZ TENTER L\u2019EXPERIENCE\u00a0!<\/h3>\n<p>&nbsp;<\/p>\n<p style=\"text-align: center;\"><span style=\"font-weight: 400;\">Vous pouvez choisir entre le <\/span><b>Programme de Vitalit\u00e9<\/b><span style=\"font-weight: 400;\"> (cure d\u2019Alo\u00eb Vera 1 \u00e0 3 mois) ou faire un d\u00e9marrage fulgurant avec notre <\/span><b>programme F.I.T.<\/b><\/p>\n<p>[\/vc_column_text][vc_empty_space height=&#8221;50px&#8221;]<a itemprop=\"url\" href=\"https:\/\/vivasana.be\/index.php\/treatments\/aloe-vera#vitality\" target=\"_self\"  class=\"mkdf-btn mkdf-btn-medium mkdf-btn-solid\"  >\n    <span class=\"mkdf-btn-text\">Vitality programma<\/span>\n    \t<\/a><div class=\"mkdf-separator-holder clearfix  mkdf-separator-center \">\n\t<div class=\"mkdf-separator\" style=\"width: 1px;border-bottom-width: 1px\"><\/div>\n<\/div>\n<a itemprop=\"url\" href=\"https:\/\/vivasana.be\/index.php\/treatments\/aloe-vera#fit\" target=\"_self\" style=\"padding: 16px 65px\" class=\"mkdf-btn mkdf-btn-medium mkdf-btn-solid\"  >\n    <span class=\"mkdf-btn-text\">Fit programma<\/span>\n    \t<\/a>[vc_empty_space height=&#8221;50px&#8221;]\t\t<\/div>\n\t<\/div>\n<\/div><\/div>[\/vc_column][\/vc_row][vc_row anchor=&#8221;vitality&#8221;][vc_column]<div class=\"mkdf-elements-holder   mkdf-one-column  mkdf-responsive-mode-768 \" ><div class=\"mkdf-eh-item   mkdf-horizontal-alignment-center \"  data-item-class=\"mkdf-eh-custom-4940\" data-1280-1600=\"0 16% 0\" data-1024-1280=\"0 16% 0\" data-768-1024=\"0 16% 0\">\n\t\t<div class=\"mkdf-eh-item-inner\">\n\t\t<div class=\"mkdf-eh-item-content mkdf-eh-custom-4940\" style=\"padding: 0 16% 0\">\n\t\t\t[vc_column_text]<\/p>\n<h2 style=\"text-align: center;\"><span style=\"color: #d6b981;\"><strong>Programme de vitalite<\/strong><\/span><\/h2>\n<p>[\/vc_column_text][vc_empty_space][vc_column_text]<span style=\"font-weight: 400;\">L&#8217;Aloe Vera est parfois appel\u00e9e \u00abla plante de l&#8217;immortalit\u00e9\u00bb.<\/span><\/p>\n<p><span style=\"font-weight: 400;\">Si vous buvez un verre d&#8217;Aloe Vera pur par jour, vous sentirez rapidement combien votre corps et votre esprit en profiteront.<\/span>[\/vc_column_text][vc_empty_space][vc_single_image image=&#8221;5051&#8243; img_size=&#8221;large&#8221; alignment=&#8221;center&#8221;][vc_empty_space][vc_empty_space][vc_separator style=&#8221;shadow&#8221;]\t\t<\/div>\n\t<\/div>\n<\/div><\/div>[\/vc_column][\/vc_row][vc_row anchor=&#8221;fit&#8221;][vc_column]<div class=\"mkdf-elements-holder   mkdf-one-column  mkdf-responsive-mode-768 \" ><div class=\"mkdf-eh-item   mkdf-horizontal-alignment-center \"  data-item-class=\"mkdf-eh-custom-9253\" data-1280-1600=\"0 16% 0\" data-1024-1280=\"0 16% 0\" data-680-768=\"0 3% 0\">\n\t\t<div class=\"mkdf-eh-item-inner\">\n\t\t<div class=\"mkdf-eh-item-content mkdf-eh-custom-9253\" style=\"padding: 0 16% 0\">\n\t\t\t[vc_empty_space][vc_column_text]<\/p>\n<h2 style=\"text-align: center;\"><span style=\"color: #d6b981;\"><strong>Programme F.I.T.<\/strong><\/span><\/h2>\n<p>[\/vc_column_text][vc_empty_space][vc_empty_space][vc_column_text]<span style=\"font-weight: 400;\">Ce programme F.I.T. facile \u00e0 suivre se compose de 3 puissants packs de vitalit\u00e9: Clean9, F15 et Vital5.<\/span><\/p>\n<p><span style=\"font-weight: 400;\">D\u00e9velopp\u00e9 pour un mode de vie plus sain, \u00e0 court et long terme.<\/span><\/p>\n<p><span style=\"font-weight: 400;\">Le programme F.I.T. s\u2019adresse \u00e0 tout le monde: Commencez au niveau qui vous convient et d\u00e9terminez vous-m\u00eame le tempo auquel vous souhaitez atteindre vos objectifs. <\/span>[\/vc_column_text][vc_empty_space height=&#8221;60px&#8221;][vc_column_text]<\/p>\n<h4 style=\"text-align: left;\"><strong>Le PROGRAMME CLEAN 9<\/strong><\/h4>\n<p style=\"text-align: left;\"><span style=\"font-weight: 400;\">Avec ce <\/span><b>programme de cleansing <\/b><span style=\"font-weight: 400;\">efficace et facile \u00e0 suivre, vous aurez tous les outils n\u00e9cessaires en main pour commencer d\u00e8s aujourd\u2019hui votre m\u00e9tamorphose. <\/span><b>D\u00e9couvrez comment votre corps se transforme en seulement 9 jours.<\/b><span style=\"font-weight: 400;\">\u00a0\u00a0<\/span><\/p>\n<p style=\"text-align: left;\"><span style=\"font-weight: 400;\">Vous suivez un programme nutritionnel efficace. Cela vous encourage \u00e0 faire plus d&#8217;exercice et vous prenez conscience de vos pi\u00e8ges.\u00a0<\/span><\/p>\n<p style=\"text-align: left;\"><span style=\"font-weight: 400;\">Nous travaillons ensemble sur un \u00e9tat d&#8217;esprit plus fort, ce qui r\u00e9sulte en un regain d&#8217;\u00e9nergie.<\/span><\/p>\n<p>&nbsp;<\/p>\n<h3><span style=\"font-weight: 400;\">Vous recevrez des conseils gratuits sur la nutrition et un mode de vie:<\/span><\/h3>\n<ul>\n<li style=\"text-align: left;\"><span style=\"font-weight: 400;\">Entra\u00eenements\u00a0<\/span><\/li>\n<li style=\"text-align: left;\"><span style=\"font-weight: 400;\"> Suggestions de repas\u00a0<\/span><\/li>\n<li style=\"text-align: left;\"><span style=\"font-weight: 400;\"> Sports et exercice<\/span><\/li>\n<li style=\"text-align: left;\"><span style=\"font-weight: 400;\"> Mindset<\/span><\/li>\n<\/ul>\n<p>[\/vc_column_text][vc_single_image image=&#8221;4500&#8243; img_size=&#8221;large&#8221; alignment=&#8221;center&#8221;][vc_column_text]<\/p>\n<h3 style=\"text-align: left;\"><span style=\"font-weight: 400;\">\u00c0 quoi pouvez-vous vous attendre apr\u00e8s le C9?<\/span><\/h3>\n<ul>\n<li style=\"text-align: left;\"><span style=\"font-weight: 400;\">Moins de besoin de sucres<\/span><\/li>\n<li style=\"text-align: left;\"><span style=\"font-weight: 400;\">Moins de ballonnements<\/span><\/li>\n<li style=\"text-align: left;\"><span style=\"font-weight: 400;\"> Conscience d&#8217;une alimentation saine et \u00e9quilibr\u00e9e et de l&#8217;exercice<\/span><\/li>\n<li style=\"text-align: left;\"><span style=\"font-weight: 400;\"> Meilleur \u00e9quilibre<\/span><\/li>\n<li style=\"text-align: left;\"><span style=\"font-weight: 400;\"> Attitude positive\u00a0<\/span><\/li>\n<li style=\"text-align: left;\"><span style=\"font-weight: 400;\"> Une peau plus belle<\/span><\/li>\n<li style=\"text-align: left;\"><span style=\"font-weight: 400;\"> Boost en \u00e9nergie<\/span><\/li>\n<li style=\"text-align: left;\"><span style=\"font-weight: 400;\"> Et un VOUS rayonnant(e)<\/span><\/li>\n<\/ul>\n<h3><\/h3>\n<h3>ET LE PLUS BEAU, C\u2019EST QUE LES RESULTATS CONSTATES APRES 9 JOURS\u00a0 SERONT LA CLE DE VOTRE MOTIVATION POUR PERSEVERER.<\/h3>\n<p style=\"text-align: left;\"><span style=\"font-weight: 400;\">Essayez-le et commencez d\u00e8s aujourd&#8217;hui, sur Votre chemin vers un VOUS encore PLUS BRILLANT.<\/span><\/p>\n<p style=\"text-align: left;\"><span style=\"letter-spacing: 0.025em;\"><span style=\"font-weight: 400;\">Commandez votre box C9 via la <\/span><span style=\"font-weight: 400;\"><a href=\"https:\/\/shop.foreverliving.com\/retail\/entry\/Shop.do?store=BEL&amp;language=fr&amp;distribID=310002049177\">boutique en ligne<\/a>.<\/span><\/span><\/p>\n<p>[\/vc_column_text][vc_empty_space height=&#8221;60px&#8221;][vc_column_text]<\/p>\n<h4 style=\"text-align: left;\"><strong>Le PROGRAMMe F15<\/strong><\/h4>\n<p style=\"text-align: left;\"><span style=\"font-weight: 400;\">Ce programme est la prochaine \u00e9tape pour g\u00e9n\u00e9rer des habitudes saines et les convertir en une nouvelle routine agr\u00e9able.<\/span><\/p>\n<p style=\"text-align: left;\"><span style=\"font-weight: 400;\">Vous suivez un programme sur mesure avec des sch\u00e9mas nutritionnels et sportifs pendant 15 jours. Selon votre niveau sportif, vous optez pour le F15 Beginner, Intermediate ou Advanced. Vous venez de vous mettre au sport et de terminer le programme C9\u00a0? Le F15 Beginner sera alors le niveau id\u00e9al pour commencer. Le F15 Intermediate est fait pour vous si vous \u00eates d\u00e9j\u00e0 actif(ve). Vous \u00eates un sportif ou une sportive assidu(e) en qu\u00eate de nouveaux d\u00e9fis pour mener vos performances au niveau sup\u00e9rieur\u00a0? Alors le F15 Advanced sera votre programme.\u00a0<\/span><\/p>\n<p style=\"text-align: left;\"><span style=\"font-weight: 400;\">Vous pouvez r\u00e9p\u00e9ter chaque programme autant de fois que vous le souhaitez ou passer directement au niveau suivant (intermediate, advanced)<\/span><\/p>\n<p>[\/vc_column_text][vc_empty_space height=&#8221;60px&#8221;][vc_single_image image=&#8221;4503&#8243; img_size=&#8221;large&#8221; alignment=&#8221;center&#8221;][vc_empty_space height=&#8221;60px&#8221;][vc_column_text]<\/p>\n<ul>\n<li style=\"text-align: left;\"><span style=\"font-weight: 400;\">Vous venez de commencer \u00e0 faire du sport ou vous venez de terminer le C9?<\/span><\/li>\n<li style=\"font-weight: 400; text-align: left;\" aria-level=\"1\"><span style=\"font-weight: 400;\">Vous aimeriez perdre quelques kilos ou affiner un peu votre silhouette?\u00a0<\/span><\/li>\n<li style=\"font-weight: 400; text-align: left;\" aria-level=\"1\"><span style=\"font-weight: 400;\">Voulez-vous vous sentir \u00e0 nouveau bien dans votre peau et cr\u00e9er une bonne base pour une vie saine et en pleine forme\u00a0?\u00a0<\/span><\/li>\n<li style=\"font-weight: 400; text-align: left;\" aria-level=\"1\"><span style=\"font-weight: 400;\">Ou cherchez-vous une nouvelle routine pour amener votre performance \u00e0 un niveau sup\u00e9rieur\u00a0avec pour objectif de d\u00e9velopper plus de masse musculaire et d\u2019atteindre vos objectifs physiques\u00a0? <\/span><\/li>\n<\/ul>\n<h3 style=\"text-align: left;\">Alors ce programme F.I.T. est le choix parfait!<\/h3>\n<p style=\"text-align: left;\"><span style=\"font-weight: 400;\">Vous \u00eates convaincu(e) et vous souhaitez obtenir \u00e0 la fois la bo\u00eete C9 et la bo\u00eete F15? <\/span><\/p>\n<p style=\"text-align: left;\"><span style=\"font-weight: 400;\">Remplissez le formulaire de contact et demandez votre remise suppl\u00e9mentaire.<\/span><\/p>\n<p>[\/vc_column_text][vc_empty_space height=&#8221;60px&#8221;][vc_column_text]<\/p>\n<h4 style=\"text-align: left;\"><strong>Le <\/strong><strong>PROGRAMMe <\/strong><strong>VITAL5<\/strong><\/h4>\n<p style=\"text-align: left;\"><span style=\"font-weight: 400;\">STABILISATION et SOUTIENT.<\/span><\/p>\n<p style=\"text-align: left;\"><span style=\"font-weight: 400;\">L\u2019agitation de la vie quotidienne fait que nous optons parfois pour la solution de facilit\u00e9 en mati\u00e8re de nutrition. Le choix se porte plus rapidement sur des collations trop sucr\u00e9es ou sal\u00e9es, ou du fast-food plut\u00f4t que sur un repas sain. Rendons alors l\u2019acc\u00e8s \u00e0 une alimentation saine plus facile que jamais. Pensez par exemple \u00e0 l\u2019avance \u00e0 ce que vous allez acheter, \u00e0 pr\u00e9parer vos repas au pr\u00e9alable et \u00e0 profiter des avantages du Vital5\/<\/span><\/p>\n<p style=\"text-align: left;\"><span style=\"font-weight: 400;\">Le programme Vital5 contient 5 produits cl\u00e9s qui s\u2019inscrivent dans les bases d\u2019une alimentation saine.\u00a0<\/span><\/p>\n<p style=\"text-align: left;\"><span style=\"font-weight: 400;\">Le programme contient: <\/span><\/p>\n<ul style=\"text-align: left;\">\n<li style=\"font-weight: 400; text-align: left;\" aria-level=\"1\"><span style=\"font-weight: 400;\">L\u2019Aloe Vera Gel: augmente l\u2019absorption des nutriments.<\/span><\/li>\n<li style=\"font-weight: 400; text-align: left;\" aria-level=\"1\"><span style=\"font-weight: 400;\">Active Probiotic contient un m\u00e9lange sophistiqu\u00e9 de 6 ferments lactiques diff\u00e9rents, fournissant 8 milliards d\u2019UFC (Unit\u00e9s Formant Colonies) et du zinc. Ce compl\u00e9ment contribue \u00e0 des intestins plus \u00e9quilibr\u00e9s.\u00a0\u00a0<\/span><\/li>\n<li style=\"font-weight: 400; text-align: left;\" aria-level=\"1\"><span style=\"font-weight: 400;\">Arctic Sea est riche en acides gras Om\u00e9ga 3 (EPA et DHA). Les acides gras Om\u00e9ga-3 ont un effet b\u00e9n\u00e9fique sur le c\u0153ur, et le DHA contribue \u00e9galement \u00e0 une bonne fonction c\u00e9r\u00e9brale et visuelle.\u00a0<\/span><\/li>\n<li style=\"font-weight: 400; text-align: left;\" aria-level=\"1\"><span style=\"font-weight: 400;\">L\u2019Arginine Plus vous permet de rester actif toute la journ\u00e9e et d\u2019accomplir des performances optimales pendant et apr\u00e8s le sport. L\u2019ARGI+ contient l\u2019acide amin\u00e9 L-Arginine ainsi que les vitamines B6, B9 et B12.<\/span><\/li>\n<li style=\"font-weight: 400; text-align: left;\" aria-level=\"1\"><span style=\"font-weight: 400;\">Multi-vitamines Daily contient 55 nutriments, une association optimale de vitamines, min\u00e9raux et nutriments. <\/span><\/li>\n<\/ul>\n<p style=\"text-align: left;\"><span style=\"font-weight: 400;\">Demandez aupr\u00e8s votre brochure GRATUITE via le formulaire de Contact.<\/span><\/p>\n<p style=\"text-align: left;\"><span style=\"font-weight: 400;\">Lisez plus sur l\u2019<\/span><span style=\"font-weight: 400;\">Aloe Vera <\/span><span style=\"font-weight: 400;\">ou dirigez-vous directement vers la<\/span><a href=\"https:\/\/vivasana.be\/index.php\/fr\/aloe-vera-fr\/boutique-en-ligne\/\" target=\"_blank\" rel=\"noopener\"><span style=\"font-weight: 400;\"> boutique en ligne<\/span><\/a><\/p>\n<p>[\/vc_column_text][vc_empty_space height=&#8221;60px&#8221;][vc_single_image image=&#8221;4508&#8243; img_size=&#8221;large&#8221; alignment=&#8221;center&#8221;]\t\t<\/div>\n\t<\/div>\n<\/div><\/div>[\/vc_column][\/vc_row][vc_row][vc_column][vc_column_text][\/vc_column_text][\/vc_column][\/vc_row][vc_row][vc_column][vc_column_text]<\/p>\n<p>[\/vc_column_text][\/vc_column][\/vc_row][vc_row][vc_column][vc_column_text]<\/p>\n<p>[\/vc_column_text][\/vc_column][\/vc_row][vc_row][vc_column][vc_column_text]<\/p>\n<p>[\/vc_column_text][\/vc_column][\/vc_row]<\/p>\n","protected":false},"excerpt":{"rendered":"<p>[vc_row row_content_width=&#8221;grid&#8221;][vc_column][\/vc_column][\/vc_row][vc_row anchor=&#8221;vitality&#8221;][vc_column][\/vc_column][\/vc_row][vc_row anchor=&#8221;fit&#8221;][vc_column][\/vc_column][\/vc_row][vc_row][vc_column][vc_column_text][\/vc_column_text][\/vc_column][\/vc_row][vc_row][vc_column][vc_column_text] [\/vc_column_text][\/vc_column][\/vc_row][vc_row][vc_column][vc_column_text] [\/vc_column_text][\/vc_column][\/vc_row][vc_row][vc_column][vc_column_text] [\/vc_column_text][\/vc_column][\/vc_row]<\/p>\n","protected":false},"author":1,"featured_media":0,"parent":4963,"menu_order":0,"comment_status":"closed","ping_status":"closed","template":"full-width.php","meta":[],"yoast_head":"<!-- This site is optimized with the Yoast SEO plugin v16.0.2 - https:\/\/yoast.com\/wordpress\/plugins\/seo\/ -->\n<title>Aloe Vera - Vivasana<\/title>\n<link rel=\"canonical\" href=\"https:\/\/www.vivasana.be\/index.php\/fr\/traitements\/aloe-vera-2\/\" \/>\n<meta property=\"og:locale\" content=\"en_GB\" \/>\n<meta property=\"og:type\" content=\"article\" \/>\n<meta property=\"og:title\" content=\"Aloe Vera - Vivasana\" \/>\n<meta property=\"og:description\" content=\"[vc_row row_content_width=&#8221;grid&#8221;][vc_column][\/vc_column][\/vc_row][vc_row anchor=&#8221;vitality&#8221;][vc_column][\/vc_column][\/vc_row][vc_row anchor=&#8221;fit&#8221;][vc_column][\/vc_column][\/vc_row][vc_row][vc_column][vc_column_text][\/vc_column_text][\/vc_column][\/vc_row][vc_row][vc_column][vc_column_text] [\/vc_column_text][\/vc_column][\/vc_row][vc_row][vc_column][vc_column_text] [\/vc_column_text][\/vc_column][\/vc_row][vc_row][vc_column][vc_column_text] [\/vc_column_text][\/vc_column][\/vc_row]\" \/>\n<meta property=\"og:url\" content=\"https:\/\/www.vivasana.be\/index.php\/fr\/traitements\/aloe-vera-2\/\" \/>\n<meta property=\"og:site_name\" content=\"Vivasana\" \/>\n<meta property=\"article:modified_time\" content=\"2021-11-01T13:13:19+00:00\" \/>\n<meta name=\"twitter:card\" content=\"summary_large_image\" \/>\n<meta name=\"twitter:label1\" content=\"Estimated reading time\">\n\t<meta name=\"twitter:data1\" content=\"5 minutes\">\n<script type=\"application\/ld+json\" class=\"yoast-schema-graph\">{\"@context\":\"https:\/\/schema.org\",\"@graph\":[{\"@type\":[\"Person\",\"Organization\"],\"@id\":\"https:\/\/www.vivasana.be\/#\/schema\/person\/bf80a11fba06a1a649b56ee60f48f140\",\"name\":\"vivasana\",\"image\":{\"@type\":\"ImageObject\",\"@id\":\"https:\/\/www.vivasana.be\/#personlogo\",\"inLanguage\":\"en-GB\",\"url\":\"https:\/\/secure.gravatar.com\/avatar\/92d9ea7bd8b34298fad83acbfa01a197?s=96&d=mm&r=g\",\"caption\":\"vivasana\"},\"logo\":{\"@id\":\"https:\/\/www.vivasana.be\/#personlogo\"}},{\"@type\":\"WebSite\",\"@id\":\"https:\/\/www.vivasana.be\/#website\",\"url\":\"https:\/\/www.vivasana.be\/\",\"name\":\"Vivasana\",\"description\":\"Healing studio for physical and emotional release, based on a holistic Hawaiian approach.\",\"publisher\":{\"@id\":\"https:\/\/www.vivasana.be\/#\/schema\/person\/bf80a11fba06a1a649b56ee60f48f140\"},\"potentialAction\":[{\"@type\":\"SearchAction\",\"target\":\"https:\/\/www.vivasana.be\/?s={search_term_string}\",\"query-input\":\"required name=search_term_string\"}],\"inLanguage\":\"en-GB\"},{\"@type\":\"WebPage\",\"@id\":\"https:\/\/www.vivasana.be\/index.php\/fr\/traitements\/aloe-vera-2\/#webpage\",\"url\":\"https:\/\/www.vivasana.be\/index.php\/fr\/traitements\/aloe-vera-2\/\",\"name\":\"Aloe Vera - Vivasana\",\"isPartOf\":{\"@id\":\"https:\/\/www.vivasana.be\/#website\"},\"datePublished\":\"2021-03-06T17:49:40+00:00\",\"dateModified\":\"2021-11-01T13:13:19+00:00\",\"breadcrumb\":{\"@id\":\"https:\/\/www.vivasana.be\/index.php\/fr\/traitements\/aloe-vera-2\/#breadcrumb\"},\"inLanguage\":\"en-GB\",\"potentialAction\":[{\"@type\":\"ReadAction\",\"target\":[\"https:\/\/www.vivasana.be\/index.php\/fr\/traitements\/aloe-vera-2\/\"]}]},{\"@type\":\"BreadcrumbList\",\"@id\":\"https:\/\/www.vivasana.be\/index.php\/fr\/traitements\/aloe-vera-2\/#breadcrumb\",\"itemListElement\":[{\"@type\":\"ListItem\",\"position\":1,\"item\":{\"@type\":\"WebPage\",\"@id\":\"https:\/\/www.vivasana.be\/index.php\/en\/main-home\/\",\"url\":\"https:\/\/www.vivasana.be\/index.php\/en\/main-home\/\",\"name\":\"Home\"}},{\"@type\":\"ListItem\",\"position\":2,\"item\":{\"@type\":\"WebPage\",\"@id\":\"https:\/\/www.vivasana.be\/index.php\/fr\/traitements\/\",\"url\":\"https:\/\/www.vivasana.be\/index.php\/fr\/traitements\/\",\"name\":\"Traitements\"}},{\"@type\":\"ListItem\",\"position\":3,\"item\":{\"@type\":\"WebPage\",\"@id\":\"https:\/\/www.vivasana.be\/index.php\/fr\/traitements\/aloe-vera-2\/\",\"url\":\"https:\/\/www.vivasana.be\/index.php\/fr\/traitements\/aloe-vera-2\/\",\"name\":\"Aloe Vera\"}}]}]}<\/script>\n<!-- \/ Yoast SEO plugin. -->","_links":{"self":[{"href":"https:\/\/www.vivasana.be\/index.php\/wp-json\/wp\/v2\/pages\/4980"}],"collection":[{"href":"https:\/\/www.vivasana.be\/index.php\/wp-json\/wp\/v2\/pages"}],"about":[{"href":"https:\/\/www.vivasana.be\/index.php\/wp-json\/wp\/v2\/types\/page"}],"author":[{"embeddable":true,"href":"https:\/\/www.vivasana.be\/index.php\/wp-json\/wp\/v2\/users\/1"}],"replies":[{"embeddable":true,"href":"https:\/\/www.vivasana.be\/index.php\/wp-json\/wp\/v2\/comments?post=4980"}],"version-history":[{"count":11,"href":"https:\/\/www.vivasana.be\/index.php\/wp-json\/wp\/v2\/pages\/4980\/revisions"}],"predecessor-version":[{"id":5314,"href":"https:\/\/www.vivasana.be\/index.php\/wp-json\/wp\/v2\/pages\/4980\/revisions\/5314"}],"up":[{"embeddable":true,"href":"https:\/\/www.vivasana.be\/index.php\/wp-json\/wp\/v2\/pages\/4963"}],"wp:attachment":[{"href":"https:\/\/www.vivasana.be\/index.php\/wp-json\/wp\/v2\/media?parent=4980"}],"curies":[{"name":"wp","href":"https:\/\/api.w.org\/{rel}","templated":true}]}}