{"id":4975,"date":"2021-03-06T17:38:41","date_gmt":"2021-03-06T17:38:41","guid":{"rendered":"https:\/\/vivasana.be\/?page_id=4975"},"modified":"2023-06-12T07:51:21","modified_gmt":"2023-06-12T07:51:21","slug":"gestion-douleur","status":"publish","type":"page","link":"https:\/\/www.vivasana.be\/index.php\/fr\/traitements\/gestion-douleur\/","title":{"rendered":"Gestion douleur"},"content":{"rendered":"<p>[vc_row row_content_width=&#8221;grid&#8221;][vc_column]<div class=\"mkdf-elements-holder   mkdf-one-column  mkdf-responsive-mode-768 \" ><div class=\"mkdf-eh-item    \"  data-item-class=\"mkdf-eh-custom-9703\" data-1280-1600=\"0 0 10px\" data-1024-1280=\"10px 0 20px\">\n\t\t<div class=\"mkdf-eh-item-inner\">\n\t\t<div class=\"mkdf-eh-item-content mkdf-eh-custom-9703\" style=\"padding: 0 0 20px\">\n\t\t\t[vc_empty_space height=&#8221;100px&#8221;]<div class=\"mkdf-section-title-holder  mkdf-st-standard mkdf-st-title-left mkdf-st-normal-space \" style=\"text-align: center\">\n\t<div class=\"mkdf-st-inner\">\n\t\t<img width=\"90\" height=\"90\" src=\"https:\/\/www.vivasana.be\/wp-content\/uploads\/2020\/11\/Webp.net-resizeimage-7.png\" class=\"attachment-full size-full\" alt=\"\" loading=\"lazy\" \/>\n\t\t\t\t\t<div class=\"mkdf-separator-holder clearfix\">\n\t\t\t\t<div class=\"mkdf-separator\"><\/div>\n\t\t\t<\/div>\n\t\t\t\t\t\t\t<h2 class=\"mkdf-st-title\" >\n\t\t\t\tGestion douleur\t\t\t<\/h2>\n\t\t\t\t\t<\/div>\n<\/div>\t\t<\/div>\n\t<\/div>\n<\/div><\/div><div class=\"mkdf-elements-holder   mkdf-one-column  mkdf-responsive-mode-768 \" ><div class=\"mkdf-eh-item    \"  data-item-class=\"mkdf-eh-custom-8465\" data-1280-1600=\"0 0 10px\" data-1024-1280=\"10px 0 20px\">\n\t\t<div class=\"mkdf-eh-item-inner\">\n\t\t<div class=\"mkdf-eh-item-content mkdf-eh-custom-8465\" style=\"padding: 0 0 20px\">\n\t\t\t[vc_column_text]<\/p>\n<h3 style=\"text-align: center;\"><strong>Neurostimulation en (Near-Infra) Rouge<\/strong><\/h3>\n<p>&nbsp;<\/p>\n<p><span style=\"font-weight: 400;\">La th\u00e9rapie InterX \u2122 est une th\u00e9rapie de neurostimulation interactive non-invasive pour la gestion de la douleur post-traumatique, chronique et neuropathique.<\/span><\/p>\n<p><span style=\"font-weight: 400;\">Les lumi\u00e8res rouge et infrarouge sont l&#8217;un des moyens les plus naturels de stimuler le corps dans son processus d&#8217;auto-gu\u00e9rison. Il maintient une bonne sant\u00e9, fournit une hydratation ad\u00e9quate et un apport en oxyg\u00e8ne.<\/span>[\/vc_column_text][vc_empty_space]\t\t<\/div>\n\t<\/div>\n<\/div><\/div><div class=\"mkdf-elements-holder   mkdf-one-column  mkdf-responsive-mode-768 \" ><div class=\"mkdf-eh-item   mkdf-horizontal-alignment-center \"  data-item-class=\"mkdf-eh-custom-2267\" data-1280-1600=\"0 16% 0\" data-1024-1280=\"0 16% 0\">\n\t\t<div class=\"mkdf-eh-item-inner\">\n\t\t<div class=\"mkdf-eh-item-content mkdf-eh-custom-2267\" style=\"padding: 0 16% 0\">\n\t\t\t[vc_empty_space]<a itemprop=\"url\" href=\"https:\/\/vivasana.be\/index.php\/nl\/behandelingen\/pijnverlichting#neuro\" target=\"_self\" style=\"padding: 16px 95px\" class=\"mkdf-btn mkdf-btn-medium mkdf-btn-solid\"  >\n    <span class=\"mkdf-btn-text\">Neurostimulation<\/span>\n    \t<\/a><div class=\"mkdf-separator-holder clearfix  mkdf-separator-center \">\n\t<div class=\"mkdf-separator\" style=\"width: 1px;border-bottom-width: 1px\"><\/div>\n<\/div>\n<a itemprop=\"url\" href=\"https:\/\/vivasana.be\/index.php\/nl\/behandelingen\/pijnverlichting#infra\" target=\"_self\" style=\"padding: 16px 50px\" class=\"mkdf-btn mkdf-btn-medium mkdf-btn-solid\"  >\n    <span class=\"mkdf-btn-text\">INFRAREDLIGHT &amp; NEAR-INFRARED<\/span>\n    \t<\/a>[vc_empty_space]\t\t<\/div>\n\t<\/div>\n<\/div><\/div>[\/vc_column][\/vc_row][vc_row row_content_width=&#8221;grid&#8221; anchor=&#8221;neuro&#8221;][vc_column]<div class=\"mkdf-elements-holder   mkdf-one-column  mkdf-responsive-mode-768 \" ><div class=\"mkdf-eh-item    \"  data-item-class=\"mkdf-eh-custom-2623\" data-1280-1600=\"0 0 10px\" data-1024-1280=\"10px 0 20px\">\n\t\t<div class=\"mkdf-eh-item-inner\">\n\t\t<div class=\"mkdf-eh-item-content mkdf-eh-custom-2623\" style=\"padding: 0 0 20px\">\n\t\t\t[vc_empty_space][vc_empty_space][vc_column_text]<\/p>\n<h4 style=\"text-align: center;\"><span style=\"color: #d6b981;\"><strong>NEUROSTIMULATion<\/strong><\/span><\/h4>\n<p><span style=\"font-weight: 400;\">La th\u00e9rapie InterX est une forme de neurostimulation pour soulager les douleurs aigu\u00ebs et chroniques, r\u00e9duire la consommation de m\u00e9dicaments et r\u00e9soudre de mani\u00e8re permanente les plaintes physiques, bas\u00e9e sur l&#8217;ancien \u00abtapping tib\u00e9tain\u00bb. InterX a \u00e9t\u00e9 cliniquement prouv\u00e9 pour \u00eatre efficace en vue d\u2019une <\/span><b>r\u00e9\u00e9ducation plus rapide<\/b><span style=\"font-weight: 400;\">, <\/span><b>moins de douleur<\/b><span style=\"font-weight: 400;\"> et <\/span><b>plus de ROM<\/b><span style=\"font-weight: 400;\"> (amplitude de mouvement). InterX fonctionne sur le syst\u00e8me nerveux central. Via un syst\u00e8me interactif, l&#8217;appareil indique o\u00f9 se trouvent des blocages dans les tissus. Il stimule les cellules nerveuses \u00e0 retourner \u00e0 leur t\u00e2che, de sorte que la capacit\u00e9 d&#8217;auto-gu\u00e9rison du corps est stimul\u00e9e. Avec cette technique, on ne bloque pas les nerfs. Cette neurostimulation interactive <\/span><b>d\u00e9clenche notre syst\u00e8me nerveux parasympathique, ce qui entra\u00eene moins d&#8217;anxi\u00e9t\u00e9 et moins de stress, une meilleure digestion et un meilleur sommeil. <\/b><\/p>\n<p><span style=\"font-weight: 400;\">L\u2019appareil FlexBeam (Infrarouge) est un bel ajout \u00e0 cela et fournit des boosts suppl\u00e9mentaires dans le corps<\/span>[\/vc_column_text][vc_empty_space][vc_single_image image=&#8221;3913&#8243; img_size=&#8221;medium&#8221; alignment=&#8221;center&#8221;][vc_empty_space][vc_separator color=&#8221;black&#8221; style=&#8221;shadow&#8221;][vc_empty_space]\t\t<\/div>\n\t<\/div>\n<\/div><\/div>[\/vc_column][\/vc_row][vc_row row_content_width=&#8221;grid&#8221; anchor=&#8221;infra&#8221;][vc_column]<div class=\"mkdf-elements-holder   mkdf-one-column  mkdf-responsive-mode-768 \" ><div class=\"mkdf-eh-item    \"  data-item-class=\"mkdf-eh-custom-4180\" data-1280-1600=\"0 0 10px\" data-1024-1280=\"10px 0 20px\">\n\t\t<div class=\"mkdf-eh-item-inner\">\n\t\t<div class=\"mkdf-eh-item-content mkdf-eh-custom-4180\" style=\"padding: 0 0 20px\">\n\t\t\t[vc_column_text]<\/p>\n<h4 style=\"text-align: center;\"><span style=\"color: #d6b981;\"><strong>REDLIGHT &amp; NEAR-INFRARED<\/strong><\/span><\/h4>\n<p style=\"padding-left: 40px;\"><span style=\"font-weight: 400;\">La luminoth\u00e9rapie infrarouge maintient une bonne sant\u00e9, assure une hydratation et un apport en oxyg\u00e8ne ad\u00e9quats. C&#8217;est un anti-\u00e2ge parfait pour votre corps (\u00e9lasticit\u00e9 de la peau et production de collag\u00e8ne), qui augmente votre niveau cellulaire (mitochondries). Cette th\u00e9rapie est \u00e9galement un g\u00e9n\u00e9rateur de QI (via des points d\u2019acupuncture) qui pr\u00e9pare votre corps \u00e0 de meilleures performances et \u00e0 une r\u00e9cup\u00e9ration plus rapide (raideur).<\/span><\/p>\n<p>&nbsp;<\/p>\n<p>&nbsp;<\/p>\n<p style=\"padding-left: 40px;\"><span style=\"font-weight: 400;\">La luminoth\u00e9rapie infrarouge et la neurostimulation ont un r\u00e9sultat positif:<\/span><\/p>\n<ul>\n<li style=\"list-style-type: none;\">\n<ul>\n<li style=\"list-style-type: none;\">\n<ul>\n<li style=\"list-style-type: none;\">\n<ul>\n<li style=\"list-style-type: none;\">\n<ul>\n<li style=\"list-style-type: none;\">\n<ul>\n<li style=\"list-style-type: none;\">\n<ul>\n<li style=\"list-style-type: none;\">\n<ul>\n<li><span style=\"font-weight: 400;\">Il soulage la douleur<\/span><\/li>\n<li><span style=\"font-weight: 400;\">Il agit comme anti-inflammatoire<\/span><\/li>\n<li><span style=\"font-weight: 400;\">Il r\u00e9pare la peau<\/span><\/li>\n<li><span style=\"font-weight: 400;\">Il renforce le syst\u00e8me immunitaire<\/span><\/li>\n<li><span style=\"font-weight: 400;\">Pour le Sport, il favorise de meilleures performances et une meilleure r\u00e9cup\u00e9ration<\/span><\/li>\n<\/ul>\n<\/li>\n<\/ul>\n<\/li>\n<\/ul>\n<\/li>\n<\/ul>\n<\/li>\n<\/ul>\n<\/li>\n<\/ul>\n<\/li>\n<\/ul>\n<\/li>\n<\/ul>\n<p>[\/vc_column_text][vc_empty_space][vc_single_image image=&#8221;3582&#8243; img_size=&#8221;medium&#8221; alignment=&#8221;center&#8221;][vc_empty_space][vc_separator color=&#8221;black&#8221; style=&#8221;shadow&#8221;][vc_empty_space][vc_column_text]<span style=\"font-weight: 400;\">InterX et Flexbeam peuvent \u00eatre utilis\u00e9s en tant que th\u00e9rapie autonome ou en combinaison avec d&#8217;autres traitements. InterX est \u00e9galement utilis\u00e9 pour activer les points d\u2019acupuncture\/triggerpoints.<\/span><\/p>\n<p><span style=\"font-weight: 400;\">Les t\u00e9moignages de m\u00e9decins et de patients, ainsi que diverses \u00e9tudes peuvent \u00eatre consult\u00e9s via la rubrique <\/span><span style=\"font-weight: 400;\">Gestion douleur<\/span><span style=\"font-weight: 400;\">.<\/span><\/p>\n<p>&nbsp;<\/p>\n<p><strong>Combien de traitements sont n\u00e9cessaires?<\/strong><\/p>\n<p><span style=\"font-weight: 400;\">Chaque corps r\u00e9agit diff\u00e9remment et des blessures profondes peuvent n\u00e9cessiter plusieurs traitements. Dans la plupart des cas, un nombre de sessions plus important est n\u00e9cessaire pour les plaintes chroniques (6 \u00e0 14) que pour les plaintes aigu\u00ebs. Quelques sessions peuvent \u00eatre suffisantes pour les plaintes aigu\u00ebs. Dans presque tous les cas, on ressent un soulagement imm\u00e9diat de la douleur. De meilleurs r\u00e9sultats sont obtenus avec 2 traitements par semaine.<\/span><\/p>\n<p><span style=\"letter-spacing: 0.025em;\">\u00a0<\/span><\/p>\n<p><span style=\"font-weight: 400;\">J&#8217;ai \u00e9t\u00e9 form\u00e9 par le docteur Zulia Frost (Royaume-Uni) et Amira Segal (Pays-Bas). Je tiens \u00e0 souligner que je ne peux pas diagnostiquer ce que je ressens dans votre corps. Je vous guiderai le mieux possible pour que vous vous sentiez mieux au plus vite.<\/span><\/p>\n<p><span style=\"font-weight: 400;\">J&#8217;utilise InterX &amp; Flexbeam pour votre mieux-\u00eatre.<\/span><\/p>\n<p><span style=\"font-weight: 400;\">Plus d&#8217;informations sur <\/span><a href=\"http:\/\/www.interx.com\"><span style=\"font-weight: 400;\">www.interx.com<\/span><\/a><span style=\"font-weight: 400;\"> et sur <a href=\"https:\/\/recharge.health\/product\/the-flexbeam\/?ref=9A66M5NgJV6yI\" target=\"_blank\" rel=\"noopener\">https:\/\/recharge.health\u00a0\u00a0\u00a0<\/a><\/span><\/p>\n<p>R\u00e9duction \u00e0 l&#8217;achat d&#8217;un Flexbeam avec le coupon code: vivasana belgium<\/p>\n<h4>Donnez \u00e0 votre corps les moyens de se gu\u00e9rir et r\u00e9servez votre premi\u00e8re s\u00e9ance avec InterX et Flexbeam.<b><br \/>\n<\/b><\/h4>\n<p>[\/vc_column_text][vc_empty_space height=&#8221;50px&#8221;]\t\t<\/div>\n\t<\/div>\n<\/div><\/div>[\/vc_column][\/vc_row]<\/p>\n","protected":false},"excerpt":{"rendered":"<p>[vc_row row_content_width=&#8221;grid&#8221;][vc_column][\/vc_column][\/vc_row][vc_row row_content_width=&#8221;grid&#8221; anchor=&#8221;neuro&#8221;][vc_column][\/vc_column][\/vc_row][vc_row row_content_width=&#8221;grid&#8221; anchor=&#8221;infra&#8221;][vc_column][\/vc_column][\/vc_row]<\/p>\n","protected":false},"author":1,"featured_media":0,"parent":4963,"menu_order":0,"comment_status":"closed","ping_status":"closed","template":"full-width.php","meta":[],"yoast_head":"<!-- This site is optimized with the Yoast SEO plugin v16.0.2 - https:\/\/yoast.com\/wordpress\/plugins\/seo\/ -->\n<title>Gestion douleur - Vivasana<\/title>\n<link rel=\"canonical\" href=\"https:\/\/www.vivasana.be\/index.php\/fr\/traitements\/gestion-douleur\/\" \/>\n<meta property=\"og:locale\" content=\"en_GB\" \/>\n<meta property=\"og:type\" content=\"article\" \/>\n<meta property=\"og:title\" content=\"Gestion douleur - Vivasana\" \/>\n<meta property=\"og:description\" content=\"[vc_row row_content_width=&#8221;grid&#8221;][vc_column][\/vc_column][\/vc_row][vc_row row_content_width=&#8221;grid&#8221; anchor=&#8221;neuro&#8221;][vc_column][\/vc_column][\/vc_row][vc_row row_content_width=&#8221;grid&#8221; anchor=&#8221;infra&#8221;][vc_column][\/vc_column][\/vc_row]\" \/>\n<meta property=\"og:url\" content=\"https:\/\/www.vivasana.be\/index.php\/fr\/traitements\/gestion-douleur\/\" \/>\n<meta property=\"og:site_name\" content=\"Vivasana\" \/>\n<meta property=\"article:modified_time\" content=\"2023-06-12T07:51:21+00:00\" \/>\n<meta name=\"twitter:card\" content=\"summary_large_image\" \/>\n<meta name=\"twitter:label1\" content=\"Estimated reading time\">\n\t<meta name=\"twitter:data1\" content=\"3 minutes\">\n<script type=\"application\/ld+json\" class=\"yoast-schema-graph\">{\"@context\":\"https:\/\/schema.org\",\"@graph\":[{\"@type\":[\"Person\",\"Organization\"],\"@id\":\"https:\/\/www.vivasana.be\/#\/schema\/person\/bf80a11fba06a1a649b56ee60f48f140\",\"name\":\"vivasana\",\"image\":{\"@type\":\"ImageObject\",\"@id\":\"https:\/\/www.vivasana.be\/#personlogo\",\"inLanguage\":\"en-GB\",\"url\":\"https:\/\/secure.gravatar.com\/avatar\/92d9ea7bd8b34298fad83acbfa01a197?s=96&d=mm&r=g\",\"caption\":\"vivasana\"},\"logo\":{\"@id\":\"https:\/\/www.vivasana.be\/#personlogo\"}},{\"@type\":\"WebSite\",\"@id\":\"https:\/\/www.vivasana.be\/#website\",\"url\":\"https:\/\/www.vivasana.be\/\",\"name\":\"Vivasana\",\"description\":\"Healing studio for physical and emotional release, based on a holistic Hawaiian approach.\",\"publisher\":{\"@id\":\"https:\/\/www.vivasana.be\/#\/schema\/person\/bf80a11fba06a1a649b56ee60f48f140\"},\"potentialAction\":[{\"@type\":\"SearchAction\",\"target\":\"https:\/\/www.vivasana.be\/?s={search_term_string}\",\"query-input\":\"required name=search_term_string\"}],\"inLanguage\":\"en-GB\"},{\"@type\":\"WebPage\",\"@id\":\"https:\/\/www.vivasana.be\/index.php\/fr\/traitements\/gestion-douleur\/#webpage\",\"url\":\"https:\/\/www.vivasana.be\/index.php\/fr\/traitements\/gestion-douleur\/\",\"name\":\"Gestion douleur - Vivasana\",\"isPartOf\":{\"@id\":\"https:\/\/www.vivasana.be\/#website\"},\"datePublished\":\"2021-03-06T17:38:41+00:00\",\"dateModified\":\"2023-06-12T07:51:21+00:00\",\"breadcrumb\":{\"@id\":\"https:\/\/www.vivasana.be\/index.php\/fr\/traitements\/gestion-douleur\/#breadcrumb\"},\"inLanguage\":\"en-GB\",\"potentialAction\":[{\"@type\":\"ReadAction\",\"target\":[\"https:\/\/www.vivasana.be\/index.php\/fr\/traitements\/gestion-douleur\/\"]}]},{\"@type\":\"BreadcrumbList\",\"@id\":\"https:\/\/www.vivasana.be\/index.php\/fr\/traitements\/gestion-douleur\/#breadcrumb\",\"itemListElement\":[{\"@type\":\"ListItem\",\"position\":1,\"item\":{\"@type\":\"WebPage\",\"@id\":\"https:\/\/www.vivasana.be\/index.php\/en\/main-home\/\",\"url\":\"https:\/\/www.vivasana.be\/index.php\/en\/main-home\/\",\"name\":\"Home\"}},{\"@type\":\"ListItem\",\"position\":2,\"item\":{\"@type\":\"WebPage\",\"@id\":\"https:\/\/www.vivasana.be\/index.php\/fr\/traitements\/\",\"url\":\"https:\/\/www.vivasana.be\/index.php\/fr\/traitements\/\",\"name\":\"Traitements\"}},{\"@type\":\"ListItem\",\"position\":3,\"item\":{\"@type\":\"WebPage\",\"@id\":\"https:\/\/www.vivasana.be\/index.php\/fr\/traitements\/gestion-douleur\/\",\"url\":\"https:\/\/www.vivasana.be\/index.php\/fr\/traitements\/gestion-douleur\/\",\"name\":\"Gestion douleur\"}}]}]}<\/script>\n<!-- \/ Yoast SEO plugin. -->","_links":{"self":[{"href":"https:\/\/www.vivasana.be\/index.php\/wp-json\/wp\/v2\/pages\/4975"}],"collection":[{"href":"https:\/\/www.vivasana.be\/index.php\/wp-json\/wp\/v2\/pages"}],"about":[{"href":"https:\/\/www.vivasana.be\/index.php\/wp-json\/wp\/v2\/types\/page"}],"author":[{"embeddable":true,"href":"https:\/\/www.vivasana.be\/index.php\/wp-json\/wp\/v2\/users\/1"}],"replies":[{"embeddable":true,"href":"https:\/\/www.vivasana.be\/index.php\/wp-json\/wp\/v2\/comments?post=4975"}],"version-history":[{"count":8,"href":"https:\/\/www.vivasana.be\/index.php\/wp-json\/wp\/v2\/pages\/4975\/revisions"}],"predecessor-version":[{"id":5469,"href":"https:\/\/www.vivasana.be\/index.php\/wp-json\/wp\/v2\/pages\/4975\/revisions\/5469"}],"up":[{"embeddable":true,"href":"https:\/\/www.vivasana.be\/index.php\/wp-json\/wp\/v2\/pages\/4963"}],"wp:attachment":[{"href":"https:\/\/www.vivasana.be\/index.php\/wp-json\/wp\/v2\/media?parent=4975"}],"curies":[{"name":"wp","href":"https:\/\/api.w.org\/{rel}","templated":true}]}}