{"id":4853,"date":"2021-02-23T15:00:50","date_gmt":"2021-02-23T15:00:50","guid":{"rendered":"https:\/\/vivasana.be\/?page_id=4853"},"modified":"2021-04-22T16:04:15","modified_gmt":"2021-04-22T16:04:15","slug":"hooponopono","status":"publish","type":"page","link":"https:\/\/www.vivasana.be\/index.php\/fr\/hawaiian-healing-fr\/hooponopono\/","title":{"rendered":"Ho&#8217;oponopono"},"content":{"rendered":"<p>[vc_row row_content_width=&#8221;grid&#8221;][vc_column]<div class=\"mkdf-elements-holder   mkdf-one-column  mkdf-responsive-mode-768 \" ><div class=\"mkdf-eh-item    \"  data-item-class=\"mkdf-eh-custom-4773\" data-1280-1600=\"0 0 10px\" data-1024-1280=\"10px 0 20px\">\n\t\t<div class=\"mkdf-eh-item-inner\">\n\t\t<div class=\"mkdf-eh-item-content mkdf-eh-custom-4773\" style=\"padding: 0 0 20px\">\n\t\t\t[vc_empty_space height=&#8221;100px&#8221;]<div class=\"mkdf-section-title-holder  mkdf-st-standard mkdf-st-title-left mkdf-st-normal-space \" style=\"text-align: center\">\n\t<div class=\"mkdf-st-inner\">\n\t\t<img width=\"90\" height=\"90\" src=\"https:\/\/www.vivasana.be\/wp-content\/uploads\/2020\/11\/Webp.net-resizeimage-7.png\" class=\"attachment-full size-full\" alt=\"\" loading=\"lazy\" \/>\n\t\t\t\t\t<div class=\"mkdf-separator-holder clearfix\">\n\t\t\t\t<div class=\"mkdf-separator\"><\/div>\n\t\t\t<\/div>\n\t\t\t\t\t\t\t<h2 class=\"mkdf-st-title\" >\n\t\t\t\tHo\u2019Oponopono\t\t\t<\/h2>\n\t\t\t\t\t<\/div>\n<\/div>\t\t<\/div>\n\t<\/div>\n<\/div><\/div><div class=\"mkdf-elements-holder   mkdf-one-column  mkdf-responsive-mode-768 \" ><div class=\"mkdf-eh-item    \"  data-item-class=\"mkdf-eh-custom-4883\" data-1280-1600=\"0 10% 0\" data-1024-1280=\"0 10% 0\"  data-680-768=\"0 3% 0\" data-680=\"0 0\">\n\t\t<div class=\"mkdf-eh-item-inner\">\n\t\t<div class=\"mkdf-eh-item-content mkdf-eh-custom-4883\" style=\"padding: 0 20% 0\">\n\t\t\t[vc_media_grid element_width=&#8221;12&#8243; grid_id=&#8221;vc_gid:1619107427115-c249f176-fceb-4&#8243; include=&#8221;3775&#8243;][vc_empty_space][vc_column_text]<\/p>\n<p style=\"text-align: center;\"><i><span style=\"font-weight: 400;\">Ho\u2019oponopono ram\u00e8ne la lumi\u00e8re dans notre vie alors<\/span><\/i><\/p>\n<p style=\"text-align: center;\"><i><span style=\"font-weight: 400;\">que les souvenirs de nos blessures ne nous affectent plus n\u00e9gativement.<\/span><\/i><\/p>\n<p>&nbsp;<\/p>\n<p><span style=\"font-weight: 400;\">Ho\u2019Oponopono signifie:<\/span><\/p>\n<p><b>Ho\u2019 <\/b><span style=\"font-weight: 400;\">signifie Action: quelque chose que vous faites, soit en pens\u00e9es, soit par une\/des action(s).<\/span><\/p>\n<p><b>Pono<\/b><span style=\"font-weight: 400;\"> signifie \u00eatre correct, \u00eatre int\u00e8gre avec soi-m\u00eame et les autres, \u00eatre juste.<\/span><\/p>\n<p><b>Ho\u2019Oponopono<\/b><span style=\"font-weight: 400;\"> signifie faire bien, plus juste. Rendre ce qui est juste encore meilleur.<\/span><\/p>\n<p>&nbsp;<\/p>\n<p><span style=\"font-weight: 400;\">Ho\u2019Oponopono est une pratique spirituelle hawa\u00efenne visant \u00e0 la <\/span><b>gu\u00e9rison par r\u00e9solution de conflit<\/b><span style=\"font-weight: 400;\">, nettoyant l&#8217;esprit de ses pens\u00e9es et sentiments n\u00e9gatifs, en les convertissant en \u00e9nergie positive. Dans l&#8217;ancien Hawai&#8217;i, Ho\u2019Oponopono \u00e9tait utilis\u00e9 uniquement en famille pour r\u00e9parer les relations familiales. Ho&#8217;Oponopono corrige, restaure et entretient de bonnes relations en allant aux sources.<\/span><\/p>\n<p>&nbsp;<\/p>\n<h3><span style=\"font-weight: 400;\">Les pens\u00e9es sont tr\u00e8s puissantes. Votre \u00e9nergie circule l\u00e0 o\u00f9 votre pens\u00e9e va.<\/span><\/h3>\n<p>&nbsp;<\/p>\n<p><span style=\"font-weight: 400;\">D\u00e8s lors, il est essentiel d\u2019int\u00e9grer des <\/span><b>affirmations positives<\/b><span style=\"font-weight: 400;\"> dans votre vie quotidienne. Ceci vous apportera plus de l\u00e9g\u00e8ret\u00e9 (*Bol de lumi\u00e8re) et gardera heureux votre enfant int\u00e9rieur ( Unihipili ). L&#8217;Unihipili hawa\u00efen repr\u00e9sente votre subconscient.<\/span><\/p>\n<p><span style=\"font-weight: 400;\">La <\/span><b>prise de conscience<\/b><span style=\"font-weight: 400;\"> est la premi\u00e8re \u00e9tape pour comprendre que chaque personne a la capacit\u00e9 <\/span><b>d\u2019am\u00e9liorer sa sant\u00e9 par sa mani\u00e8re de penser<\/b><span style=\"font-weight: 400;\">. Il s\u2019agit de prendre conscience et de comprendre qu\u2019un <\/span><b>mode de vie responsable<\/b><span style=\"font-weight: 400;\"> peut vous apporter \u00e9quilibre et harmonie, avec vous-m\u00eame, avec les autres et avec tout l&#8217;univers.<\/span><\/p>\n<p>&nbsp;<\/p>\n<p><span style=\"font-weight: 400;\">Lorsque vous pratiquez quotidiennement, vous cr\u00e9ez plus d&#8217;espace, plus de lumi\u00e8re et des choses passionnantes pourront se mettre en place.<\/span><\/p>\n<h3><span style=\"font-weight: 400;\">Et vous \u00eates le(la) seul(e) \u00e0 pouvoir changer cela.<\/span><\/h3>\n<p>&nbsp;<\/p>\n<p><span style=\"font-weight: 400;\">En tant que praticiens de lomilomi, nous travaillons pour vous aider \u00e0 atteindre cet \u00e9quilibre, l&#8217;\u00e9quilibre Aloha.<\/span><\/p>\n<p>&nbsp;<\/p>\n<p><span style=\"font-weight: 400;\">Morrnah Nalamaku Simeona, une Kahuna originaire de Hawa\u00ef et gu\u00e9risseuse dou\u00e9e, \u00e9tait entour\u00e9e de cette ancienne tradition de gu\u00e9rison orale d\u00e8s son plus jeune \u00e2ge. \u00c0 trois ans, elle a \u00e9t\u00e9 reconnue pour perp\u00e9tuer cette tradition vivante. Comme la formation \u00e9tait orale, transmise d&#8217;enseignant \u00e0 \u00e9l\u00e8ve, il n&#8217;y avait pas de livres \u00e0 lire, pas de notes \u00e0 prendre. Elle a appris en \u00e9coutant, en r\u00e9p\u00e9tant et en se rappelant. Le Ho\u2019Oponopono traditionnel exigeait que toute la famille assiste \u00e0 la gu\u00e9rison. En 1976, \u00e0 l&#8217;\u00e2ge de 63 ans, elle a d\u00e9velopp\u00e9 un nouveau syst\u00e8me de gu\u00e9rison bas\u00e9 sur l&#8217;ancienne tradition spirituelle.<\/span><\/p>\n<p><span style=\"font-weight: 400;\">Son syst\u00e8me est simple et peut \u00eatre utilis\u00e9 avec succ\u00e8s par tout un chacun<\/span><span style=\"font-weight: 400;\">.<\/span><\/p>\n<h3><span style=\"font-weight: 400;\">Le processus est essentiellement ax\u00e9e sur la LIBERT\u00c9, <\/span><b>la LIBERT\u00c9 compl\u00e8te du pass\u00e9.<\/b><\/h3>\n<p>&nbsp;<\/p>\n<p><i><span style=\"font-weight: 400; font-size: 0.8em;\">Bol de lumi\u00e8re * Une belle histoire hawa\u00efenne intitul\u00e9e &#8220;The Bowl of Light&#8221; nous rappelle qu&#8217;il n&#8217;est jamais trop tard pour changer sa vie et vivre de lumi\u00e8re et d&#8217;amour. Nous sommes tous n\u00e9s avec un bol parfait plein de lumi\u00e8re, un cadeau de notre Aumakua &#8211; notre cr\u00e9ateur de vie. Ce bol est le r\u00e9cipient de qui nous sommes. Si nous apprenons \u00e0 respecter et \u00e0 ch\u00e9rir cette lumi\u00e8re et \u00e0 vivre nos vies avec amour, nous pouvons \u00e9lever notre chemin sur cette plan\u00e8te. Lorsque notre bol est plein de lumi\u00e8re, il y a beaucoup d&#8217;amour et d&#8217;\u00e9nergie disponibles pour alimenter et inspirer tout ce que nous faisons. Cependant, si nous perdons le contact avec cette lumi\u00e8re et devenons craintifs, critiques ou n\u00e9gatifs, une pierre est ajout\u00e9e \u00e0 notre bol \u00e0 chaque fois, et chaque pierre expulse une partie de la lumi\u00e8re. Si nous restons suffisamment longtemps dans ce mod\u00e8le, notre bol de lumi\u00e8re peut \u00e9ventuellement devenir un bol rempli de pierres, o\u00f9 aucune lumi\u00e8re ne peut briller. Et nous deviendrons une pierre. Une pierre ne pousse pas et ne bouge pas. Si \u00e0 tout moment nous sommes fatigu\u00e9s d&#8217;\u00eatre une pierre, tout ce que nous devons faire est de retourner le bol\u00a0; les pierres tomberont et la Lumi\u00e8re grandira \u00e0 nouveau.<\/span><\/i><\/p>\n<p>[\/vc_column_text]\t\t<\/div>\n\t<\/div>\n<\/div><\/div><div class=\"mkdf-elements-holder   mkdf-one-column  mkdf-responsive-mode-768 \" ><div class=\"mkdf-eh-item   mkdf-horizontal-alignment-center \"  data-item-class=\"mkdf-eh-custom-7615\" data-1280-1600=\"30px 0 8%\" data-1024-1280=\"40px 0 9%\" data-768-1024=\"40px 0 12%\" data-680-768=\"40px 0 34%\" data-680=\"30px 0 21%\">\n\t\t<div class=\"mkdf-eh-item-inner\">\n\t\t<div class=\"mkdf-eh-item-content mkdf-eh-custom-7615\" style=\"padding: 40px 0 20%\">\n\t\t\t<div class=\"mkdf-image-gallery  mkdf-ig-grid-type mkdf-tiny-space  \">\n\t<div class=\"mkdf-ig-inner mkdf-outer-space mkdf-ig-grid mkdf-ig-three-columns\">\n\t\t\t\t\t<div class=\"mkdf-ig-image mkdf-item-space\">\n\t\t\t\t<div class=\"mkdf-ig-image-inner\">\n\t\t\t\t\t\t\t\t\t\t\t<img width=\"768\" height=\"1024\" src=\"https:\/\/www.vivasana.be\/wp-content\/uploads\/2020\/12\/IMG_9037-768x1024.jpg\" class=\"attachment-large size-large\" alt=\"\" loading=\"lazy\" srcset=\"https:\/\/www.vivasana.be\/wp-content\/uploads\/2020\/12\/IMG_9037-768x1024.jpg 768w, https:\/\/www.vivasana.be\/wp-content\/uploads\/2020\/12\/IMG_9037-225x300.jpg 225w, https:\/\/www.vivasana.be\/wp-content\/uploads\/2020\/12\/IMG_9037-1152x1536.jpg 1152w, https:\/\/www.vivasana.be\/wp-content\/uploads\/2020\/12\/IMG_9037-1536x2048.jpg 1536w, https:\/\/www.vivasana.be\/wp-content\/uploads\/2020\/12\/IMG_9037-scaled.jpg 1920w\" sizes=\"(max-width: 768px) 100vw, 768px\" \/>\t\t\t\t\t\t\t\t\t<\/div>\n\t\t\t<\/div>\n\t\t\t\t\t<div class=\"mkdf-ig-image mkdf-item-space\">\n\t\t\t\t<div class=\"mkdf-ig-image-inner\">\n\t\t\t\t\t\t\t\t\t\t\t<img width=\"768\" height=\"1024\" src=\"https:\/\/www.vivasana.be\/wp-content\/uploads\/2020\/12\/IMG_9055-768x1024.jpg\" class=\"attachment-large size-large\" alt=\"\" loading=\"lazy\" srcset=\"https:\/\/www.vivasana.be\/wp-content\/uploads\/2020\/12\/IMG_9055-768x1024.jpg 768w, https:\/\/www.vivasana.be\/wp-content\/uploads\/2020\/12\/IMG_9055-225x300.jpg 225w, https:\/\/www.vivasana.be\/wp-content\/uploads\/2020\/12\/IMG_9055-1152x1536.jpg 1152w, https:\/\/www.vivasana.be\/wp-content\/uploads\/2020\/12\/IMG_9055-1536x2048.jpg 1536w, https:\/\/www.vivasana.be\/wp-content\/uploads\/2020\/12\/IMG_9055-scaled.jpg 1920w\" sizes=\"(max-width: 768px) 100vw, 768px\" \/>\t\t\t\t\t\t\t\t\t<\/div>\n\t\t\t<\/div>\n\t\t\t\t\t<div class=\"mkdf-ig-image mkdf-item-space\">\n\t\t\t\t<div class=\"mkdf-ig-image-inner\">\n\t\t\t\t\t\t\t\t\t\t\t<img width=\"768\" height=\"1024\" src=\"https:\/\/www.vivasana.be\/wp-content\/uploads\/2020\/12\/64656a01-34f4-4756-af27-cdf84e86c8df-768x1024.jpg\" class=\"attachment-large size-large\" alt=\"\" loading=\"lazy\" srcset=\"https:\/\/www.vivasana.be\/wp-content\/uploads\/2020\/12\/64656a01-34f4-4756-af27-cdf84e86c8df-768x1024.jpg 768w, https:\/\/www.vivasana.be\/wp-content\/uploads\/2020\/12\/64656a01-34f4-4756-af27-cdf84e86c8df-225x300.jpg 225w, https:\/\/www.vivasana.be\/wp-content\/uploads\/2020\/12\/64656a01-34f4-4756-af27-cdf84e86c8df-1152x1536.jpg 1152w, https:\/\/www.vivasana.be\/wp-content\/uploads\/2020\/12\/64656a01-34f4-4756-af27-cdf84e86c8df.jpg 1200w\" sizes=\"(max-width: 768px) 100vw, 768px\" \/>\t\t\t\t\t\t\t\t\t<\/div>\n\t\t\t<\/div>\n\t\t\t<\/div>\n<\/div>\t\t<\/div>\n\t<\/div>\n<\/div><\/div>[\/vc_column][\/vc_row][vc_row][vc_column][vc_column_text][\/vc_column_text][\/vc_column][\/vc_row]<\/p>\n","protected":false},"excerpt":{"rendered":"<p>[vc_row row_content_width=&#8221;grid&#8221;][vc_column][\/vc_column][\/vc_row][vc_row][vc_column][vc_column_text][\/vc_column_text][\/vc_column][\/vc_row]<\/p>\n","protected":false},"author":1,"featured_media":0,"parent":4844,"menu_order":0,"comment_status":"closed","ping_status":"closed","template":"full-width.php","meta":[],"yoast_head":"<!-- This site is optimized with the Yoast SEO plugin v16.0.2 - https:\/\/yoast.com\/wordpress\/plugins\/seo\/ -->\n<title>Ho&#039;oponopono - Vivasana<\/title>\n<link rel=\"canonical\" href=\"https:\/\/www.vivasana.be\/index.php\/fr\/hawaiian-healing-fr\/hooponopono\/\" \/>\n<meta property=\"og:locale\" content=\"en_GB\" \/>\n<meta property=\"og:type\" content=\"article\" \/>\n<meta property=\"og:title\" content=\"Ho&#039;oponopono - Vivasana\" \/>\n<meta property=\"og:description\" content=\"[vc_row row_content_width=&#8221;grid&#8221;][vc_column][\/vc_column][\/vc_row][vc_row][vc_column][vc_column_text][\/vc_column_text][\/vc_column][\/vc_row]\" \/>\n<meta property=\"og:url\" content=\"https:\/\/www.vivasana.be\/index.php\/fr\/hawaiian-healing-fr\/hooponopono\/\" \/>\n<meta property=\"og:site_name\" content=\"Vivasana\" \/>\n<meta property=\"article:modified_time\" content=\"2021-04-22T16:04:15+00:00\" \/>\n<meta name=\"twitter:card\" content=\"summary_large_image\" \/>\n<meta name=\"twitter:label1\" content=\"Estimated reading time\">\n\t<meta name=\"twitter:data1\" content=\"3 minutes\">\n<script type=\"application\/ld+json\" class=\"yoast-schema-graph\">{\"@context\":\"https:\/\/schema.org\",\"@graph\":[{\"@type\":[\"Person\",\"Organization\"],\"@id\":\"https:\/\/www.vivasana.be\/#\/schema\/person\/bf80a11fba06a1a649b56ee60f48f140\",\"name\":\"vivasana\",\"image\":{\"@type\":\"ImageObject\",\"@id\":\"https:\/\/www.vivasana.be\/#personlogo\",\"inLanguage\":\"en-GB\",\"url\":\"https:\/\/secure.gravatar.com\/avatar\/92d9ea7bd8b34298fad83acbfa01a197?s=96&d=mm&r=g\",\"caption\":\"vivasana\"},\"logo\":{\"@id\":\"https:\/\/www.vivasana.be\/#personlogo\"}},{\"@type\":\"WebSite\",\"@id\":\"https:\/\/www.vivasana.be\/#website\",\"url\":\"https:\/\/www.vivasana.be\/\",\"name\":\"Vivasana\",\"description\":\"Healing studio for physical and emotional release, based on a holistic Hawaiian approach.\",\"publisher\":{\"@id\":\"https:\/\/www.vivasana.be\/#\/schema\/person\/bf80a11fba06a1a649b56ee60f48f140\"},\"potentialAction\":[{\"@type\":\"SearchAction\",\"target\":\"https:\/\/www.vivasana.be\/?s={search_term_string}\",\"query-input\":\"required name=search_term_string\"}],\"inLanguage\":\"en-GB\"},{\"@type\":\"WebPage\",\"@id\":\"https:\/\/www.vivasana.be\/index.php\/fr\/hawaiian-healing-fr\/hooponopono\/#webpage\",\"url\":\"https:\/\/www.vivasana.be\/index.php\/fr\/hawaiian-healing-fr\/hooponopono\/\",\"name\":\"Ho'oponopono - Vivasana\",\"isPartOf\":{\"@id\":\"https:\/\/www.vivasana.be\/#website\"},\"datePublished\":\"2021-02-23T15:00:50+00:00\",\"dateModified\":\"2021-04-22T16:04:15+00:00\",\"breadcrumb\":{\"@id\":\"https:\/\/www.vivasana.be\/index.php\/fr\/hawaiian-healing-fr\/hooponopono\/#breadcrumb\"},\"inLanguage\":\"en-GB\",\"potentialAction\":[{\"@type\":\"ReadAction\",\"target\":[\"https:\/\/www.vivasana.be\/index.php\/fr\/hawaiian-healing-fr\/hooponopono\/\"]}]},{\"@type\":\"BreadcrumbList\",\"@id\":\"https:\/\/www.vivasana.be\/index.php\/fr\/hawaiian-healing-fr\/hooponopono\/#breadcrumb\",\"itemListElement\":[{\"@type\":\"ListItem\",\"position\":1,\"item\":{\"@type\":\"WebPage\",\"@id\":\"https:\/\/www.vivasana.be\/index.php\/en\/main-home\/\",\"url\":\"https:\/\/www.vivasana.be\/index.php\/en\/main-home\/\",\"name\":\"Home\"}},{\"@type\":\"ListItem\",\"position\":2,\"item\":{\"@type\":\"WebPage\",\"@id\":\"https:\/\/www.vivasana.be\/index.php\/fr\/hawaiian-healing-fr\/\",\"url\":\"https:\/\/www.vivasana.be\/index.php\/fr\/hawaiian-healing-fr\/\",\"name\":\"Hawaiian Healing\"}},{\"@type\":\"ListItem\",\"position\":3,\"item\":{\"@type\":\"WebPage\",\"@id\":\"https:\/\/www.vivasana.be\/index.php\/fr\/hawaiian-healing-fr\/hooponopono\/\",\"url\":\"https:\/\/www.vivasana.be\/index.php\/fr\/hawaiian-healing-fr\/hooponopono\/\",\"name\":\"Ho&#8217;oponopono\"}}]}]}<\/script>\n<!-- \/ Yoast SEO plugin. -->","_links":{"self":[{"href":"https:\/\/www.vivasana.be\/index.php\/wp-json\/wp\/v2\/pages\/4853"}],"collection":[{"href":"https:\/\/www.vivasana.be\/index.php\/wp-json\/wp\/v2\/pages"}],"about":[{"href":"https:\/\/www.vivasana.be\/index.php\/wp-json\/wp\/v2\/types\/page"}],"author":[{"embeddable":true,"href":"https:\/\/www.vivasana.be\/index.php\/wp-json\/wp\/v2\/users\/1"}],"replies":[{"embeddable":true,"href":"https:\/\/www.vivasana.be\/index.php\/wp-json\/wp\/v2\/comments?post=4853"}],"version-history":[{"count":4,"href":"https:\/\/www.vivasana.be\/index.php\/wp-json\/wp\/v2\/pages\/4853\/revisions"}],"predecessor-version":[{"id":5123,"href":"https:\/\/www.vivasana.be\/index.php\/wp-json\/wp\/v2\/pages\/4853\/revisions\/5123"}],"up":[{"embeddable":true,"href":"https:\/\/www.vivasana.be\/index.php\/wp-json\/wp\/v2\/pages\/4844"}],"wp:attachment":[{"href":"https:\/\/www.vivasana.be\/index.php\/wp-json\/wp\/v2\/media?parent=4853"}],"curies":[{"name":"wp","href":"https:\/\/api.w.org\/{rel}","templated":true}]}}