{"id":4851,"date":"2021-02-23T15:00:18","date_gmt":"2021-02-23T15:00:18","guid":{"rendered":"https:\/\/vivasana.be\/?page_id=4851"},"modified":"2021-04-22T16:04:27","modified_gmt":"2021-04-22T16:04:27","slug":"authentique-lomilomi","status":"publish","type":"page","link":"https:\/\/www.vivasana.be\/index.php\/fr\/hawaiian-healing-fr\/authentique-lomilomi\/","title":{"rendered":"L&#8217;authentique Lomilomi"},"content":{"rendered":"<p>[vc_row row_content_width=&#8221;grid&#8221;][vc_column]<div class=\"mkdf-elements-holder   mkdf-one-column  mkdf-responsive-mode-768 \" ><div class=\"mkdf-eh-item    \"  data-item-class=\"mkdf-eh-custom-5357\" data-1280-1600=\"0 0 10px\" data-1024-1280=\"10px 0 20px\">\n\t\t<div class=\"mkdf-eh-item-inner\">\n\t\t<div class=\"mkdf-eh-item-content mkdf-eh-custom-5357\" style=\"padding: 0 0 20px\">\n\t\t\t[vc_empty_space height=&#8221;100px&#8221;]<div class=\"mkdf-section-title-holder  mkdf-st-standard mkdf-st-title-left mkdf-st-normal-space \" style=\"text-align: center\">\n\t<div class=\"mkdf-st-inner\">\n\t\t<img width=\"90\" height=\"90\" src=\"https:\/\/www.vivasana.be\/wp-content\/uploads\/2020\/11\/Webp.net-resizeimage-7.png\" class=\"attachment-full size-full\" alt=\"\" loading=\"lazy\" \/>\n\t\t\t\t\t<div class=\"mkdf-separator-holder clearfix\">\n\t\t\t\t<div class=\"mkdf-separator\"><\/div>\n\t\t\t<\/div>\n\t\t\t\t\t\t\t<h2 class=\"mkdf-st-title\" >\n\t\t\t\tL\u2019authentique Lomilomi\t\t\t<\/h2>\n\t\t\t\t\t<\/div>\n<\/div>\t\t<\/div>\n\t<\/div>\n<\/div><\/div><div class=\"mkdf-elements-holder   mkdf-one-column  mkdf-responsive-mode-768 \" ><div class=\"mkdf-eh-item    \"  data-item-class=\"mkdf-eh-custom-2795\" data-1280-1600=\"0 10% 0\" data-1024-1280=\"0 10% 0\"  data-680-768=\"0 3% 0\" data-680=\"0 0\">\n\t\t<div class=\"mkdf-eh-item-inner\">\n\t\t<div class=\"mkdf-eh-item-content mkdf-eh-custom-2795\" style=\"padding: 0 20% 0\">\n\t\t\t[vc_media_grid element_width=&#8221;6&#8243; grid_id=&#8221;vc_gid:1619107427095-339b31c9-9533-0&#8243; include=&#8221;3768,4015&#8243; css=&#8221;.vc_custom_1609762931294{margin-right: 100px !important;margin-left: 100px !important;}&#8221;][vc_empty_space][vc_column_text]<span style=\"font-weight: 400;\">Lomilomi est une invitation \u00e0 rechercher en soi la joie de vivre et \u00e0 prendre l&#8217;enti\u00e8re responsabilit\u00e9 de sa vie.\u00a0<\/span><\/p>\n<p>&nbsp;<\/p>\n<p><span style=\"font-weight: 400;\">Dans nos pays occidentaux, Lomilomi est connu comme un massage des \u00eeles hawa\u00efennes, aux huiles chaudes, o\u00f9 surtout les avant-bras ondulent sur le corps. Mais l\u2019Authentique Lomilomi est bien plus que cela.<\/span><\/p>\n<p>&nbsp;<\/p>\n<p><span style=\"font-weight: 400;\">C&#8217;est une reconnexion avec votre respiration, vous offrant une compr\u00e9hension plus profonde de qui vous \u00eates vraiment.\u00a0<\/span><\/p>\n<p><span style=\"font-weight: 400;\">C&#8217;est laisser votre bien-\u00eatre circuler dans la bonne direction.<\/span><\/p>\n<p><span style=\"font-weight: 400;\">Comme le disent les Hawa\u00efens,<\/span><b> <\/b><\/p>\n<p><b>It\u2019s coming Home.<\/b><\/p>\n<p>&nbsp;<\/p>\n<p><span style=\"font-weight: 400;\">La douleur physique est juste un avertissement que certains probl\u00e8mes \u00e9nerg\u00e9tiques ou spirituels peuvent \u00eatre r\u00e9solus.<\/span><\/p>\n<p><span style=\"font-weight: 400;\">Lomilomi travaille sur les tensions et les tissus <\/span><b>jusqu&#8217;au niveau des os<\/b><span style=\"font-weight: 400;\">, o\u00f9 notre ADN (<\/span><b>niveau cellulaire<\/b><span style=\"font-weight: 400;\">) est stock\u00e9. Les Hawa\u00efens croient que votre pouvoir ancestral (Mana) est stock\u00e9 dans les os. D\u00e9clencher doucement ce pouvoir ancestral <\/span><b>favorise la gu\u00e9rison et apporte \u00e9quilibre et harmonie.<\/b><\/p>\n<p>&nbsp;<\/p>\n<p><span style=\"font-weight: 400;\">En r\u00e9alignant le corps physique (via Lomilomi), les corps spirituel et \u00e9motionnel (par les chants, la m\u00e9ditation, le Ho&#8217;Oponopono) s&#8217;aligneront \u00e9galement, et l\u2019harmonie reviendra. Et vous saurez \u00e0 nouveau qui vous \u00eates dans votre for int\u00e9rieur.<\/span><\/p>\n<p>&nbsp;<\/p>\n<p><span style=\"font-weight: 400;\">En gu\u00e9rissant le pass\u00e9, nous pouvons nous lib\u00e9rer des \u00e9motions n\u00e9gatives ou inutiles, et nous pouvons avancer avec plus de <\/span><b>confiance en soi<\/b><span style=\"font-weight: 400;\"> et de v\u00e9ritable amour, appel\u00e9 \u00abAloha\u00bb \u00e0 Hawaii.<\/span><\/p>\n<p>&nbsp;<\/p>\n<p style=\"text-align: center;\"><i><span style=\"font-weight: 400;\">Nous entrons dans cette vie avec des traumatismes pass\u00e9s<\/span><\/i><\/p>\n<p style=\"text-align: center;\"><i><span style=\"font-weight: 400;\">que nous sommes pr\u00eats \u00e0 gu\u00e9rir \u00e0 pr\u00e9sent.<\/span><\/i><\/p>\n<p style=\"text-align: center;\"><i><span style=\"font-weight: 400;\">Lorsque nous changeons notre cadre \u00e9nerg\u00e9tique,<\/span><\/i><\/p>\n<p style=\"text-align: center;\"><i><span style=\"font-weight: 400;\">l&#8217;histoire est r\u00e9\u00e9crite pour nous,<\/span><\/i><\/p>\n<p style=\"text-align: center;\"><i><span style=\"font-weight: 400;\">pour nos anc\u00eatres,<\/span><\/i><\/p>\n<p style=\"text-align: center;\"><i><span style=\"font-weight: 400;\">pour nos enfants<\/span><\/i><\/p>\n<p style=\"text-align: center;\"><i><span style=\"font-weight: 400;\">et nos petits enfants.<\/span><\/i><\/p>\n<p>[\/vc_column_text][vc_empty_space height=&#8221;20px&#8221;][vc_single_image image=&#8221;3766&#8243; img_size=&#8221;large&#8221;][vc_empty_space height=&#8221;20px&#8221;][vc_column_text]<b>Qu\u2019en est-il de vous dans ce Lomilomi?\u00a0\u00a0<\/b><\/p>\n<p><span style=\"font-weight: 400;\">Au cours de ce travail, nous vous invitons \u00e0 vous ouvrir \u00e0:<\/span><\/p>\n<ul>\n<li style=\"font-weight: 400;\" aria-level=\"1\"><span style=\"font-weight: 400;\">Rendre possible l\u2019auto-gu\u00e9rison<\/span><\/li>\n<li style=\"font-weight: 400;\" aria-level=\"1\"><span style=\"font-weight: 400;\">vous lib\u00e9rer de vos blocages et barri\u00e8res<\/span><\/li>\n<li style=\"font-weight: 400;\" aria-level=\"1\"><span style=\"font-weight: 400;\">avoir une compr\u00e9hension plus profonde de qui vous \u00eates\u00a0<\/span><\/li>\n<li style=\"font-weight: 400;\" aria-level=\"1\"><span style=\"font-weight: 400;\">d\u00e9couvrir l\u2019origine de vos pens\u00e9es et de vos douleurs physiques<\/span><\/li>\n<li style=\"font-weight: 400;\" aria-level=\"1\"><span style=\"font-weight: 400;\">changer ce qui peut l\u2019\u00eatre.<\/span><\/li>\n<\/ul>\n<p>&nbsp;<\/p>\n<h3><strong>Les r\u00e9ponses que vous cherchez sont en vous.\u00a0<\/strong><\/h3>\n<p>&nbsp;<\/p>\n<p><span style=\"font-weight: 400;\">En tant que praticienne Lomilomi &amp; Ho\u2019Oponopono, nous sommes l\u00e0 pour vous accompagner dans ce processus. <\/span><\/p>\n<p>&nbsp;<\/p>\n<p><span style=\"font-weight: 400;\">Nous avons appris \u00e0 d\u00e9tecter les sympt\u00f4mes physiques et \/ ou \u00e9motionnels que nous <\/span><b>portons de g\u00e9n\u00e9ration en g\u00e9n\u00e9ration<\/b><span style=\"font-weight: 400;\">, jusqu&#8217;\u00e0 leur source de lumi\u00e8re.\u00a0<\/span><\/p>\n<p><span style=\"font-weight: 400;\">Nous travaillons sur des points sp\u00e9cifiques pour aider le corps \u00e0 s\u2019ouvrir, nous travaillons \u00e0 travers toutes les couches, afin de pouvoir traiter en douceur et profondeur. Notre intention est de <\/span><b>vous aider \u00e0 d\u00e9bloquer<\/b><span style=\"font-weight: 400;\"> ces endroits en vous, de traiter les racines de vos <\/span><b>douleurs et traumatismes physiques<\/b><span style=\"font-weight: 400;\">, et de permettre \u00e0 l&#8217;\u00e9nergie de circuler, d&#8217;apporter plus de LUMI\u00c8RE dans votre bol de vie (cfr Ho&#8217;Oponopono).<\/span><\/p>\n<p>&nbsp;<\/p>\n<h3><b>In this spirit of harmony, magic can really happen.<\/b><\/h3>\n<p>[\/vc_column_text][vc_empty_space][vc_single_image image=&#8221;4236&#8243; img_size=&#8221;large&#8221; alignment=&#8221;center&#8221; css=&#8221;.vc_custom_1609762921365{margin-right: 100px !important;margin-left: 100px !important;}&#8221;]\t\t<\/div>\n\t<\/div>\n<\/div><\/div><div class=\"mkdf-elements-holder   mkdf-one-column  mkdf-responsive-mode-768 \" ><div class=\"mkdf-eh-item   mkdf-horizontal-alignment-center \"  data-item-class=\"mkdf-eh-custom-6707\" data-1280-1600=\"30px 0 8%\" data-1024-1280=\"40px 0 9%\" data-768-1024=\"40px 0 12%\" data-680-768=\"40px 0 34%\" data-680=\"30px 0 21%\">\n\t\t<div class=\"mkdf-eh-item-inner\">\n\t\t<div class=\"mkdf-eh-item-content mkdf-eh-custom-6707\" style=\"padding: 40px 0 20%\">\n\t\t\t\t\t<\/div>\n\t<\/div>\n<\/div><\/div>[\/vc_column][\/vc_row][vc_row][vc_column][vc_column_text][\/vc_column_text][\/vc_column][\/vc_row]<\/p>\n","protected":false},"excerpt":{"rendered":"<p>[vc_row row_content_width=&#8221;grid&#8221;][vc_column][\/vc_column][\/vc_row][vc_row][vc_column][vc_column_text][\/vc_column_text][\/vc_column][\/vc_row]<\/p>\n","protected":false},"author":1,"featured_media":0,"parent":4844,"menu_order":0,"comment_status":"closed","ping_status":"closed","template":"full-width.php","meta":[],"yoast_head":"<!-- This site is optimized with the Yoast SEO plugin v16.0.2 - https:\/\/yoast.com\/wordpress\/plugins\/seo\/ -->\n<title>L&#039;authentique Lomilomi - Vivasana<\/title>\n<link rel=\"canonical\" href=\"https:\/\/www.vivasana.be\/index.php\/fr\/hawaiian-healing-fr\/authentique-lomilomi\/\" \/>\n<meta property=\"og:locale\" content=\"en_GB\" \/>\n<meta property=\"og:type\" content=\"article\" \/>\n<meta property=\"og:title\" content=\"L&#039;authentique Lomilomi - Vivasana\" \/>\n<meta property=\"og:description\" content=\"[vc_row row_content_width=&#8221;grid&#8221;][vc_column][\/vc_column][\/vc_row][vc_row][vc_column][vc_column_text][\/vc_column_text][\/vc_column][\/vc_row]\" \/>\n<meta property=\"og:url\" content=\"https:\/\/www.vivasana.be\/index.php\/fr\/hawaiian-healing-fr\/authentique-lomilomi\/\" \/>\n<meta property=\"og:site_name\" content=\"Vivasana\" \/>\n<meta property=\"article:modified_time\" content=\"2021-04-22T16:04:27+00:00\" \/>\n<meta name=\"twitter:card\" content=\"summary_large_image\" \/>\n<meta name=\"twitter:label1\" content=\"Estimated reading time\">\n\t<meta name=\"twitter:data1\" content=\"3 minutes\">\n<script type=\"application\/ld+json\" class=\"yoast-schema-graph\">{\"@context\":\"https:\/\/schema.org\",\"@graph\":[{\"@type\":[\"Person\",\"Organization\"],\"@id\":\"https:\/\/www.vivasana.be\/#\/schema\/person\/bf80a11fba06a1a649b56ee60f48f140\",\"name\":\"vivasana\",\"image\":{\"@type\":\"ImageObject\",\"@id\":\"https:\/\/www.vivasana.be\/#personlogo\",\"inLanguage\":\"en-GB\",\"url\":\"https:\/\/secure.gravatar.com\/avatar\/92d9ea7bd8b34298fad83acbfa01a197?s=96&d=mm&r=g\",\"caption\":\"vivasana\"},\"logo\":{\"@id\":\"https:\/\/www.vivasana.be\/#personlogo\"}},{\"@type\":\"WebSite\",\"@id\":\"https:\/\/www.vivasana.be\/#website\",\"url\":\"https:\/\/www.vivasana.be\/\",\"name\":\"Vivasana\",\"description\":\"Healing studio for physical and emotional release, based on a holistic Hawaiian approach.\",\"publisher\":{\"@id\":\"https:\/\/www.vivasana.be\/#\/schema\/person\/bf80a11fba06a1a649b56ee60f48f140\"},\"potentialAction\":[{\"@type\":\"SearchAction\",\"target\":\"https:\/\/www.vivasana.be\/?s={search_term_string}\",\"query-input\":\"required name=search_term_string\"}],\"inLanguage\":\"en-GB\"},{\"@type\":\"WebPage\",\"@id\":\"https:\/\/www.vivasana.be\/index.php\/fr\/hawaiian-healing-fr\/authentique-lomilomi\/#webpage\",\"url\":\"https:\/\/www.vivasana.be\/index.php\/fr\/hawaiian-healing-fr\/authentique-lomilomi\/\",\"name\":\"L'authentique Lomilomi - Vivasana\",\"isPartOf\":{\"@id\":\"https:\/\/www.vivasana.be\/#website\"},\"datePublished\":\"2021-02-23T15:00:18+00:00\",\"dateModified\":\"2021-04-22T16:04:27+00:00\",\"breadcrumb\":{\"@id\":\"https:\/\/www.vivasana.be\/index.php\/fr\/hawaiian-healing-fr\/authentique-lomilomi\/#breadcrumb\"},\"inLanguage\":\"en-GB\",\"potentialAction\":[{\"@type\":\"ReadAction\",\"target\":[\"https:\/\/www.vivasana.be\/index.php\/fr\/hawaiian-healing-fr\/authentique-lomilomi\/\"]}]},{\"@type\":\"BreadcrumbList\",\"@id\":\"https:\/\/www.vivasana.be\/index.php\/fr\/hawaiian-healing-fr\/authentique-lomilomi\/#breadcrumb\",\"itemListElement\":[{\"@type\":\"ListItem\",\"position\":1,\"item\":{\"@type\":\"WebPage\",\"@id\":\"https:\/\/www.vivasana.be\/index.php\/en\/main-home\/\",\"url\":\"https:\/\/www.vivasana.be\/index.php\/en\/main-home\/\",\"name\":\"Home\"}},{\"@type\":\"ListItem\",\"position\":2,\"item\":{\"@type\":\"WebPage\",\"@id\":\"https:\/\/www.vivasana.be\/index.php\/fr\/hawaiian-healing-fr\/\",\"url\":\"https:\/\/www.vivasana.be\/index.php\/fr\/hawaiian-healing-fr\/\",\"name\":\"Hawaiian Healing\"}},{\"@type\":\"ListItem\",\"position\":3,\"item\":{\"@type\":\"WebPage\",\"@id\":\"https:\/\/www.vivasana.be\/index.php\/fr\/hawaiian-healing-fr\/authentique-lomilomi\/\",\"url\":\"https:\/\/www.vivasana.be\/index.php\/fr\/hawaiian-healing-fr\/authentique-lomilomi\/\",\"name\":\"L&#8217;authentique Lomilomi\"}}]}]}<\/script>\n<!-- \/ Yoast SEO plugin. -->","_links":{"self":[{"href":"https:\/\/www.vivasana.be\/index.php\/wp-json\/wp\/v2\/pages\/4851"}],"collection":[{"href":"https:\/\/www.vivasana.be\/index.php\/wp-json\/wp\/v2\/pages"}],"about":[{"href":"https:\/\/www.vivasana.be\/index.php\/wp-json\/wp\/v2\/types\/page"}],"author":[{"embeddable":true,"href":"https:\/\/www.vivasana.be\/index.php\/wp-json\/wp\/v2\/users\/1"}],"replies":[{"embeddable":true,"href":"https:\/\/www.vivasana.be\/index.php\/wp-json\/wp\/v2\/comments?post=4851"}],"version-history":[{"count":5,"href":"https:\/\/www.vivasana.be\/index.php\/wp-json\/wp\/v2\/pages\/4851\/revisions"}],"predecessor-version":[{"id":5124,"href":"https:\/\/www.vivasana.be\/index.php\/wp-json\/wp\/v2\/pages\/4851\/revisions\/5124"}],"up":[{"embeddable":true,"href":"https:\/\/www.vivasana.be\/index.php\/wp-json\/wp\/v2\/pages\/4844"}],"wp:attachment":[{"href":"https:\/\/www.vivasana.be\/index.php\/wp-json\/wp\/v2\/media?parent=4851"}],"curies":[{"name":"wp","href":"https:\/\/api.w.org\/{rel}","templated":true}]}}