{"id":4849,"date":"2021-02-23T14:59:13","date_gmt":"2021-02-23T14:59:13","guid":{"rendered":"https:\/\/vivasana.be\/?page_id=4849"},"modified":"2021-04-22T16:03:56","modified_gmt":"2021-04-22T16:03:56","slug":"aloha","status":"publish","type":"page","link":"https:\/\/www.vivasana.be\/index.php\/fr\/hawaiian-healing-fr\/aloha\/","title":{"rendered":"Aloha"},"content":{"rendered":"<p>[vc_row row_content_width=&#8221;grid&#8221;][vc_column]<div class=\"mkdf-elements-holder   mkdf-one-column  mkdf-responsive-mode-768 \" ><div class=\"mkdf-eh-item    \"  data-item-class=\"mkdf-eh-custom-6830\" data-1280-1600=\"0 0 10px\" data-1024-1280=\"10px 0 20px\">\n\t\t<div class=\"mkdf-eh-item-inner\">\n\t\t<div class=\"mkdf-eh-item-content mkdf-eh-custom-6830\" style=\"padding: 0 0 20px\">\n\t\t\t[vc_empty_space height=&#8221;100px&#8221;]<div class=\"mkdf-section-title-holder  mkdf-st-standard mkdf-st-title-left mkdf-st-normal-space \" style=\"text-align: center\">\n\t<div class=\"mkdf-st-inner\">\n\t\t<img width=\"90\" height=\"90\" src=\"https:\/\/www.vivasana.be\/wp-content\/uploads\/2020\/11\/Webp.net-resizeimage-7.png\" class=\"attachment-full size-full\" alt=\"\" loading=\"lazy\" \/>\n\t\t\t\t\t<div class=\"mkdf-separator-holder clearfix\">\n\t\t\t\t<div class=\"mkdf-separator\"><\/div>\n\t\t\t<\/div>\n\t\t\t\t\t\t\t<h2 class=\"mkdf-st-title\" >\n\t\t\t\tAloha\t\t\t<\/h2>\n\t\t\t\t\t<\/div>\n<\/div>\t\t<\/div>\n\t<\/div>\n<\/div><\/div><div class=\"mkdf-elements-holder   mkdf-one-column  mkdf-responsive-mode-768 \" ><div class=\"mkdf-eh-item    \"  data-item-class=\"mkdf-eh-custom-2798\" data-1280-1600=\"0 10% 0\" data-1024-1280=\"0 10% 0\"  data-680-768=\"0 3% 0\" data-680=\"0 0\">\n\t\t<div class=\"mkdf-eh-item-inner\">\n\t\t<div class=\"mkdf-eh-item-content mkdf-eh-custom-2798\" style=\"padding: 0 20% 0\">\n\t\t\t[vc_media_grid element_width=&#8221;12&#8243; grid_id=&#8221;vc_gid:1619107423104-3b1af9af-d8d3-7&#8243; include=&#8221;3761&#8243; css=&#8221;.vc_custom_1606755441253{margin-right: 200px !important;margin-left: 200px !important;}&#8221;][vc_empty_space][vc_column_text]<\/p>\n<p style=\"text-align: center;\"><b>ALOHA <\/b><span style=\"font-weight: 400;\">signifie:<\/span><\/p>\n<p style=\"text-align: center;\"><b>ALO<\/b><span style=\"font-weight: 400;\"> est le mot hawa\u00efen qui signifie &#8220;se faire facet\u201d.\u00a0<\/span><\/p>\n<p style=\"text-align: center;\"><b>HA<\/b><span style=\"font-weight: 400;\"> est la respiration.\u00a0<\/span><\/p>\n<p style=\"text-align: center;\"><span style=\"font-weight: 400;\">Cette salutation signifie litt\u00e9ralement &#8220;se faire face et s\u2019\u00e9changer le souffle de vie&#8221;.<\/span><\/p>\n<p>&nbsp;<\/p>\n<p><span style=\"font-weight: 400;\">Aloha est plus qu&#8217;une salutation.<\/span><\/p>\n<p><span style=\"font-weight: 400;\">Aloha est un mode de vie, un \u00e9tat d&#8217;esprit, une attitude.<\/span><\/p>\n<p><span style=\"font-weight: 400;\">Aloha est le fait de s&#8217;aimer soi-m\u00eame pour \u00eatre \u00e0 m\u00eame d&#8217;aimer les autres.\u00a0<\/span><\/p>\n<p><span style=\"font-weight: 400;\">Aloha, c&#8217;est \u00eatre dans le pr\u00e9sent, partager avec les autres dans un esprit d\u2019ouverture, d\u2019 honn\u00eatet\u00e9 et d\u2019humilit\u00e9.<\/span><\/p>\n<p><span style=\"font-weight: 400;\">Aloha est un engagement vers soi-m\u00eame \u00e0 \u00eatre vrai, \u00e0 accepter les autres.<\/span><\/p>\n<p><b>ALOHA est le v\u00e9ritable amour.<\/b><\/p>\n<p>&nbsp;<\/p>\n<p><span style=\"font-weight: 400;\">En 1970, lors d\u2019une conf\u00e9rence des gouverneurs, Aunty Pilahi Paki a introduit une compr\u00e9hension plus profonde de \u00ab Aloha \u00bb. <\/span><\/p>\n<p>&nbsp;<\/p>\n<p><span style=\"font-weight: 400;\">A<\/span>\u00a0 \u00a0 \u00a0 \u00a0 \u00a0 \u00a0 <span style=\"font-weight: 400;\">AKAHAI:\u00a0 <\/span><span style=\"font-weight: 400;\">signifiant gentillesse (gr\u00e2ce), \u00e0 exprimer avec tendresse;<\/span><\/p>\n<p><span style=\"font-weight: 400;\">L<\/span>\u00a0 \u00a0 \u00a0 \u00a0 \u00a0 \u00a0 \u00a0<span style=\"font-weight: 400;\">LOKAHI: <\/span><span style=\"font-weight: 400;\">signifiant unit\u00e9, \u00e0 exprimer avec harmonie<\/span><span style=\"font-weight: 400;\">;<\/span><\/p>\n<p><span style=\"font-weight: 400;\">O<\/span>\u00a0 \u00a0 \u00a0 \u00a0 \u00a0 \u00a0 <span style=\"font-weight: 400;\">OLU\u2019OLU: <\/span><span style=\"font-weight: 400;\">signifiant agr\u00e9able, \u00e0 exprimer avec douceur;<\/span><\/p>\n<p><span style=\"font-weight: 400;\">H\u00a0 \u00a0 \u00a0 \u00a0 \u00a0 \u00a0 HA\u2019AHA\u2019A: <\/span><span style=\"font-weight: 400;\">signifiant humilit\u00e9, \u00e0 exprimer avec modestie;<\/span><\/p>\n<p><span style=\"font-weight: 400;\">A\u00a0 \u00a0 \u00a0 \u00a0 \u00a0 \u00a0 \u00a0AHONUI: <\/span><span style=\"font-weight: 400;\">signifiant patience (attendre le moment), \u00e0 exprimer avec pers\u00e9v\u00e9rance<\/span><\/p>\n<p>&nbsp;<\/p>\n<p><span style=\"font-weight: 400;\">Chaque lettre dans le mot \u00ab\u00a0Aloha\u00a0\u00bb est importante et aucune ne signifie quelque chose sans les autres.\u00a0<\/span><\/p>\n<p><span style=\"font-weight: 400;\">\u00abVivre Aloha\u00bb (Living Aloha), c&#8217;est vivre tous ses principes.<\/span><\/p>\n<p>&nbsp;<\/p>\n<p style=\"text-align: center;\"><strong>Aloha est dans chaque culture, c&#8217;est une vibration d&#8217;amour.<\/strong><\/p>\n<p>[\/vc_column_text][vc_empty_space][vc_media_grid element_width=&#8221;6&#8243; grid_id=&#8221;vc_gid:1619107423105-63a54957-fe7b-8&#8243; include=&#8221;3758,3760&#8243;][vc_empty_space][vc_column_text]<span style=\"font-weight: 400;\">Aloha In Action est une organisation \u00e0 but non lucratif qui a pour mission d&#8217;aider chacun \u00e0 retrouver et\/ou ressentir l&#8217;harmonie et l&#8217;\u00e9quilibre. On peut les d\u00e9finir comme des missionnaires d&#8217;Aloha, de l&#8217;AMOUR pur. Cet engagement est au c\u0153ur de tout ce qu&#8217;ils font et est le fondement de toutes leurs activit\u00e9s. Si vous souhaitez les soutenir, vous pouvez le faire via ce lien. Merci. <a href=\"http:\/\/www.alohainaction.com\">www.alohainaction.com<\/a><\/span>[\/vc_column_text]\t\t<\/div>\n\t<\/div>\n<\/div><\/div><div class=\"mkdf-elements-holder   mkdf-one-column  mkdf-responsive-mode-768 \" ><div class=\"mkdf-eh-item   mkdf-horizontal-alignment-center \"  data-item-class=\"mkdf-eh-custom-5121\" data-1280-1600=\"30px 0 8%\" data-1024-1280=\"40px 0 9%\" data-768-1024=\"40px 0 12%\" data-680-768=\"40px 0 34%\" data-680=\"30px 0 21%\">\n\t\t<div class=\"mkdf-eh-item-inner\">\n\t\t<div class=\"mkdf-eh-item-content mkdf-eh-custom-5121\" style=\"padding: 40px 0 20%\">\n\t\t\t\t\t<\/div>\n\t<\/div>\n<\/div><\/div>[\/vc_column][\/vc_row][vc_row][vc_column][vc_column_text][\/vc_column_text][\/vc_column][\/vc_row]<\/p>\n","protected":false},"excerpt":{"rendered":"<p>[vc_row row_content_width=&#8221;grid&#8221;][vc_column][\/vc_column][\/vc_row][vc_row][vc_column][vc_column_text][\/vc_column_text][\/vc_column][\/vc_row]<\/p>\n","protected":false},"author":1,"featured_media":0,"parent":4844,"menu_order":0,"comment_status":"closed","ping_status":"closed","template":"full-width.php","meta":[],"yoast_head":"<!-- This site is optimized with the Yoast SEO plugin v16.0.2 - https:\/\/yoast.com\/wordpress\/plugins\/seo\/ -->\n<title>Aloha - Vivasana<\/title>\n<link rel=\"canonical\" href=\"https:\/\/www.vivasana.be\/index.php\/fr\/hawaiian-healing-fr\/aloha\/\" \/>\n<meta property=\"og:locale\" content=\"en_GB\" \/>\n<meta property=\"og:type\" content=\"article\" \/>\n<meta property=\"og:title\" content=\"Aloha - Vivasana\" \/>\n<meta property=\"og:description\" content=\"[vc_row row_content_width=&#8221;grid&#8221;][vc_column][\/vc_column][\/vc_row][vc_row][vc_column][vc_column_text][\/vc_column_text][\/vc_column][\/vc_row]\" \/>\n<meta property=\"og:url\" content=\"https:\/\/www.vivasana.be\/index.php\/fr\/hawaiian-healing-fr\/aloha\/\" \/>\n<meta property=\"og:site_name\" content=\"Vivasana\" \/>\n<meta property=\"article:modified_time\" content=\"2021-04-22T16:03:56+00:00\" \/>\n<meta name=\"twitter:card\" content=\"summary_large_image\" \/>\n<meta name=\"twitter:label1\" content=\"Estimated reading time\">\n\t<meta name=\"twitter:data1\" content=\"2 minutes\">\n<script type=\"application\/ld+json\" class=\"yoast-schema-graph\">{\"@context\":\"https:\/\/schema.org\",\"@graph\":[{\"@type\":[\"Person\",\"Organization\"],\"@id\":\"https:\/\/www.vivasana.be\/#\/schema\/person\/bf80a11fba06a1a649b56ee60f48f140\",\"name\":\"vivasana\",\"image\":{\"@type\":\"ImageObject\",\"@id\":\"https:\/\/www.vivasana.be\/#personlogo\",\"inLanguage\":\"en-GB\",\"url\":\"https:\/\/secure.gravatar.com\/avatar\/92d9ea7bd8b34298fad83acbfa01a197?s=96&d=mm&r=g\",\"caption\":\"vivasana\"},\"logo\":{\"@id\":\"https:\/\/www.vivasana.be\/#personlogo\"}},{\"@type\":\"WebSite\",\"@id\":\"https:\/\/www.vivasana.be\/#website\",\"url\":\"https:\/\/www.vivasana.be\/\",\"name\":\"Vivasana\",\"description\":\"Healing studio for physical and emotional release, based on a holistic Hawaiian approach.\",\"publisher\":{\"@id\":\"https:\/\/www.vivasana.be\/#\/schema\/person\/bf80a11fba06a1a649b56ee60f48f140\"},\"potentialAction\":[{\"@type\":\"SearchAction\",\"target\":\"https:\/\/www.vivasana.be\/?s={search_term_string}\",\"query-input\":\"required name=search_term_string\"}],\"inLanguage\":\"en-GB\"},{\"@type\":\"WebPage\",\"@id\":\"https:\/\/www.vivasana.be\/index.php\/fr\/hawaiian-healing-fr\/aloha\/#webpage\",\"url\":\"https:\/\/www.vivasana.be\/index.php\/fr\/hawaiian-healing-fr\/aloha\/\",\"name\":\"Aloha - Vivasana\",\"isPartOf\":{\"@id\":\"https:\/\/www.vivasana.be\/#website\"},\"datePublished\":\"2021-02-23T14:59:13+00:00\",\"dateModified\":\"2021-04-22T16:03:56+00:00\",\"breadcrumb\":{\"@id\":\"https:\/\/www.vivasana.be\/index.php\/fr\/hawaiian-healing-fr\/aloha\/#breadcrumb\"},\"inLanguage\":\"en-GB\",\"potentialAction\":[{\"@type\":\"ReadAction\",\"target\":[\"https:\/\/www.vivasana.be\/index.php\/fr\/hawaiian-healing-fr\/aloha\/\"]}]},{\"@type\":\"BreadcrumbList\",\"@id\":\"https:\/\/www.vivasana.be\/index.php\/fr\/hawaiian-healing-fr\/aloha\/#breadcrumb\",\"itemListElement\":[{\"@type\":\"ListItem\",\"position\":1,\"item\":{\"@type\":\"WebPage\",\"@id\":\"https:\/\/www.vivasana.be\/index.php\/en\/main-home\/\",\"url\":\"https:\/\/www.vivasana.be\/index.php\/en\/main-home\/\",\"name\":\"Home\"}},{\"@type\":\"ListItem\",\"position\":2,\"item\":{\"@type\":\"WebPage\",\"@id\":\"https:\/\/www.vivasana.be\/index.php\/fr\/hawaiian-healing-fr\/\",\"url\":\"https:\/\/www.vivasana.be\/index.php\/fr\/hawaiian-healing-fr\/\",\"name\":\"Hawaiian Healing\"}},{\"@type\":\"ListItem\",\"position\":3,\"item\":{\"@type\":\"WebPage\",\"@id\":\"https:\/\/www.vivasana.be\/index.php\/fr\/hawaiian-healing-fr\/aloha\/\",\"url\":\"https:\/\/www.vivasana.be\/index.php\/fr\/hawaiian-healing-fr\/aloha\/\",\"name\":\"Aloha\"}}]}]}<\/script>\n<!-- \/ Yoast SEO plugin. -->","_links":{"self":[{"href":"https:\/\/www.vivasana.be\/index.php\/wp-json\/wp\/v2\/pages\/4849"}],"collection":[{"href":"https:\/\/www.vivasana.be\/index.php\/wp-json\/wp\/v2\/pages"}],"about":[{"href":"https:\/\/www.vivasana.be\/index.php\/wp-json\/wp\/v2\/types\/page"}],"author":[{"embeddable":true,"href":"https:\/\/www.vivasana.be\/index.php\/wp-json\/wp\/v2\/users\/1"}],"replies":[{"embeddable":true,"href":"https:\/\/www.vivasana.be\/index.php\/wp-json\/wp\/v2\/comments?post=4849"}],"version-history":[{"count":4,"href":"https:\/\/www.vivasana.be\/index.php\/wp-json\/wp\/v2\/pages\/4849\/revisions"}],"predecessor-version":[{"id":5121,"href":"https:\/\/www.vivasana.be\/index.php\/wp-json\/wp\/v2\/pages\/4849\/revisions\/5121"}],"up":[{"embeddable":true,"href":"https:\/\/www.vivasana.be\/index.php\/wp-json\/wp\/v2\/pages\/4844"}],"wp:attachment":[{"href":"https:\/\/www.vivasana.be\/index.php\/wp-json\/wp\/v2\/media?parent=4849"}],"curies":[{"name":"wp","href":"https:\/\/api.w.org\/{rel}","templated":true}]}}