{"id":4838,"date":"2021-02-23T14:47:50","date_gmt":"2021-02-23T14:47:50","guid":{"rendered":"https:\/\/vivasana.be\/?page_id=4838"},"modified":"2025-07-18T09:26:32","modified_gmt":"2025-07-18T09:26:32","slug":"agenda-ateliers","status":"publish","type":"page","link":"https:\/\/www.vivasana.be\/index.php\/fr\/info-fr\/agenda-ateliers\/","title":{"rendered":"Agenda\/Ateliers"},"content":{"rendered":"<p>[vc_row row_content_width=&#8221;grid&#8221;][vc_column]<div class=\"mkdf-elements-holder   mkdf-one-column  mkdf-responsive-mode-768 \" ><div class=\"mkdf-eh-item    \"  data-item-class=\"mkdf-eh-custom-7645\" data-1280-1600=\"0 0 10px\" data-1024-1280=\"10px 0 20px\">\n\t\t<div class=\"mkdf-eh-item-inner\">\n\t\t<div class=\"mkdf-eh-item-content mkdf-eh-custom-7645\" style=\"padding: 0 0 20px\">\n\t\t\t[vc_empty_space height=&#8221;100px&#8221;]<div class=\"mkdf-section-title-holder  mkdf-st-standard mkdf-st-title-left mkdf-st-normal-space \" style=\"text-align: center\">\n\t<div class=\"mkdf-st-inner\">\n\t\t<img width=\"90\" height=\"90\" src=\"https:\/\/www.vivasana.be\/wp-content\/uploads\/2020\/11\/Webp.net-resizeimage-7.png\" class=\"attachment-full size-full\" alt=\"\" loading=\"lazy\" \/>\n\t\t\t\t\t<div class=\"mkdf-separator-holder clearfix\">\n\t\t\t\t<div class=\"mkdf-separator\"><\/div>\n\t\t\t<\/div>\n\t\t\t\t\t\t\t<h2 class=\"mkdf-st-title\" >\n\t\t\t\tAgenda \/ Ateliers\t\t\t<\/h2>\n\t\t\t\t\t<\/div>\n<\/div>\t\t<\/div>\n\t<\/div>\n<\/div><\/div><div class=\"mkdf-elements-holder   mkdf-one-column  mkdf-responsive-mode-768 \" ><div class=\"mkdf-eh-item    \"  data-item-class=\"mkdf-eh-custom-8289\" data-1280-1600=\"0 10% 0\" data-1024-1280=\"0 10% 0\"  data-680-768=\"0 3% 0\" data-680=\"0 0\">\n\t\t<div class=\"mkdf-eh-item-inner\">\n\t\t<div class=\"mkdf-eh-item-content mkdf-eh-custom-8289\" style=\"padding: 0 20% 0\">\n\t\t\t[vc_empty_space][vc_column_text]<span style=\"font-weight: 400;\"><span style=\"color: #d6b981;\">HAWAIIAN HEALING<\/span><\/span><\/p>\n<ul>\n<li><span style=\"font-weight: 400;\">HAWAIIAN BODYWORK &amp; HO&#8217;OPONOPONO \u00e0 4 mains:<\/span><\/li>\n<\/ul>\n<p>Si vous cherchez un soin unique qui vous permette de vraiment l\u00e2cher prise, de vous sentir chouchout\u00e9 et \u00e9nergis\u00e9, ceci est pour vous !<br \/>\nLe \u00ab Hawaiian LOMILOMI Bodywork \u00bb \u00e0 4 mains est un moment d\u2019exploration, plein de chaleur et d\u2019attention, dans lequel vous \u00eates invit\u00e9.e \u00e0 vous connecter avec tout votre \u00catre.<br \/>\nCette session de purification fait place nette pour int\u00e9grer plus d\u2019harmonie, de joie, de r\u00e9assurance, de g\u00e9n\u00e9rosit\u00e9 et d\u2019amour propre. La session d\u00e9bute par une introduction sous forme de Ho\u2019oponopono*.<\/p>\n<p>Cette session peut transformer ou manifester quelque chose, en tout cas une d\u00e9tente profonde est la base, l\u00e0 o\u00f9 la magie se cr\u00e9e. Pendant 2 heures, 2 th\u00e9rapeutes form\u00e9es aux m\u00e9thodes de gu\u00e9rison hawa\u00efennes sont \u00e0 votre service.<br \/>\nTent\u00e9(e) par l\u2019exp\u00e9rience? R\u00e9servez votre session d\u00e8s \u00e0 pr\u00e9sent.<\/p>\n<p>Chaque s\u00e9ance est unique, adapt\u00e9e \u00e0 vos besoins, physiques et \u00e9nerg\u00e9tiques.<\/p>\n<p>Dans tous les cas, vous serez un pas plus loin.<br \/>\nPrix: ce jour-l\u00e0, nous ne fonctionnons pas en fonction d&#8217;un tarif comme pour les massages classiques, mais par contribution libre, c&#8217;est \u00e0 dire que tu choisis ce que tu as envie de &#8220;mettre dans la bo\u00eete&#8221;. Il s&#8217;agit d&#8217;une exp\u00e9rience de partage, sans frein ni cadre.<\/p>\n<p>Sessions sur demande<\/p>\n<p>&nbsp;<\/p>\n<p>&nbsp;<\/p>\n<ul>\n<li><span style=\"font-weight: 400;\">MEDITATION EN MOUVEMENT<\/span><\/li>\n<\/ul>\n<p>Retrouvez-nous lors de cette m\u00e9ditation Hawa\u00efenne. \u00a0Elle vous permet de naviguer couramment, de mani\u00e8re \u00e9quilibr\u00e9e et coordonn\u00e9e,\u00a0dans toutes sortes de situations au cours de votre vie.<\/p>\n<p>Sessions priv\u00e9es (min 2p) ou en groupe: sur demande.<\/p>\n<p>Tenue: dans lequel vous pouvez bouger ais\u00e9ment<\/p>\n<p>Prix: \u20ac 15<\/p>\n<p>&nbsp;<\/p>\n<p>&nbsp;<\/p>\n<ul>\n<li><span style=\"font-weight: 400;\"><span style=\"font-weight: 400;\">Ho&#8217;Oponopono sessions (Part I 7 sessions Part II 5 sessions) online. Si int\u00e9r\u00eat, contactez-nous par mail.<\/span><\/span><\/li>\n<\/ul>\n<p>[\/vc_column_text][vc_empty_space][vc_single_image image=&#8221;5207&#8243; img_size=&#8221;large&#8221; alignment=&#8221;center&#8221;][vc_empty_space][vc_column_text]<span style=\"font-weight: 400;\"><span style=\"color: #d6b981;\">PROGRAMME FIT<\/span><\/span><\/p>\n<p><span style=\"font-weight: 400;\">Voulez-vous \u00e9galement commencer en groupe avec le programme FIT? Conseils quotidiens sur notre alimentation, l&#8217;exercice et garder un \u00e9tat d&#8217;esprit positif. En route vers une version plus \u00e9nerg\u00e9tique de vous-m\u00eame. Envoyez un mail au natacha@vivasana.be\u00a0pour recevoir gratuitement votre brochure d&#8217;info.<\/span>[\/vc_column_text][vc_empty_space][vc_media_grid grid_id=&#8221;vc_gid:1752830539515-e70f3de6-7b53-9&#8243; include=&#8221;3689,3690,3691,3693,3695,3696&#8243;][vc_empty_space][vc_column_text]<span style=\"font-weight: 400;\">Donations:<\/span><\/p>\n<ul>\n<li style=\"font-weight: 400;\" aria-level=\"1\"><span style=\"font-weight: 400;\">Aloha In Action, une organisation \u00e0 but non lucratif, a pour vocation d\u2019aider \u00e0 faire une diff\u00e9rence. Ils se consacrent au r\u00e9tablissement de la dignit\u00e9 et de l&#8217;\u00e9quilibre pour toute la vie. Aloha in Action est AMOUR. Cet engagement est au c\u0153ur de tout ce qu&#8217;ils font et est le fondement de toutes leurs activit\u00e9s. Si vous souhaitez les soutenir, vous pouvez faire un don via ce lien, merci. www.alohainaction.com\u00a0<\/span><\/li>\n<li style=\"font-weight: 400;\" aria-level=\"1\"><span style=\"font-weight: 400;\">La culture hawa\u00efenne ancienne est captivante et aide les gens \u00e0 vivre plus heureux. Des valeurs telles que l&#8217;amour inconditionnel, le pardon, l&#8217;unit\u00e9 avec la nature, des uns avec les autres, le respect, la responsabilit\u00e9, la durabilit\u00e9, la connexion avec nos anc\u00eatres et nos enfants sont importantes \u00e0 cet \u00e9gard. La Fondation Share Aloha continue de soutenir des projets, toujours en collaboration avec des fondations locales. Chaque contribution est la bienvenue!<\/span><\/li>\n<\/ul>\n<p>[\/vc_column_text][vc_empty_space][vc_media_grid grid_id=&#8221;vc_gid:1752830539515-8b48bcc3-862f-5&#8243; include=&#8221;3697,3698,3699,3700,3701,3702&#8243;][vc_empty_space]\t\t<\/div>\n\t<\/div>\n<\/div><\/div><div class=\"mkdf-elements-holder   mkdf-one-column  mkdf-responsive-mode-768 \" ><div class=\"mkdf-eh-item   mkdf-horizontal-alignment-center \"  data-item-class=\"mkdf-eh-custom-9368\" data-1280-1600=\"30px 0 8%\" data-1024-1280=\"40px 0 9%\" data-768-1024=\"40px 0 12%\" data-680-768=\"40px 0 34%\" data-680=\"30px 0 21%\">\n\t\t<div class=\"mkdf-eh-item-inner\">\n\t\t<div class=\"mkdf-eh-item-content mkdf-eh-custom-9368\" style=\"padding: 40px 0 20%\">\n\t\t\t\t\t<\/div>\n\t<\/div>\n<\/div><\/div>[\/vc_column][\/vc_row][vc_row][vc_column][\/vc_column][\/vc_row]<\/p>\n","protected":false},"excerpt":{"rendered":"<p>[vc_row row_content_width=&#8221;grid&#8221;][vc_column][\/vc_column][\/vc_row][vc_row][vc_column][\/vc_column][\/vc_row]<\/p>\n","protected":false},"author":1,"featured_media":0,"parent":4829,"menu_order":0,"comment_status":"closed","ping_status":"closed","template":"full-width.php","meta":[],"yoast_head":"<!-- This site is optimized with the Yoast SEO plugin v16.0.2 - https:\/\/yoast.com\/wordpress\/plugins\/seo\/ -->\n<title>Agenda\/Ateliers - Vivasana<\/title>\n<link rel=\"canonical\" href=\"https:\/\/www.vivasana.be\/index.php\/fr\/info-fr\/agenda-ateliers\/\" \/>\n<meta property=\"og:locale\" content=\"en_GB\" \/>\n<meta property=\"og:type\" content=\"article\" \/>\n<meta property=\"og:title\" content=\"Agenda\/Ateliers - Vivasana\" \/>\n<meta property=\"og:description\" content=\"[vc_row row_content_width=&#8221;grid&#8221;][vc_column][\/vc_column][\/vc_row][vc_row][vc_column][\/vc_column][\/vc_row]\" \/>\n<meta property=\"og:url\" content=\"https:\/\/www.vivasana.be\/index.php\/fr\/info-fr\/agenda-ateliers\/\" \/>\n<meta property=\"og:site_name\" content=\"Vivasana\" \/>\n<meta property=\"article:modified_time\" content=\"2025-07-18T09:26:32+00:00\" \/>\n<meta name=\"twitter:card\" content=\"summary_large_image\" \/>\n<meta name=\"twitter:label1\" content=\"Estimated reading time\">\n\t<meta name=\"twitter:data1\" content=\"3 minutes\">\n<script type=\"application\/ld+json\" class=\"yoast-schema-graph\">{\"@context\":\"https:\/\/schema.org\",\"@graph\":[{\"@type\":[\"Person\",\"Organization\"],\"@id\":\"https:\/\/www.vivasana.be\/#\/schema\/person\/bf80a11fba06a1a649b56ee60f48f140\",\"name\":\"vivasana\",\"image\":{\"@type\":\"ImageObject\",\"@id\":\"https:\/\/www.vivasana.be\/#personlogo\",\"inLanguage\":\"en-GB\",\"url\":\"https:\/\/secure.gravatar.com\/avatar\/92d9ea7bd8b34298fad83acbfa01a197?s=96&d=mm&r=g\",\"caption\":\"vivasana\"},\"logo\":{\"@id\":\"https:\/\/www.vivasana.be\/#personlogo\"}},{\"@type\":\"WebSite\",\"@id\":\"https:\/\/www.vivasana.be\/#website\",\"url\":\"https:\/\/www.vivasana.be\/\",\"name\":\"Vivasana\",\"description\":\"Healing studio for physical and emotional release, based on a holistic Hawaiian approach.\",\"publisher\":{\"@id\":\"https:\/\/www.vivasana.be\/#\/schema\/person\/bf80a11fba06a1a649b56ee60f48f140\"},\"potentialAction\":[{\"@type\":\"SearchAction\",\"target\":\"https:\/\/www.vivasana.be\/?s={search_term_string}\",\"query-input\":\"required name=search_term_string\"}],\"inLanguage\":\"en-GB\"},{\"@type\":\"WebPage\",\"@id\":\"https:\/\/www.vivasana.be\/index.php\/fr\/info-fr\/agenda-ateliers\/#webpage\",\"url\":\"https:\/\/www.vivasana.be\/index.php\/fr\/info-fr\/agenda-ateliers\/\",\"name\":\"Agenda\/Ateliers - Vivasana\",\"isPartOf\":{\"@id\":\"https:\/\/www.vivasana.be\/#website\"},\"datePublished\":\"2021-02-23T14:47:50+00:00\",\"dateModified\":\"2025-07-18T09:26:32+00:00\",\"breadcrumb\":{\"@id\":\"https:\/\/www.vivasana.be\/index.php\/fr\/info-fr\/agenda-ateliers\/#breadcrumb\"},\"inLanguage\":\"en-GB\",\"potentialAction\":[{\"@type\":\"ReadAction\",\"target\":[\"https:\/\/www.vivasana.be\/index.php\/fr\/info-fr\/agenda-ateliers\/\"]}]},{\"@type\":\"BreadcrumbList\",\"@id\":\"https:\/\/www.vivasana.be\/index.php\/fr\/info-fr\/agenda-ateliers\/#breadcrumb\",\"itemListElement\":[{\"@type\":\"ListItem\",\"position\":1,\"item\":{\"@type\":\"WebPage\",\"@id\":\"https:\/\/www.vivasana.be\/index.php\/en\/main-home\/\",\"url\":\"https:\/\/www.vivasana.be\/index.php\/en\/main-home\/\",\"name\":\"Home\"}},{\"@type\":\"ListItem\",\"position\":2,\"item\":{\"@type\":\"WebPage\",\"@id\":\"https:\/\/www.vivasana.be\/index.php\/fr\/info-fr\/\",\"url\":\"https:\/\/www.vivasana.be\/index.php\/fr\/info-fr\/\",\"name\":\"Info\"}},{\"@type\":\"ListItem\",\"position\":3,\"item\":{\"@type\":\"WebPage\",\"@id\":\"https:\/\/www.vivasana.be\/index.php\/fr\/info-fr\/agenda-ateliers\/\",\"url\":\"https:\/\/www.vivasana.be\/index.php\/fr\/info-fr\/agenda-ateliers\/\",\"name\":\"Agenda\/Ateliers\"}}]}]}<\/script>\n<!-- \/ Yoast SEO plugin. -->","_links":{"self":[{"href":"https:\/\/www.vivasana.be\/index.php\/wp-json\/wp\/v2\/pages\/4838"}],"collection":[{"href":"https:\/\/www.vivasana.be\/index.php\/wp-json\/wp\/v2\/pages"}],"about":[{"href":"https:\/\/www.vivasana.be\/index.php\/wp-json\/wp\/v2\/types\/page"}],"author":[{"embeddable":true,"href":"https:\/\/www.vivasana.be\/index.php\/wp-json\/wp\/v2\/users\/1"}],"replies":[{"embeddable":true,"href":"https:\/\/www.vivasana.be\/index.php\/wp-json\/wp\/v2\/comments?post=4838"}],"version-history":[{"count":24,"href":"https:\/\/www.vivasana.be\/index.php\/wp-json\/wp\/v2\/pages\/4838\/revisions"}],"predecessor-version":[{"id":5535,"href":"https:\/\/www.vivasana.be\/index.php\/wp-json\/wp\/v2\/pages\/4838\/revisions\/5535"}],"up":[{"embeddable":true,"href":"https:\/\/www.vivasana.be\/index.php\/wp-json\/wp\/v2\/pages\/4829"}],"wp:attachment":[{"href":"https:\/\/www.vivasana.be\/index.php\/wp-json\/wp\/v2\/media?parent=4838"}],"curies":[{"name":"wp","href":"https:\/\/api.w.org\/{rel}","templated":true}]}}