{"id":4827,"date":"2021-02-23T14:25:39","date_gmt":"2021-02-23T14:25:39","guid":{"rendered":"https:\/\/vivasana.be\/?page_id=4827"},"modified":"2025-07-18T10:11:13","modified_gmt":"2025-07-18T10:11:13","slug":"prix","status":"publish","type":"page","link":"https:\/\/www.vivasana.be\/index.php\/fr\/info-fr\/prix\/","title":{"rendered":"Prix"},"content":{"rendered":"<p>[vc_row css=&#8221;.vc_custom_1507294051260{padding-top: 15px !important;padding-bottom: 30px !important;}&#8221;][vc_column]<div class=\"mkdf-section-title-holder  mkdf-st-standard mkdf-st-title-left mkdf-st-normal-space \" style=\"text-align: center\">\n\t<div class=\"mkdf-st-inner\">\n\t\t<img width=\"90\" height=\"90\" src=\"https:\/\/www.vivasana.be\/wp-content\/uploads\/2020\/11\/Webp.net-resizeimage-7.png\" class=\"attachment-full size-full\" alt=\"\" loading=\"lazy\" \/>\n\t\t\t\t\t<div class=\"mkdf-separator-holder clearfix\">\n\t\t\t\t<div class=\"mkdf-separator\"><\/div>\n\t\t\t<\/div>\n\t\t\t\t\t\t\t<h2 class=\"mkdf-st-title\" >\n\t\t\t\tPrix\t\t\t<\/h2>\n\t\t\t\t\t<\/div>\n<\/div>[vc_empty_space height=&#8221;100px&#8221;]<div class=\"mkdf-price-list\" ><span class=\"mkdf-price-list-holder-border-top\"><\/span><span class=\"mkdf-price-list-holder-border-right\"><\/span><span class=\"mkdf-price-list-holder-border-bottom\"><\/span><span class=\"mkdf-price-list-holder-border-left\"><\/span><div class=\"mkdf-price-list-title\"><h3>BODY therapy<\/h3><\/div><div class=\"mkdf-price-list-holder\"><div class=\"mkdf-pricelist-item\">\n\n    \n    <div class=\"mkdf-pricelist-item-inner\">\n\n        \n        <div class=\"mkdf-pricelist-title-price-holder clearfix\">\n\n            \n            <h5 class=\"mkdf-pricelist-title\">\n            <span class=\"mkdf-pricelist-title-area\" >\n\t\t\t\t\t\t\t60 min                \t\t\t\t\t\t<\/span>\n        <\/h5>\n    \n        <div class=\"mkdf-pricelist-price-holder\">\n            <h5 class=\"mkdf-pricelist-price\">\n                <span class=\"mkdf-pricelist-currency\">\u20ac<\/span>\n                <span class=\"mkdf-pricelist-number\">70<\/span>\n            <\/h5>\n        <\/div>\n\n    \n    <\/div>\n\n\n    <\/div>\n<\/div><div class=\"mkdf-pricelist-item\">\n\n    \n    <div class=\"mkdf-pricelist-item-inner\">\n\n        \n        <div class=\"mkdf-pricelist-title-price-holder clearfix\">\n\n            \n            <h5 class=\"mkdf-pricelist-title\">\n            <span class=\"mkdf-pricelist-title-area\" >\n\t\t\t\t\t\t\t90 min                \t\t\t\t\t\t<\/span>\n        <\/h5>\n    \n        <div class=\"mkdf-pricelist-price-holder\">\n            <h5 class=\"mkdf-pricelist-price\">\n                <span class=\"mkdf-pricelist-currency\">\u20ac<\/span>\n                <span class=\"mkdf-pricelist-number\">95<\/span>\n            <\/h5>\n        <\/div>\n\n    \n    <\/div>\n\n\n    <\/div>\n<\/div><div class=\"mkdf-pricelist-item\">\n\n    \n    <div class=\"mkdf-pricelist-item-inner\">\n\n        \n        <div class=\"mkdf-pricelist-title-price-holder clearfix\">\n\n            \n            <h5 class=\"mkdf-pricelist-title\">\n            <span class=\"mkdf-pricelist-title-area\" >\n\t\t\t\t\t\t\t120 min                \t\t\t\t\t\t<\/span>\n        <\/h5>\n    \n        <div class=\"mkdf-pricelist-price-holder\">\n            <h5 class=\"mkdf-pricelist-price\">\n                <span class=\"mkdf-pricelist-currency\">\u20ac<\/span>\n                <span class=\"mkdf-pricelist-number\">130<\/span>\n            <\/h5>\n        <\/div>\n\n    \n    <\/div>\n\n\n    <\/div>\n<\/div><div class=\"mkdf-pricelist-item\">\n\n    \n    <div class=\"mkdf-pricelist-item-inner\">\n\n        \n        <div class=\"mkdf-pricelist-title-price-holder clearfix\">\n\n            \n            <h5 class=\"mkdf-pricelist-title\">\n            <span class=\"mkdf-pricelist-title-area\" >\n\t\t\t\t\t\t\tLomi Lomi 4 mains Hawaiian Healing                \t\t\t\t\t\t<\/span>\n        <\/h5>\n    \n        <div class=\"mkdf-pricelist-price-holder\">\n            <h5 class=\"mkdf-pricelist-price\">\n                <span class=\"mkdf-pricelist-currency\">\u20ac<\/span>\n                <span class=\"mkdf-pricelist-number\">190<\/span>\n            <\/h5>\n        <\/div>\n\n    \n    <\/div>\n\n\n    <\/div>\n<\/div><div class=\"mkdf-pricelist-item\">\n\n    \n    <div class=\"mkdf-pricelist-item-inner\">\n\n        \n        <div class=\"mkdf-pricelist-title-price-holder clearfix\">\n\n            \n            <h5 class=\"mkdf-pricelist-title\">\n            <span class=\"mkdf-pricelist-title-area\" >\n\t\t\t\t\t\t\t5 massages 60 min                \t\t\t\t\t\t<\/span>\n        <\/h5>\n    \n        <div class=\"mkdf-pricelist-price-holder\">\n            <h5 class=\"mkdf-pricelist-price\">\n                <span class=\"mkdf-pricelist-currency\">\u20ac<\/span>\n                <span class=\"mkdf-pricelist-number\">315<\/span>\n            <\/h5>\n        <\/div>\n\n    \n    <\/div>\n\n\n            <p class=\"mkdf-pricelist-desc\">12 mois<\/p>\n    <\/div>\n<\/div><div class=\"mkdf-pricelist-item\">\n\n    \n    <div class=\"mkdf-pricelist-item-inner\">\n\n        \n        <div class=\"mkdf-pricelist-title-price-holder clearfix\">\n\n            \n            <h5 class=\"mkdf-pricelist-title\">\n            <span class=\"mkdf-pricelist-title-area\" >\n\t\t\t\t\t\t\t5 massages 90 min                \t\t\t\t\t\t<\/span>\n        <\/h5>\n    \n        <div class=\"mkdf-pricelist-price-holder\">\n            <h5 class=\"mkdf-pricelist-price\">\n                <span class=\"mkdf-pricelist-currency\">\u20ac<\/span>\n                <span class=\"mkdf-pricelist-number\">425<\/span>\n            <\/h5>\n        <\/div>\n\n    \n    <\/div>\n\n\n            <p class=\"mkdf-pricelist-desc\">12 mois<\/p>\n    <\/div>\n<\/div><div class=\"mkdf-pricelist-item\">\n\n    \n    <div class=\"mkdf-pricelist-item-inner\">\n\n        \n        <div class=\"mkdf-pricelist-title-price-holder clearfix\">\n\n            \n            <h5 class=\"mkdf-pricelist-title\">\n            <span class=\"mkdf-pricelist-title-area\" >\n\t\t\t\t\t\t\tExtra: masque visage Aloe Bio-cellulose                \t\t\t\t\t\t<\/span>\n        <\/h5>\n    \n        <div class=\"mkdf-pricelist-price-holder\">\n            <h5 class=\"mkdf-pricelist-price\">\n                <span class=\"mkdf-pricelist-currency\">\u20ac<\/span>\n                <span class=\"mkdf-pricelist-number\">15<\/span>\n            <\/h5>\n        <\/div>\n\n    \n    <\/div>\n\n\n            <p class=\"mkdf-pricelist-desc\">pendant le massage<\/p>\n    <\/div>\n<\/div><div class=\"mkdf-pricelist-item\">\n\n    \n    <div class=\"mkdf-pricelist-item-inner\">\n\n        \n        <div class=\"mkdf-pricelist-title-price-holder clearfix\">\n\n            \n            <h5 class=\"mkdf-pricelist-title\">\n            <span class=\"mkdf-pricelist-title-area\" >\n\t\t\t\t\t\t\tAmbassadeur                \t\t\t\t\t\t<\/span>\n        <\/h5>\n    \n        <div class=\"mkdf-pricelist-price-holder\">\n            <h5 class=\"mkdf-pricelist-price\">\n                <span class=\"mkdf-pricelist-currency\">\u20ac<\/span>\n                <span class=\"mkdf-pricelist-number\">-10<\/span>\n            <\/h5>\n        <\/div>\n\n    \n    <\/div>\n\n\n            <p class=\"mkdf-pricelist-desc\">Recommandez-nous \u00e0 un nouveau client et recevez \u20ac 10 de remise sur votre prochaine session<\/p>\n    <\/div>\n<\/div><div class=\"mkdf-pricelist-item\">\n\n    \n    <div class=\"mkdf-pricelist-item-inner\">\n\n        \n        <div class=\"mkdf-pricelist-title-price-holder clearfix\">\n\n            \n            <h5 class=\"mkdf-pricelist-title\">\n            <span class=\"mkdf-pricelist-title-area\" >\n\t\t\t\t\t\t\tSessions \u00e0 votre domicile ou dans votre entreprise                \t\t\t\t\t\t<\/span>\n        <\/h5>\n    \n        <div class=\"mkdf-pricelist-price-holder\">\n            <h5 class=\"mkdf-pricelist-price\">\n                <span class=\"mkdf-pricelist-currency\">\u20ac<\/span>\n                <span class=\"mkdf-pricelist-number\">tbd<\/span>\n            <\/h5>\n        <\/div>\n\n    \n    <\/div>\n\n\n            <p class=\"mkdf-pricelist-desc\">C&#039;est tout \u00e0 fait possible. Tarifs \u00e0 discuter<\/p>\n    <\/div>\n<\/div><\/div><\/div>[vc_empty_space height=&#8221;15px&#8221;][\/vc_column][\/vc_row][vc_row css=&#8221;.vc_custom_1606834541255{padding-bottom: 20px !important;}&#8221;][vc_column]<div class=\"mkdf-price-list\" ><span class=\"mkdf-price-list-holder-border-top\"><\/span><span class=\"mkdf-price-list-holder-border-right\"><\/span><span class=\"mkdf-price-list-holder-border-bottom\"><\/span><span class=\"mkdf-price-list-holder-border-left\"><\/span><div class=\"mkdf-price-list-title\"><h3>Gestion Douleur: Redlight, NIR Therapie et Neurostimulation<\/h3><\/div><div class=\"mkdf-price-list-holder\"><div class=\"mkdf-pricelist-item\">\n\n    \n    <div class=\"mkdf-pricelist-item-inner\">\n\n        \n        <div class=\"mkdf-pricelist-title-price-holder clearfix\">\n\n            \n            <h5 class=\"mkdf-pricelist-title\">\n            <span class=\"mkdf-pricelist-title-area\" >\n\t\t\t\t\t\t\tPar session                \t\t\t\t\t\t<\/span>\n        <\/h5>\n    \n        <div class=\"mkdf-pricelist-price-holder\">\n            <h5 class=\"mkdf-pricelist-price\">\n                <span class=\"mkdf-pricelist-currency\">\u20ac<\/span>\n                <span class=\"mkdf-pricelist-number\">60<\/span>\n            <\/h5>\n        <\/div>\n\n    \n    <\/div>\n\n\n            <p class=\"mkdf-pricelist-desc\">60 min<\/p>\n    <\/div>\n<\/div><div class=\"mkdf-pricelist-item\">\n\n    \n    <div class=\"mkdf-pricelist-item-inner\">\n\n        \n        <div class=\"mkdf-pricelist-title-price-holder clearfix\">\n\n            \n            <h5 class=\"mkdf-pricelist-title\">\n            <span class=\"mkdf-pricelist-title-area\" >\n\t\t\t\t\t\t\tLUMIERE ROUGE &amp; Neurostimulation : WELLNESS - IMMUNITE                \t\t\t\t\t\t<\/span>\n        <\/h5>\n    \n        <div class=\"mkdf-pricelist-price-holder\">\n            <h5 class=\"mkdf-pricelist-price\">\n                <span class=\"mkdf-pricelist-currency\">\u20ac<\/span>\n                <span class=\"mkdf-pricelist-number\">35<\/span>\n            <\/h5>\n        <\/div>\n\n    \n    <\/div>\n\n\n            <p class=\"mkdf-pricelist-desc\">+\/- 30 min<\/p>\n    <\/div>\n<\/div><div class=\"mkdf-pricelist-item\">\n\n    \n    <div class=\"mkdf-pricelist-item-inner\">\n\n        \n        <div class=\"mkdf-pricelist-title-price-holder clearfix\">\n\n            \n            <h5 class=\"mkdf-pricelist-title\">\n            <span class=\"mkdf-pricelist-title-area\" >\n\t\t\t\t\t\t\tLUMIERE ROUGE \u00e0 la maison: LOCATION                \t\t\t\t\t\t<\/span>\n        <\/h5>\n    \n        <div class=\"mkdf-pricelist-price-holder\">\n            <h5 class=\"mkdf-pricelist-price\">\n                <span class=\"mkdf-pricelist-currency\">\u20ac<\/span>\n                <span class=\"mkdf-pricelist-number\">60<\/span>\n            <\/h5>\n        <\/div>\n\n    \n    <\/div>\n\n\n            <p class=\"mkdf-pricelist-desc\">Prix par semaine (max 3 semaines) Possibilit\u00e9 d&#039;acheter l&#039;appareil.<\/p>\n    <\/div>\n<\/div><\/div><\/div>[\/vc_column][\/vc_row][vc_row css=&#8221;.vc_custom_1507294042163{padding-bottom: 110px !important;}&#8221;][vc_column]<div class=\"mkdf-price-list\" ><span class=\"mkdf-price-list-holder-border-top\"><\/span><span class=\"mkdf-price-list-holder-border-right\"><\/span><span class=\"mkdf-price-list-holder-border-bottom\"><\/span><span class=\"mkdf-price-list-holder-border-left\"><\/span><div class=\"mkdf-price-list-title\"><h3>SOUL therapy<\/h3><\/div><div class=\"mkdf-price-list-holder\"><div class=\"mkdf-pricelist-item\">\n\n    \n    <div class=\"mkdf-pricelist-item-inner\">\n\n        \n        <div class=\"mkdf-pricelist-title-price-holder clearfix\">\n\n            \n            <h5 class=\"mkdf-pricelist-title\">\n            <span class=\"mkdf-pricelist-title-area\" >\n\t\t\t\t\t\t\tHo\u2019Oponopono Intake                \t\t\t\t\t\t<\/span>\n        <\/h5>\n    \n        <div class=\"mkdf-pricelist-price-holder\">\n            <h5 class=\"mkdf-pricelist-price\">\n                <span class=\"mkdf-pricelist-currency\">\u20ac<\/span>\n                <span class=\"mkdf-pricelist-number\">60<\/span>\n            <\/h5>\n        <\/div>\n\n    \n    <\/div>\n\n\n            <p class=\"mkdf-pricelist-desc\">60 min<\/p>\n    <\/div>\n<\/div><div class=\"mkdf-pricelist-item\">\n\n    \n    <div class=\"mkdf-pricelist-item-inner\">\n\n        \n        <div class=\"mkdf-pricelist-title-price-holder clearfix\">\n\n            \n            <h5 class=\"mkdf-pricelist-title\">\n            <span class=\"mkdf-pricelist-title-area\" >\n\t\t\t\t\t\t\tMeditation en mouvement: Hawaiian ``Flying Dance``                \t\t\t\t\t\t<\/span>\n        <\/h5>\n    \n        <div class=\"mkdf-pricelist-price-holder\">\n            <h5 class=\"mkdf-pricelist-price\">\n                <span class=\"mkdf-pricelist-currency\">\u20ac<\/span>\n                <span class=\"mkdf-pricelist-number\">15<\/span>\n            <\/h5>\n        <\/div>\n\n    \n    <\/div>\n\n\n            <p class=\"mkdf-pricelist-desc\">60 min<\/p>\n    <\/div>\n<\/div><\/div><\/div>[\/vc_column][\/vc_row][vc_row][vc_column][vc_column_text]<\/p>\n<h3 style=\"text-align: center;\"><strong><b>Offrez un BON CADEAU personnalis\u00e9 \u00e0 l&#8217;un de vos proches<\/b>.\u00a0\u00a0\u00a0<\/strong><\/h3>\n<p style=\"text-align: center;\"><span style=\"font-weight: 400;\">Produits de sant\u00e9 et de beaut\u00e9 et \/ ou bons de massage. Le bon est valable 1 an.\u00a0<\/span><\/p>\n<p>[\/vc_column_text][\/vc_column][\/vc_row][vc_row][vc_column][vc_empty_space][vc_single_image image=&#8221;4017&#8243; img_size=&#8221;large&#8221; alignment=&#8221;center&#8221;][vc_empty_space][\/vc_column][\/vc_row][vc_row css=&#8221;.vc_custom_1507294042163{padding-bottom: 110px !important;}&#8221;][vc_column]<div class=\"mkdf-elements-holder   mkdf-one-column  mkdf-responsive-mode-768 \" ><div class=\"mkdf-eh-item    \"  data-item-class=\"mkdf-eh-custom-5737\">\n\t\t<div class=\"mkdf-eh-item-inner\">\n\t\t<div class=\"mkdf-eh-item-content mkdf-eh-custom-5737\" >\n\t\t\t[vc_column_text]<\/p>\n<h3 style=\"text-align: left;\"><strong>S\u00e9quence d&#8217;une session<\/strong><\/h3>\n<p><span style=\"font-weight: 400;\">Avant le d\u00e9but d&#8217;une session, je vais d&#8217;abord \u00e9changer avec vous comment vous vous sentez au niveau physique, mental et \u00e9motionnel afin de d\u00e9terminer la meilleure approche pour votre traitement.\u00a0<\/span><\/p>\n<p><span style=\"font-weight: 400;\">Essayez de ne pas trop en faire apr\u00e8s une s\u00e9ance, si vous en avez la possibilit\u00e9.\u00a0<\/span><\/p>\n<p><span style=\"font-weight: 400;\">Il est pr\u00e9f\u00e9rable d&#8217;arriver \u00e0 l&#8217;heure\u00a0: pas trop t\u00f4t, id\u00e9alement 5 minutes avant l&#8217;heure du rendez-vous.\u00a0<\/span><\/p>\n<p><span style=\"font-weight: 400;\">Une s\u00e9ance comprend: l\u2019\u00e9change avant et apr\u00e8s la s\u00e9ance et le traitement lui-m\u00eame.\u00a0<\/span><\/p>\n<p><span style=\"font-weight: 400;\">Il vaut mieux ne pas consommer de repas copieux avant le traitement. Il est pr\u00e9f\u00e9rable de ne pas r\u00e9server de massage en cas de maladies contagieuses (cutan\u00e9es), de fi\u00e8vre ou d&#8217;intoxication.\u00a0<\/span><\/p>\n<p><span style=\"font-weight: 400;\">Il est important de savoir que je ne suis pas m\u00e9decin et que je n&#8217;ai pas le droit de diagnostiquer\u00a0; je vais simplement vous guider pour vous aider \u00e0 gu\u00e9rir plus rapidement.<\/span>[\/vc_column_text]\t\t<\/div>\n\t<\/div>\n<\/div><\/div>[\/vc_column][\/vc_row][vc_row][vc_column]<div class=\"mkdf-elements-holder   mkdf-one-column  mkdf-responsive-mode-768 \" ><div class=\"mkdf-eh-item    \"  data-item-class=\"mkdf-eh-custom-7367\">\n\t\t<div class=\"mkdf-eh-item-inner\">\n\t\t<div class=\"mkdf-eh-item-content mkdf-eh-custom-7367\" >\n\t\t\t[vc_column_text]<\/p>\n<h3><strong>Politique d&#8217;annulation<\/strong><\/h3>\n<p><span style=\"font-weight: 400;\">Si vous n&#8217;\u00eates pas en mesure de vous pr\u00e9senter \u00e0 votre rendez-vous, j&#8217;appr\u00e9cierais que vous m&#8217;en informiez le plus t\u00f4t possible. Le rendez-vous sera report\u00e9 \u00e0 une date ult\u00e9rieure, sans aucun frais.\u00a0<\/span><\/p>\n<p><span style=\"font-weight: 400;\">Si vous avez une carte de 5 s\u00e9ances, vous pouvez toujours choisir d\u2019en faire profiter quelqu&#8217;un d&#8217;autre, ou de reporter la s\u00e9ance.\u00a0<\/span><\/p>\n<p><span style=\"font-weight: 400;\">\u00cates-vous en retard pour votre rendez-vous? Ce n&#8217;est pas tr\u00e8s grave, un cr\u00e9neau horaire peut \u00eatre am\u00e9nag\u00e9 si possible, mais ceci n&#8217;est pas garanti\u00a0; j&#8217;aime avoir du temps entre 2 s\u00e9ances.\u00a0<\/span><\/p>\n<p><span style=\"font-weight: 400;\">Merci pour votre compr\u00e9hension<\/span><span style=\"font-weight: 400;\">.\u00a0<\/span>[\/vc_column_text][vc_empty_space height=&#8221;30px&#8221;]\t\t<\/div>\n\t<\/div>\n<\/div><\/div>[\/vc_column][\/vc_row][vc_row][vc_column][vc_empty_space height=&#8221;60px&#8221;][\/vc_column][\/vc_row]<\/p>\n","protected":false},"excerpt":{"rendered":"<p>[vc_row css=&#8221;.vc_custom_1507294051260{padding-top: 15px !important;padding-bottom: 30px !important;}&#8221;][vc_column][vc_empty_space height=&#8221;100px&#8221;][vc_empty_space height=&#8221;15px&#8221;][\/vc_column][\/vc_row][vc_row css=&#8221;.vc_custom_1606834541255{padding-bottom: 20px !important;}&#8221;][vc_column][\/vc_column][\/vc_row][vc_row css=&#8221;.vc_custom_1507294042163{padding-bottom: 110px !important;}&#8221;][vc_column][\/vc_column][\/vc_row][vc_row][vc_column][vc_column_text] Offrez un BON CADEAU personnalis\u00e9 \u00e0 l&#8217;un de vos proches.\u00a0\u00a0\u00a0 Produits de sant\u00e9 et de beaut\u00e9 et \/ ou bons de massage. Le bon est valable [&hellip;]<\/p>\n","protected":false},"author":1,"featured_media":0,"parent":4829,"menu_order":0,"comment_status":"closed","ping_status":"closed","template":"","meta":[],"yoast_head":"<!-- This site is optimized with the Yoast SEO plugin v16.0.2 - https:\/\/yoast.com\/wordpress\/plugins\/seo\/ -->\n<title>Prix - Vivasana<\/title>\n<link rel=\"canonical\" href=\"https:\/\/www.vivasana.be\/index.php\/fr\/info-fr\/prix\/\" \/>\n<meta property=\"og:locale\" content=\"en_GB\" \/>\n<meta property=\"og:type\" content=\"article\" \/>\n<meta property=\"og:title\" content=\"Prix - Vivasana\" \/>\n<meta property=\"og:description\" content=\"[vc_row css=&#8221;.vc_custom_1507294051260{padding-top: 15px !important;padding-bottom: 30px !important;}&#8221;][vc_column][vc_empty_space height=&#8221;100px&#8221;][vc_empty_space height=&#8221;15px&#8221;][\/vc_column][\/vc_row][vc_row css=&#8221;.vc_custom_1606834541255{padding-bottom: 20px !important;}&#8221;][vc_column][\/vc_column][\/vc_row][vc_row css=&#8221;.vc_custom_1507294042163{padding-bottom: 110px !important;}&#8221;][vc_column][\/vc_column][\/vc_row][vc_row][vc_column][vc_column_text] Offrez un BON CADEAU personnalis\u00e9 \u00e0 l&#8217;un de vos proches.\u00a0\u00a0\u00a0 Produits de sant\u00e9 et de beaut\u00e9 et \/ ou bons de massage. Le bon est valable [&hellip;]\" \/>\n<meta property=\"og:url\" content=\"https:\/\/www.vivasana.be\/index.php\/fr\/info-fr\/prix\/\" \/>\n<meta property=\"og:site_name\" content=\"Vivasana\" \/>\n<meta property=\"article:modified_time\" content=\"2025-07-18T10:11:13+00:00\" \/>\n<meta name=\"twitter:card\" content=\"summary_large_image\" \/>\n<meta name=\"twitter:label1\" content=\"Estimated reading time\">\n\t<meta name=\"twitter:data1\" content=\"3 minutes\">\n<script type=\"application\/ld+json\" class=\"yoast-schema-graph\">{\"@context\":\"https:\/\/schema.org\",\"@graph\":[{\"@type\":[\"Person\",\"Organization\"],\"@id\":\"https:\/\/www.vivasana.be\/#\/schema\/person\/bf80a11fba06a1a649b56ee60f48f140\",\"name\":\"vivasana\",\"image\":{\"@type\":\"ImageObject\",\"@id\":\"https:\/\/www.vivasana.be\/#personlogo\",\"inLanguage\":\"en-GB\",\"url\":\"https:\/\/secure.gravatar.com\/avatar\/92d9ea7bd8b34298fad83acbfa01a197?s=96&d=mm&r=g\",\"caption\":\"vivasana\"},\"logo\":{\"@id\":\"https:\/\/www.vivasana.be\/#personlogo\"}},{\"@type\":\"WebSite\",\"@id\":\"https:\/\/www.vivasana.be\/#website\",\"url\":\"https:\/\/www.vivasana.be\/\",\"name\":\"Vivasana\",\"description\":\"Healing studio for physical and emotional release, based on a holistic Hawaiian approach.\",\"publisher\":{\"@id\":\"https:\/\/www.vivasana.be\/#\/schema\/person\/bf80a11fba06a1a649b56ee60f48f140\"},\"potentialAction\":[{\"@type\":\"SearchAction\",\"target\":\"https:\/\/www.vivasana.be\/?s={search_term_string}\",\"query-input\":\"required name=search_term_string\"}],\"inLanguage\":\"en-GB\"},{\"@type\":\"WebPage\",\"@id\":\"https:\/\/www.vivasana.be\/index.php\/fr\/info-fr\/prix\/#webpage\",\"url\":\"https:\/\/www.vivasana.be\/index.php\/fr\/info-fr\/prix\/\",\"name\":\"Prix - Vivasana\",\"isPartOf\":{\"@id\":\"https:\/\/www.vivasana.be\/#website\"},\"datePublished\":\"2021-02-23T14:25:39+00:00\",\"dateModified\":\"2025-07-18T10:11:13+00:00\",\"breadcrumb\":{\"@id\":\"https:\/\/www.vivasana.be\/index.php\/fr\/info-fr\/prix\/#breadcrumb\"},\"inLanguage\":\"en-GB\",\"potentialAction\":[{\"@type\":\"ReadAction\",\"target\":[\"https:\/\/www.vivasana.be\/index.php\/fr\/info-fr\/prix\/\"]}]},{\"@type\":\"BreadcrumbList\",\"@id\":\"https:\/\/www.vivasana.be\/index.php\/fr\/info-fr\/prix\/#breadcrumb\",\"itemListElement\":[{\"@type\":\"ListItem\",\"position\":1,\"item\":{\"@type\":\"WebPage\",\"@id\":\"https:\/\/www.vivasana.be\/index.php\/en\/main-home\/\",\"url\":\"https:\/\/www.vivasana.be\/index.php\/en\/main-home\/\",\"name\":\"Home\"}},{\"@type\":\"ListItem\",\"position\":2,\"item\":{\"@type\":\"WebPage\",\"@id\":\"https:\/\/www.vivasana.be\/index.php\/fr\/info-fr\/\",\"url\":\"https:\/\/www.vivasana.be\/index.php\/fr\/info-fr\/\",\"name\":\"Info\"}},{\"@type\":\"ListItem\",\"position\":3,\"item\":{\"@type\":\"WebPage\",\"@id\":\"https:\/\/www.vivasana.be\/index.php\/fr\/info-fr\/prix\/\",\"url\":\"https:\/\/www.vivasana.be\/index.php\/fr\/info-fr\/prix\/\",\"name\":\"Prix\"}}]}]}<\/script>\n<!-- \/ Yoast SEO plugin. -->","_links":{"self":[{"href":"https:\/\/www.vivasana.be\/index.php\/wp-json\/wp\/v2\/pages\/4827"}],"collection":[{"href":"https:\/\/www.vivasana.be\/index.php\/wp-json\/wp\/v2\/pages"}],"about":[{"href":"https:\/\/www.vivasana.be\/index.php\/wp-json\/wp\/v2\/types\/page"}],"author":[{"embeddable":true,"href":"https:\/\/www.vivasana.be\/index.php\/wp-json\/wp\/v2\/users\/1"}],"replies":[{"embeddable":true,"href":"https:\/\/www.vivasana.be\/index.php\/wp-json\/wp\/v2\/comments?post=4827"}],"version-history":[{"count":32,"href":"https:\/\/www.vivasana.be\/index.php\/wp-json\/wp\/v2\/pages\/4827\/revisions"}],"predecessor-version":[{"id":5557,"href":"https:\/\/www.vivasana.be\/index.php\/wp-json\/wp\/v2\/pages\/4827\/revisions\/5557"}],"up":[{"embeddable":true,"href":"https:\/\/www.vivasana.be\/index.php\/wp-json\/wp\/v2\/pages\/4829"}],"wp:attachment":[{"href":"https:\/\/www.vivasana.be\/index.php\/wp-json\/wp\/v2\/media?parent=4827"}],"curies":[{"name":"wp","href":"https:\/\/api.w.org\/{rel}","templated":true}]}}