{"id":4822,"date":"2021-02-22T15:26:03","date_gmt":"2021-02-22T15:26:03","guid":{"rendered":"https:\/\/vivasana.be\/?page_id=4822"},"modified":"2022-01-26T15:12:18","modified_gmt":"2022-01-26T15:12:18","slug":"boutique-en-ligne","status":"publish","type":"page","link":"https:\/\/www.vivasana.be\/index.php\/fr\/aloe-vera-fr\/boutique-en-ligne\/","title":{"rendered":"Boutique en ligne"},"content":{"rendered":"<p>[vc_row row_content_width=&#8221;grid&#8221;][vc_column]<div class=\"mkdf-elements-holder   mkdf-one-column  mkdf-responsive-mode-768 \" ><div class=\"mkdf-eh-item    \"  data-item-class=\"mkdf-eh-custom-4549\"  >\n\t\t<div class=\"mkdf-eh-item-inner\">\n\t\t<div class=\"mkdf-eh-item-content mkdf-eh-custom-4549\" style=\"padding: 0 0 10px\">\n\t\t\t[vc_empty_space height=&#8221;100px&#8221;]\t\t<\/div>\n\t<\/div>\n<\/div><\/div><div class=\"mkdf-elements-holder   mkdf-one-column  mkdf-responsive-mode-768 \" ><div class=\"mkdf-eh-item    \"  data-item-class=\"mkdf-eh-custom-8053\" data-1280-1600=\"0 0 10px\" data-1024-1280=\"10px 0 20px\">\n\t\t<div class=\"mkdf-eh-item-inner\">\n\t\t<div class=\"mkdf-eh-item-content mkdf-eh-custom-8053\" style=\"padding: 0 0 20px\">\n\t\t\t<div class=\"mkdf-section-title-holder  mkdf-st-standard mkdf-st-title-left mkdf-st-normal-space \" style=\"text-align: center\">\n\t<div class=\"mkdf-st-inner\">\n\t\t<img width=\"90\" height=\"90\" src=\"https:\/\/www.vivasana.be\/wp-content\/uploads\/2020\/11\/Webp.net-resizeimage-7.png\" class=\"attachment-full size-full\" alt=\"\" loading=\"lazy\" \/>\n\t\t\t\t\t<div class=\"mkdf-separator-holder clearfix\">\n\t\t\t\t<div class=\"mkdf-separator\"><\/div>\n\t\t\t<\/div>\n\t\t\t\t\t\t\t<h2 class=\"mkdf-st-title\" >\n\t\t\t\tBoutique en ligne\t\t\t<\/h2>\n\t\t\t\t\t<\/div>\n<\/div>\t\t<\/div>\n\t<\/div>\n<\/div><\/div><div class=\"mkdf-elements-holder   mkdf-one-column  mkdf-responsive-mode-768 \" ><div class=\"mkdf-eh-item    \"  data-item-class=\"mkdf-eh-custom-9320\" data-1280-1600=\"0 10% 0\" data-1024-1280=\"0 10% 0\"  data-680-768=\"0 3% 0\" data-680=\"0 0\">\n\t\t<div class=\"mkdf-eh-item-inner\">\n\t\t<div class=\"mkdf-eh-item-content mkdf-eh-custom-9320\" style=\"padding: 0 20% 0\">\n\t\t\t[vc_single_image image=&#8221;3735&#8243; img_size=&#8221;large&#8221; alignment=&#8221;center&#8221;][vc_column_text]<span style=\"font-weight: 400;\">Trouvez des produits qui correspondent \u00e0 votre style de vie!<\/span><\/p>\n<p><span style=\"font-weight: 400;\">Nous proposons plus de 100 produits , r\u00e9partis en diff\u00e9rentes cat\u00e9gories:\u00a0<\/span><\/p>\n<ul>\n<li style=\"font-weight: 400;\" aria-level=\"1\"><span style=\"font-weight: 400;\">BOISSONS \u2013 D\u00e9licieuses, nourrissantes et rafra\u00eechissantes\u00a0;<\/span><\/li>\n<li style=\"font-weight: 400;\" aria-level=\"1\"><span style=\"font-weight: 400;\">GESTION DU POIDS \u2013 En route vers une version plus en forme et plus \u00e9nergique de vous-m\u00eame\u00a0;<\/span><\/li>\n<li><span style=\"font-weight: 400;\">COMPLEMENTS<\/span><\/li>\n<li style=\"font-weight: 400;\" aria-level=\"1\"><span style=\"font-weight: 400;\">SOINS PERSONNELS \u2013 Exp\u00e9rimentez les bienfaits de l\u2019Alo\u00eb Vera de la t\u00eate aux pieds\u00a0;<\/span><\/li>\n<li style=\"font-weight: 400;\" aria-level=\"1\"><span style=\"font-weight: 400;\">SOINS DE LA PEAU \u2013 R\u00e9duisez l\u2019apparence des signes de l\u2019\u00e2ge gr\u00e2ce \u00e0 la force de l\u2019Alo\u00eb Vera.<\/span><\/li>\n<li style=\"font-weight: 400;\" aria-level=\"1\"><span style=\"font-weight: 400;\">HUILES ESSENTIELLES<\/span><\/li>\n<li style=\"font-weight: 400;\" aria-level=\"1\"><span style=\"font-weight: 400;\">PRODUITS DE LA RUCHE \u00a0(Espagne)<\/span><\/li>\n<\/ul>\n<p><span style=\"font-weight: 400;\">Nous sommes fiers d\u2019offrir des boissons et des suppl\u00e9ments v\u00e9g\u00e9taliens et v\u00e9g\u00e9tariens.\u00a0Les boissons et les suppl\u00e9ments de Forever Living ont tous \u00e9t\u00e9 <\/span><b>approuv\u00e9s par le minist\u00e8re de la sant\u00e9<\/b><span style=\"font-weight: 400;\"> (par pays) et les produits ax\u00e9s sport sont <\/span><b>repris sur la liste de Cologne<\/b><span style=\"font-weight: 400;\"> (liste anti-dopage).<\/span><\/p>\n<p>&nbsp;<\/p>\n<p style=\"text-align: center;\"><span style=\"font-weight: 400;\">D\u00e9couvrez-les dans notre catalogue, en cliquant sur ce lien:<strong> <a href=\"https:\/\/view.publitas.com\/forever_living_products_benelux\/brochure_des_produits\/page\/1\" target=\"_blank\" rel=\"noopener\">CATALOGUE<\/a><\/strong><\/span><\/p>\n<p style=\"text-align: center;\"><span style=\"font-weight: 400;\">Voudriez-vous les commander en ligne, et les recevoir \u00e0 votre domicile? Cliquez sur notre <strong><span style=\"color: #d6b981;\"><a href=\"https:\/\/thealoeveraco.shop\/Uf2ulRh5\" target=\"_blank\" rel=\"noopener\">BOUTIQUE EN LIGNE<\/a><\/span><\/strong><\/span><\/p>\n<p>[\/vc_column_text][vc_empty_space][vc_single_image image=&#8221;5347&#8243; img_size=&#8221;large&#8221; alignment=&#8221;center&#8221;][vc_empty_space][vc_single_image image=&#8221;4754&#8243; img_size=&#8221;large&#8221; alignment=&#8221;center&#8221;][vc_empty_space][vc_column_text]<\/p>\n<h5 style=\"text-align: center;\"><b>Recevez votre remise:\u00a0<\/b><\/h5>\n<p style=\"text-align: center;\"><span style=\"font-weight: 400;\">Pour toute commande &gt; \u20ac100 , vous recevrez 5% de remise<\/span><\/p>\n<p style=\"text-align: center;\"><span style=\"font-weight: 400;\">Pour toute commande &gt; \u20ac 150, vous recevrez 10% de remise<\/span><\/p>\n<p style=\"text-align: center;\"><span style=\"font-weight: 400;\">Pour toute commande &gt; \u20ac 200, vous recevrez 15% de remise<\/span><\/p>\n<p style=\"text-align: center;\"><span style=\"font-weight: 400;\">Comment? Demandez votre lien par mail au natacha@vivasana.be, Nous vous enverrons un lien pour votre commande en ligne AVEC remise.<\/span><\/p>\n<p>[\/vc_column_text][vc_empty_space][vc_single_image image=&#8221;3732&#8243; img_size=&#8221;large&#8221; alignment=&#8221;center&#8221;][vc_empty_space]\t\t<\/div>\n\t<\/div>\n<\/div><\/div><div class=\"mkdf-elements-holder   mkdf-one-column  mkdf-responsive-mode-768 \" ><div class=\"mkdf-eh-item   mkdf-horizontal-alignment-center \"  data-item-class=\"mkdf-eh-custom-5902\" data-1280-1600=\"30px 0 8%\" data-1024-1280=\"40px 0 9%\" data-768-1024=\"40px 0 12%\" data-680-768=\"40px 0 34%\" data-680=\"30px 0 21%\">\n\t\t<div class=\"mkdf-eh-item-inner\">\n\t\t<div class=\"mkdf-eh-item-content mkdf-eh-custom-5902\" style=\"padding: 40px 0 20%\">\n\t\t\t\t\t<\/div>\n\t<\/div>\n<\/div><\/div>[\/vc_column][\/vc_row]<\/p>\n","protected":false},"excerpt":{"rendered":"<p>[vc_row row_content_width=&#8221;grid&#8221;][vc_column][\/vc_column][\/vc_row]<\/p>\n","protected":false},"author":1,"featured_media":0,"parent":4806,"menu_order":0,"comment_status":"closed","ping_status":"closed","template":"full-width.php","meta":[],"yoast_head":"<!-- This site is optimized with the Yoast SEO plugin v16.0.2 - https:\/\/yoast.com\/wordpress\/plugins\/seo\/ -->\n<title>Boutique en ligne - Vivasana<\/title>\n<link rel=\"canonical\" href=\"https:\/\/www.vivasana.be\/index.php\/fr\/aloe-vera-fr\/boutique-en-ligne\/\" \/>\n<meta property=\"og:locale\" content=\"en_GB\" \/>\n<meta property=\"og:type\" content=\"article\" \/>\n<meta property=\"og:title\" content=\"Boutique en ligne - Vivasana\" \/>\n<meta property=\"og:description\" content=\"[vc_row row_content_width=&#8221;grid&#8221;][vc_column][\/vc_column][\/vc_row]\" \/>\n<meta property=\"og:url\" content=\"https:\/\/www.vivasana.be\/index.php\/fr\/aloe-vera-fr\/boutique-en-ligne\/\" \/>\n<meta property=\"og:site_name\" content=\"Vivasana\" \/>\n<meta property=\"article:modified_time\" content=\"2022-01-26T15:12:18+00:00\" \/>\n<meta name=\"twitter:card\" content=\"summary_large_image\" \/>\n<meta name=\"twitter:label1\" content=\"Estimated reading time\">\n\t<meta name=\"twitter:data1\" content=\"2 minutes\">\n<script type=\"application\/ld+json\" class=\"yoast-schema-graph\">{\"@context\":\"https:\/\/schema.org\",\"@graph\":[{\"@type\":[\"Person\",\"Organization\"],\"@id\":\"https:\/\/www.vivasana.be\/#\/schema\/person\/bf80a11fba06a1a649b56ee60f48f140\",\"name\":\"vivasana\",\"image\":{\"@type\":\"ImageObject\",\"@id\":\"https:\/\/www.vivasana.be\/#personlogo\",\"inLanguage\":\"en-GB\",\"url\":\"https:\/\/secure.gravatar.com\/avatar\/92d9ea7bd8b34298fad83acbfa01a197?s=96&d=mm&r=g\",\"caption\":\"vivasana\"},\"logo\":{\"@id\":\"https:\/\/www.vivasana.be\/#personlogo\"}},{\"@type\":\"WebSite\",\"@id\":\"https:\/\/www.vivasana.be\/#website\",\"url\":\"https:\/\/www.vivasana.be\/\",\"name\":\"Vivasana\",\"description\":\"Healing studio for physical and emotional release, based on a holistic Hawaiian approach.\",\"publisher\":{\"@id\":\"https:\/\/www.vivasana.be\/#\/schema\/person\/bf80a11fba06a1a649b56ee60f48f140\"},\"potentialAction\":[{\"@type\":\"SearchAction\",\"target\":\"https:\/\/www.vivasana.be\/?s={search_term_string}\",\"query-input\":\"required name=search_term_string\"}],\"inLanguage\":\"en-GB\"},{\"@type\":\"WebPage\",\"@id\":\"https:\/\/www.vivasana.be\/index.php\/fr\/aloe-vera-fr\/boutique-en-ligne\/#webpage\",\"url\":\"https:\/\/www.vivasana.be\/index.php\/fr\/aloe-vera-fr\/boutique-en-ligne\/\",\"name\":\"Boutique en ligne - Vivasana\",\"isPartOf\":{\"@id\":\"https:\/\/www.vivasana.be\/#website\"},\"datePublished\":\"2021-02-22T15:26:03+00:00\",\"dateModified\":\"2022-01-26T15:12:18+00:00\",\"breadcrumb\":{\"@id\":\"https:\/\/www.vivasana.be\/index.php\/fr\/aloe-vera-fr\/boutique-en-ligne\/#breadcrumb\"},\"inLanguage\":\"en-GB\",\"potentialAction\":[{\"@type\":\"ReadAction\",\"target\":[\"https:\/\/www.vivasana.be\/index.php\/fr\/aloe-vera-fr\/boutique-en-ligne\/\"]}]},{\"@type\":\"BreadcrumbList\",\"@id\":\"https:\/\/www.vivasana.be\/index.php\/fr\/aloe-vera-fr\/boutique-en-ligne\/#breadcrumb\",\"itemListElement\":[{\"@type\":\"ListItem\",\"position\":1,\"item\":{\"@type\":\"WebPage\",\"@id\":\"https:\/\/www.vivasana.be\/index.php\/en\/main-home\/\",\"url\":\"https:\/\/www.vivasana.be\/index.php\/en\/main-home\/\",\"name\":\"Home\"}},{\"@type\":\"ListItem\",\"position\":2,\"item\":{\"@type\":\"WebPage\",\"@id\":\"https:\/\/www.vivasana.be\/index.php\/fr\/aloe-vera-fr\/\",\"url\":\"https:\/\/www.vivasana.be\/index.php\/fr\/aloe-vera-fr\/\",\"name\":\"Aloe Vera\"}},{\"@type\":\"ListItem\",\"position\":3,\"item\":{\"@type\":\"WebPage\",\"@id\":\"https:\/\/www.vivasana.be\/index.php\/fr\/aloe-vera-fr\/boutique-en-ligne\/\",\"url\":\"https:\/\/www.vivasana.be\/index.php\/fr\/aloe-vera-fr\/boutique-en-ligne\/\",\"name\":\"Boutique en ligne\"}}]}]}<\/script>\n<!-- \/ Yoast SEO plugin. -->","_links":{"self":[{"href":"https:\/\/www.vivasana.be\/index.php\/wp-json\/wp\/v2\/pages\/4822"}],"collection":[{"href":"https:\/\/www.vivasana.be\/index.php\/wp-json\/wp\/v2\/pages"}],"about":[{"href":"https:\/\/www.vivasana.be\/index.php\/wp-json\/wp\/v2\/types\/page"}],"author":[{"embeddable":true,"href":"https:\/\/www.vivasana.be\/index.php\/wp-json\/wp\/v2\/users\/1"}],"replies":[{"embeddable":true,"href":"https:\/\/www.vivasana.be\/index.php\/wp-json\/wp\/v2\/comments?post=4822"}],"version-history":[{"count":16,"href":"https:\/\/www.vivasana.be\/index.php\/wp-json\/wp\/v2\/pages\/4822\/revisions"}],"predecessor-version":[{"id":5355,"href":"https:\/\/www.vivasana.be\/index.php\/wp-json\/wp\/v2\/pages\/4822\/revisions\/5355"}],"up":[{"embeddable":true,"href":"https:\/\/www.vivasana.be\/index.php\/wp-json\/wp\/v2\/pages\/4806"}],"wp:attachment":[{"href":"https:\/\/www.vivasana.be\/index.php\/wp-json\/wp\/v2\/media?parent=4822"}],"curies":[{"name":"wp","href":"https:\/\/api.w.org\/{rel}","templated":true}]}}