{"id":4256,"date":"2021-01-04T19:39:24","date_gmt":"2021-01-04T19:39:24","guid":{"rendered":"https:\/\/vivasana.be\/?page_id=4256"},"modified":"2022-01-26T15:21:58","modified_gmt":"2022-01-26T15:21:58","slug":"job-opportuniteit","status":"publish","type":"page","link":"https:\/\/www.vivasana.be\/index.php\/aloe-vera-nl\/job-opportuniteit\/","title":{"rendered":"Job opportuniteit"},"content":{"rendered":"<p>[vc_row row_content_width=&#8221;grid&#8221;][vc_column]<div class=\"mkdf-elements-holder   mkdf-one-column  mkdf-responsive-mode-768 \" ><div class=\"mkdf-eh-item    \"  data-item-class=\"mkdf-eh-custom-5782\"  >\n\t\t<div class=\"mkdf-eh-item-inner\">\n\t\t<div class=\"mkdf-eh-item-content mkdf-eh-custom-5782\" style=\"padding: 0 0 10px\">\n\t\t\t[vc_empty_space height=&#8221;100px&#8221;]\t\t<\/div>\n\t<\/div>\n<\/div><\/div><div class=\"mkdf-elements-holder   mkdf-one-column  mkdf-responsive-mode-768 \" ><div class=\"mkdf-eh-item    \"  data-item-class=\"mkdf-eh-custom-9794\" data-1280-1600=\"0 0 10px\" data-1024-1280=\"10px 0 20px\">\n\t\t<div class=\"mkdf-eh-item-inner\">\n\t\t<div class=\"mkdf-eh-item-content mkdf-eh-custom-9794\" style=\"padding: 0 0 20px\">\n\t\t\t<div class=\"mkdf-section-title-holder  mkdf-st-standard mkdf-st-title-left mkdf-st-normal-space \" style=\"text-align: center\">\n\t<div class=\"mkdf-st-inner\">\n\t\t<img width=\"90\" height=\"90\" src=\"https:\/\/www.vivasana.be\/wp-content\/uploads\/2020\/11\/Webp.net-resizeimage-7.png\" class=\"attachment-full size-full\" alt=\"\" loading=\"lazy\" \/>\n\t\t\t\t\t<div class=\"mkdf-separator-holder clearfix\">\n\t\t\t\t<div class=\"mkdf-separator\"><\/div>\n\t\t\t<\/div>\n\t\t\t\t\t\t\t<h2 class=\"mkdf-st-title\" >\n\t\t\t\tJob Opportuniteit\t\t\t<\/h2>\n\t\t\t\t\t<\/div>\n<\/div>\t\t<\/div>\n\t<\/div>\n<\/div><\/div><div class=\"mkdf-elements-holder   mkdf-one-column  mkdf-responsive-mode-768 \" ><div class=\"mkdf-eh-item    \"  data-item-class=\"mkdf-eh-custom-8010\" data-1280-1600=\"0 10% 0\" data-1024-1280=\"0 10% 0\"  data-680-768=\"0 3% 0\" data-680=\"0 0\">\n\t\t<div class=\"mkdf-eh-item-inner\">\n\t\t<div class=\"mkdf-eh-item-content mkdf-eh-custom-8010\" style=\"padding: 0 20% 0\">\n\t\t\t[vc_single_image image=&#8221;3712&#8243; img_size=&#8221;medium&#8221; alignment=&#8221;center&#8221;][vc_empty_space][vc_column_text]<\/p>\n<p style=\"text-align: center;\"><span style=\"font-weight: 400;\"><span style=\"color: #d6b981;\"><strong>ZELFSTANDIG MAAR NOOIT ALLEEN<\/strong><\/span><\/span><\/p>\n<h3 style=\"text-align: center;\"><\/h3>\n<p>&nbsp;<\/p>\n<p><span style=\"font-weight: 400;\">Wil je iets voor jezelf opbouwen, maar je weet niet hoe te beginnen?<\/span><\/p>\n<p><span style=\"font-weight: 400;\">Wil je meer inkomen op een manier dat bij jou past, een inkomen dat kan groeien aan de hand van jouw inzet?\u00a0<\/span><\/p>\n<p><span style=\"font-weight: 400;\">Wil jij meer tijd hebben voor reizen, familie of vrienden?\u00a0<\/span><\/p>\n<p><span style=\"font-weight: 400;\">Wil jij ook werken waar je wilt, met wie en hoe jij dat wil? <\/span><\/p>\n<p><span style=\"font-weight: 400;\">Wil jij het verschil maken voor jezelf en voor een ander? <\/span><\/p>\n<p><span style=\"font-weight: 400;\">Heb je interesse in sport, beauty, gezondheid, leren ondernemen, focus &amp; mindset, positiviteit en persoonlijke ontwikkeling?\u00a0<\/span><\/p>\n<p>&nbsp;<\/p>\n<p><span style=\"font-weight: 400;\">Nieuwsgierig? Lees dan even verder.<\/span><\/p>\n<p><span style=\"font-weight: 400;\">Zes jaar geleden kwam ik, via mijn acupuncturist Annabel, in contact met een paar producten op basis van Alo\u00eb Vera. Heel vlug ervaarde ik wat een positief effect dit had op mijn vertering en op mijn energieniveau en dat met \u00e9\u00e9n enkel glas Alo\u00eb Vera per dag te drinken. Door het volste vertrouwen in de kwaliteit van het product en door mijn enthousiasme, stapte ik mee in het businessmodel en bouwde hiermee langzaam maar zeker een extra volwaardig inkomen mee. Nu kan ik met zekerheid zeggen wat een goed gevoel dit geeft om mensen te begeleiden, of het nu is naar een betere versie van zichzelf en\/of om financieel meer onafhankelijk te worden, beide zijn perfect mogelijk. En dat gevoel wil ik ook graag delen met jou. \u00a0\u00a0<\/span><\/p>\n<p><span style=\"font-weight: 400;\"><br \/>\n<\/span><span style=\"font-weight: 400;\">Je staat er niet alleen voor, ik ben er om jou te gidsen, zodat jij ook zelfstandig je eigen activiteit kan runnen.<br \/>\n<\/span>[\/vc_column_text][vc_empty_space][vc_single_image image=&#8221;4428&#8243; img_size=&#8221;medium&#8221; alignment=&#8221;center&#8221;][vc_empty_space][vc_column_text]<\/p>\n<p style=\"text-align: left;\"><span style=\"color: #d6b981;\"><strong>\u00a0<\/strong><\/span><\/p>\n<p><span style=\"font-weight: 400;\">Ons aanbod\u00a0JOUW VOORDEEL:<\/span><\/p>\n<ul>\n<li style=\"font-weight: 400;\" aria-level=\"1\"><span style=\"font-weight: 400;\">Je werkt in jouw eigen omgeving, zonder stress<\/span><\/li>\n<li style=\"font-weight: 400;\" aria-level=\"1\"><span style=\"font-weight: 400;\">Je bepaalt zelf jouw werkuren en werkt op je eigen tempo<\/span><\/li>\n<li style=\"font-weight: 400;\" aria-level=\"1\"><span style=\"font-weight: 400;\">Geen tijdverlies door woon-werk verkeer (geen files)<\/span><\/li>\n<li style=\"font-weight: 400;\" aria-level=\"1\"><span style=\"font-weight: 400;\">Voltijds of extra inkomen naast je huidige job<\/span><\/li>\n<li style=\"font-weight: 400;\" aria-level=\"1\"><span style=\"font-weight: 400;\">Geen diploma of werkervaring nodig (min 18 jaar)<\/span><\/li>\n<li style=\"font-weight: 400;\" aria-level=\"1\"><span style=\"font-weight: 400;\">Je kan 24\/7 inkomen genereren<\/span><\/li>\n<li style=\"font-weight: 400;\" aria-level=\"1\"><span style=\"font-weight: 400;\">Wereldwijd werken is mogelijk <\/span><\/li>\n<li style=\"font-weight: 400;\" aria-level=\"1\"><span style=\"font-weight: 400;\">Gratis begeleiding en ondersteuning in je eigen taal<\/span><\/li>\n<li style=\"font-weight: 400;\" aria-level=\"1\"><span style=\"font-weight: 400;\">Mogelijkheid om online en vanuit thuis te werken<\/span><\/li>\n<\/ul>\n<p>&nbsp;<\/p>\n<p>&nbsp;<\/p>\n<h3 style=\"text-align: center;\"><strong><span style=\"font-weight: 400;\"><span style=\"color: #d6b981;\">BEN JIJ OOK KLAAR OM DEZE REIS TE STARTEN?<\/span><\/span><\/strong><\/h3>\n<h3 style=\"text-align: center;\"><strong>Ik kijk er alvast naar uit om jou te begeleiden.<\/strong><\/h3>\n<p><em>\u201cNiemand van ons kende het bedrijf en deze unieke manier van werken. Het is waar, in het begin had ik twijfels over hun businessmodel, hun manier van werken. Maar we zagen meteen dat we binnen relatief korte tijd voor onszelf absolute vrijheid en onafhankelijkheid konden bereiken. &#8221; En dat gun ik jou ook.<\/em><\/p>\n<p>&nbsp;<\/p>\n<p>&nbsp;<\/p>\n<p style=\"text-align: center;\"><span style=\"font-weight: 400;\">Wil je er graag meer over weten? Meld je interesse en vul eventjes het <a href=\"https:\/\/www.vivasana.be\/index.php\/info-nl\/contact-nl\/\" target=\"_blank\" rel=\"noopener\"><span style=\"color: #d6b981;\">contactformulier<\/span><\/a>\u00a0in. <\/span><\/p>\n<p style=\"text-align: center;\"><span style=\"font-weight: 400;\">Wij nodigen jou vrijblijvend uit op onze online Info meeting, elke maandagavond van 20u15 tot 21u. Link via het <a href=\"https:\/\/www.vivasana.be\/index.php\/info-nl\/contact-nl\/\" target=\"_blank\" rel=\"noopener\">contactformulier.<\/a><\/span><\/p>\n<p>&nbsp;<\/p>\n<p style=\"text-align: center;\"><span style=\"font-weight: 400;\">Je kan je ook onmiddellijk registreren*.<\/span><\/p>\n<h5 style=\"text-align: center;\"><span style=\"font-weight: 400;\">Registreer je nog vandaag<\/span><\/h5>\n<p style=\"text-align: center;\"><a class=\"mkdf-btn mkdf-btn-medium mkdf-btn-solid\" href=\"https:\/\/thealoeveraco.shop\/ibZ3q38s\" target=\"_blank\" rel=\"noopener noreferrer\">Nederlands<\/a> <a class=\"mkdf-btn mkdf-btn-medium mkdf-btn-solid\" href=\"https:\/\/thealoeveraco.shop\/KAELl8QQ\" target=\"_blank\" rel=\"noopener noreferrer\">Fran\u00e7ais<\/a><\/p>\n<p>&nbsp;<\/p>\n<p style=\"text-align: center;\"><span style=\"font-weight: 400;\">Kies \u201cStarten als Preferred customer\u201d of kies &#8220;Starten als Forever Business Owner&#8221; als je onmiddellijk wilt verdienen.<\/span><\/p>\n<p>[\/vc_column_text]\t\t<\/div>\n\t<\/div>\n<\/div><\/div><div class=\"mkdf-elements-holder   mkdf-one-column  mkdf-responsive-mode-768 \" ><div class=\"mkdf-eh-item   mkdf-horizontal-alignment-center \"  data-item-class=\"mkdf-eh-custom-6599\" data-1280-1600=\"30px 0 8%\" data-1024-1280=\"40px 0 9%\" data-768-1024=\"40px 0 12%\" data-680-768=\"40px 0 34%\" data-680=\"30px 0 21%\">\n\t\t<div class=\"mkdf-eh-item-inner\">\n\t\t<div class=\"mkdf-eh-item-content mkdf-eh-custom-6599\" style=\"padding: 40px 0 20%\">\n\t\t\t\t\t<\/div>\n\t<\/div>\n<\/div><\/div>[\/vc_column][\/vc_row]<\/p>\n","protected":false},"excerpt":{"rendered":"<p>[vc_row row_content_width=&#8221;grid&#8221;][vc_column][\/vc_column][\/vc_row]<\/p>\n","protected":false},"author":1,"featured_media":0,"parent":4244,"menu_order":0,"comment_status":"closed","ping_status":"closed","template":"full-width.php","meta":[],"yoast_head":"<!-- This site is optimized with the Yoast SEO plugin v16.0.2 - https:\/\/yoast.com\/wordpress\/plugins\/seo\/ -->\n<title>Job opportuniteit - Vivasana<\/title>\n<link rel=\"canonical\" href=\"https:\/\/www.vivasana.be\/index.php\/aloe-vera-nl\/job-opportuniteit\/\" \/>\n<meta property=\"og:locale\" content=\"en_GB\" \/>\n<meta property=\"og:type\" content=\"article\" \/>\n<meta property=\"og:title\" content=\"Job opportuniteit - Vivasana\" \/>\n<meta property=\"og:description\" content=\"[vc_row row_content_width=&#8221;grid&#8221;][vc_column][\/vc_column][\/vc_row]\" \/>\n<meta property=\"og:url\" content=\"https:\/\/www.vivasana.be\/index.php\/aloe-vera-nl\/job-opportuniteit\/\" \/>\n<meta property=\"og:site_name\" content=\"Vivasana\" \/>\n<meta property=\"article:modified_time\" content=\"2022-01-26T15:21:58+00:00\" \/>\n<meta name=\"twitter:card\" content=\"summary_large_image\" \/>\n<meta name=\"twitter:label1\" content=\"Estimated reading time\">\n\t<meta name=\"twitter:data1\" content=\"3 minutes\">\n<script type=\"application\/ld+json\" class=\"yoast-schema-graph\">{\"@context\":\"https:\/\/schema.org\",\"@graph\":[{\"@type\":[\"Person\",\"Organization\"],\"@id\":\"https:\/\/www.vivasana.be\/#\/schema\/person\/bf80a11fba06a1a649b56ee60f48f140\",\"name\":\"vivasana\",\"image\":{\"@type\":\"ImageObject\",\"@id\":\"https:\/\/www.vivasana.be\/#personlogo\",\"inLanguage\":\"en-GB\",\"url\":\"https:\/\/secure.gravatar.com\/avatar\/92d9ea7bd8b34298fad83acbfa01a197?s=96&d=mm&r=g\",\"caption\":\"vivasana\"},\"logo\":{\"@id\":\"https:\/\/www.vivasana.be\/#personlogo\"}},{\"@type\":\"WebSite\",\"@id\":\"https:\/\/www.vivasana.be\/#website\",\"url\":\"https:\/\/www.vivasana.be\/\",\"name\":\"Vivasana\",\"description\":\"Healing studio for physical and emotional release, based on a holistic Hawaiian approach.\",\"publisher\":{\"@id\":\"https:\/\/www.vivasana.be\/#\/schema\/person\/bf80a11fba06a1a649b56ee60f48f140\"},\"potentialAction\":[{\"@type\":\"SearchAction\",\"target\":\"https:\/\/www.vivasana.be\/?s={search_term_string}\",\"query-input\":\"required name=search_term_string\"}],\"inLanguage\":\"en-GB\"},{\"@type\":\"WebPage\",\"@id\":\"https:\/\/www.vivasana.be\/index.php\/aloe-vera-nl\/job-opportuniteit\/#webpage\",\"url\":\"https:\/\/www.vivasana.be\/index.php\/aloe-vera-nl\/job-opportuniteit\/\",\"name\":\"Job opportuniteit - Vivasana\",\"isPartOf\":{\"@id\":\"https:\/\/www.vivasana.be\/#website\"},\"datePublished\":\"2021-01-04T19:39:24+00:00\",\"dateModified\":\"2022-01-26T15:21:58+00:00\",\"breadcrumb\":{\"@id\":\"https:\/\/www.vivasana.be\/index.php\/aloe-vera-nl\/job-opportuniteit\/#breadcrumb\"},\"inLanguage\":\"en-GB\",\"potentialAction\":[{\"@type\":\"ReadAction\",\"target\":[\"https:\/\/www.vivasana.be\/index.php\/aloe-vera-nl\/job-opportuniteit\/\"]}]},{\"@type\":\"BreadcrumbList\",\"@id\":\"https:\/\/www.vivasana.be\/index.php\/aloe-vera-nl\/job-opportuniteit\/#breadcrumb\",\"itemListElement\":[{\"@type\":\"ListItem\",\"position\":1,\"item\":{\"@type\":\"WebPage\",\"@id\":\"https:\/\/www.vivasana.be\/index.php\/en\/main-home\/\",\"url\":\"https:\/\/www.vivasana.be\/index.php\/en\/main-home\/\",\"name\":\"Home\"}},{\"@type\":\"ListItem\",\"position\":2,\"item\":{\"@type\":\"WebPage\",\"@id\":\"https:\/\/www.vivasana.be\/index.php\/aloe-vera-nl\/\",\"url\":\"https:\/\/www.vivasana.be\/index.php\/aloe-vera-nl\/\",\"name\":\"Aloe Vera\"}},{\"@type\":\"ListItem\",\"position\":3,\"item\":{\"@type\":\"WebPage\",\"@id\":\"https:\/\/www.vivasana.be\/index.php\/aloe-vera-nl\/job-opportuniteit\/\",\"url\":\"https:\/\/www.vivasana.be\/index.php\/aloe-vera-nl\/job-opportuniteit\/\",\"name\":\"Job opportuniteit\"}}]}]}<\/script>\n<!-- \/ Yoast SEO plugin. -->","_links":{"self":[{"href":"https:\/\/www.vivasana.be\/index.php\/wp-json\/wp\/v2\/pages\/4256"}],"collection":[{"href":"https:\/\/www.vivasana.be\/index.php\/wp-json\/wp\/v2\/pages"}],"about":[{"href":"https:\/\/www.vivasana.be\/index.php\/wp-json\/wp\/v2\/types\/page"}],"author":[{"embeddable":true,"href":"https:\/\/www.vivasana.be\/index.php\/wp-json\/wp\/v2\/users\/1"}],"replies":[{"embeddable":true,"href":"https:\/\/www.vivasana.be\/index.php\/wp-json\/wp\/v2\/comments?post=4256"}],"version-history":[{"count":17,"href":"https:\/\/www.vivasana.be\/index.php\/wp-json\/wp\/v2\/pages\/4256\/revisions"}],"predecessor-version":[{"id":5332,"href":"https:\/\/www.vivasana.be\/index.php\/wp-json\/wp\/v2\/pages\/4256\/revisions\/5332"}],"up":[{"embeddable":true,"href":"https:\/\/www.vivasana.be\/index.php\/wp-json\/wp\/v2\/pages\/4244"}],"wp:attachment":[{"href":"https:\/\/www.vivasana.be\/index.php\/wp-json\/wp\/v2\/media?parent=4256"}],"curies":[{"name":"wp","href":"https:\/\/api.w.org\/{rel}","templated":true}]}}