{"id":4247,"date":"2021-01-04T19:13:31","date_gmt":"2021-01-04T19:13:31","guid":{"rendered":"https:\/\/vivasana.be\/?page_id=4247"},"modified":"2021-04-22T15:58:13","modified_gmt":"2021-04-22T15:58:13","slug":"voordelen","status":"publish","type":"page","link":"https:\/\/www.vivasana.be\/index.php\/aloe-vera-nl\/voordelen\/","title":{"rendered":"Voordelen"},"content":{"rendered":"<p>[vc_row row_content_width=&#8221;grid&#8221;][vc_column]<div class=\"mkdf-elements-holder   mkdf-one-column  mkdf-responsive-mode-768 \" ><div class=\"mkdf-eh-item    \"  data-item-class=\"mkdf-eh-custom-3510\"  >\n\t\t<div class=\"mkdf-eh-item-inner\">\n\t\t<div class=\"mkdf-eh-item-content mkdf-eh-custom-3510\" style=\"padding: 0 0 10px\">\n\t\t\t[vc_empty_space height=&#8221;100px&#8221;]\t\t<\/div>\n\t<\/div>\n<\/div><\/div><div class=\"mkdf-elements-holder   mkdf-one-column  mkdf-responsive-mode-768 \" ><div class=\"mkdf-eh-item    \"  data-item-class=\"mkdf-eh-custom-5927\" data-1280-1600=\"0 0 10px\" data-1024-1280=\"10px 0 20px\">\n\t\t<div class=\"mkdf-eh-item-inner\">\n\t\t<div class=\"mkdf-eh-item-content mkdf-eh-custom-5927\" style=\"padding: 0 0 20px\">\n\t\t\t<div class=\"mkdf-section-title-holder  mkdf-st-standard mkdf-st-title-left mkdf-st-normal-space \" style=\"text-align: center\">\n\t<div class=\"mkdf-st-inner\">\n\t\t<img width=\"90\" height=\"90\" src=\"https:\/\/www.vivasana.be\/wp-content\/uploads\/2020\/11\/Webp.net-resizeimage-7.png\" class=\"attachment-full size-full\" alt=\"\" loading=\"lazy\" \/>\n\t\t\t\t\t<div class=\"mkdf-separator-holder clearfix\">\n\t\t\t\t<div class=\"mkdf-separator\"><\/div>\n\t\t\t<\/div>\n\t\t\t\t\t\t\t<h2 class=\"mkdf-st-title\" >\n\t\t\t\tDe heilzame plant en de voordelen\t\t\t<\/h2>\n\t\t\t\t\t<\/div>\n<\/div>\t\t<\/div>\n\t<\/div>\n<\/div><\/div><div class=\"mkdf-elements-holder   mkdf-one-column  mkdf-responsive-mode-768 \" ><div class=\"mkdf-eh-item    \"  data-item-class=\"mkdf-eh-custom-6992\" data-1280-1600=\"0 10% 0\" data-1024-1280=\"0 10% 0\"  data-680-768=\"0 3% 0\" data-680=\"0 0\">\n\t\t<div class=\"mkdf-eh-item-inner\">\n\t\t<div class=\"mkdf-eh-item-content mkdf-eh-custom-6992\" style=\"padding: 0 20% 0\">\n\t\t\t[vc_column_text]<\/p>\n<h3 style=\"text-align: left;\"><\/h3>\n<h3><span style=\"color: #d6b981;\"><strong>EEN BEETJE GESCHIEDENIS<\/strong><\/span><\/h3>\n<p><span style=\"font-weight: 400;\">Alo\u00eb Vera is een van de oudste bekende medicinale planten. In het oude Griekenland gebruikten de doktoren de plant in hun recepten, terwijl de oude Egyptenaren de plant niet alleen gebruikten als medicijn maar ook als levenselixer, voor huidverzorging en bij het balsemen. Zij noemden deze plant: &#8220;De Plant van de Onsterfelijkheid&#8221;.\u00a0<\/span><span style=\"font-weight: 400;\">Alo\u00eb Vera is een tropische cactus-achtige plant, familielid van de lelie- en uiachtige planten, die groeit in de warmere klimaten. Er zijn ongeveer vierhonderd verschillende soorten Alo\u00eb, en de BARBADENSIS variant heeft ongetwijfeld de sterkste werking.<\/span><\/p>\n<p><span style=\"font-weight: 400;\">In 1964 deed Dr. Bill C. Coats, een apotheker uit Texas, een droom uitkomen; alle voordelen van Alo\u00eb Vera bereikbaar te maken voor miljoenen mensen over de hele wereld. Overtuigd dat de &#8220;Gel&#8221; van de plant verwijderd en gebruikt kon worden zonder dat de werking ervan verloren ging, wijdde dr. Coats zich geheel aan het bestuderen van de geheimen van de chemische samenstelling van de plant en dat te doen wat nog niemand ooit gelukt was in de 3500 jaar van de bekende geschiedenis van de plant: <\/span><b>Het verwijderen en op natuurlijke basis stabiliseren van de gel terwijl de natuurlijke heilzame kracht geconserveerd blijft. Dit bracht hij in 1968 tot stand.\u00a0<\/b><\/p>\n<p><span style=\"font-weight: 400;\">Sindsdien zijn nieuwe wegen bewandeld in het gebruik van de gestabiliseerde Alo\u00eb Vera Gel , zoals in de geneeskunde, sport, in dienst van gezondheid en schoonheid, in cosmetica en bij dierenverzorging.\u00a0<\/span>[\/vc_column_text][vc_empty_space][vc_media_grid element_width=&#8221;6&#8243; grid_id=&#8221;vc_gid:1619107019183-f015b8a0-2ced-4&#8243; include=&#8221;3999,3705&#8243;][vc_empty_space][vc_column_text]<\/p>\n<h3><span style=\"color: #d6b981;\"><strong>DE HEILZAME WERKING VAN ALOE VERA<\/strong><\/span><\/h3>\n<p><strong>Alo\u00eb Vera bevordert het natuurlijk afweersysteem*<\/strong><\/p>\n<p>&nbsp;<\/p>\n<p><strong>VAN BINNENUIT<\/strong><span style=\"font-weight: 400;\"><strong>:<\/strong> Alo\u00eb Vera is de tandenborstel voor onze darmen.\u00a0<\/span><span style=\"font-weight: 400;\">\u00a0<\/span><\/p>\n<ul>\n<li style=\"font-weight: 400;\" aria-level=\"1\"><span style=\"font-weight: 400;\">Goed voor de darmwerking*<\/span><\/li>\n<li style=\"font-weight: 400;\" aria-level=\"1\"><span style=\"font-weight: 400;\">Helpt bij vermoeidheid*<\/span><\/li>\n<li style=\"font-weight: 400;\" aria-level=\"1\"><span style=\"font-weight: 400;\">Draagt bij tot de instandhouding van normale bloedsuikergehalten*<\/span><\/li>\n<li style=\"font-weight: 400;\" aria-level=\"1\"><span style=\"font-weight: 400;\">Verhoogt Bio-beschikbaarheid: betere opname van voedingsstoffen (vitaminen en mineralen)<\/span><\/li>\n<li style=\"font-weight: 400;\" aria-level=\"1\"><span style=\"font-weight: 400;\">Verhoogt onze energie: metabolisme<\/span><\/li>\n<li style=\"font-weight: 400;\" aria-level=\"1\"><span style=\"font-weight: 400;\">sterk ontstekingsremmende werking\u00a0<\/span><\/li>\n<li style=\"font-weight: 400;\" aria-level=\"1\"><span style=\"font-weight: 400;\">Heeft een kalmerend effect op zenuwstelsel, waardoor betere slaap<\/span><\/li>\n<li style=\"font-weight: 400;\" aria-level=\"1\"><span style=\"font-weight: 400;\">Bestrijding van overgewicht en buikvet. Een lichaam vrij van giftige afvalstoffen zal meer vet verbranden en makkelijker gewicht verliezen.<\/span><\/li>\n<\/ul>\n<p>&nbsp;<\/p>\n<p><strong>VAN BUITENIN<\/strong><span style=\"font-weight: 400;\"><strong>:<\/strong> <\/span><span style=\"font-weight: 400;\">Aloe Vera is de meest hydraterende en vochtregulerende plant, met een PH van 5,5. Aloe Vera dringt 4x vlugger en 7x dieper in de huid dan water.<\/span><\/p>\n<ul>\n<li style=\"font-weight: 400;\" aria-level=\"1\"><span style=\"font-weight: 400;\">Voedt en beschermt de huid*: stimuleert de productie van collageen en elastine = anti-aging<\/span><\/li>\n<li style=\"font-weight: 400;\" aria-level=\"1\"><span style=\"font-weight: 400;\">Stimuleert de groei en ontwikkeling van nieuw gezond celweefsel\u00a0<\/span><\/li>\n<li style=\"font-weight: 400;\" aria-level=\"1\"><span style=\"font-weight: 400;\">Zachte behandeling voor acne, psoriasis, eczema, herpes: ontstekingswerend (door salicyl zuur)<\/span><\/li>\n<li style=\"font-weight: 400;\" aria-level=\"1\"><span style=\"font-weight: 400;\">Vermindert littekens<\/span><\/li>\n<li style=\"font-weight: 400;\" aria-level=\"1\"><span style=\"font-weight: 400;\">Onderdrukt de jeuk (antihistaminica)<\/span><\/li>\n<li style=\"font-weight: 400;\" aria-level=\"1\"><span style=\"font-weight: 400;\">onderdrukt ontstekingsreacties waarbij de roodheid, de zwelling en het warme kloppende gevoel verdwijnen zoals bij BRANDWONDEN, insektebeten en netels<\/span><\/li>\n<li style=\"font-weight: 400;\" aria-level=\"1\"><span style=\"font-weight: 400;\">Vermindering van gezwollen huid en blauwe plekken\u00a0\u00a0<\/span><\/li>\n<\/ul>\n<p><em>*Gezondheidsclaim in afwachting van Europese toelating<\/em><\/p>\n<h3><\/h3>\n<p>&nbsp;<\/p>\n<h3><span style=\"color: #d6b981;\"><strong>GEZONDE VOEDINGSSTOFFEN IN ALOE VERA<\/strong><\/span><\/h3>\n<p><strong>SAPONINE:\u00a0<\/strong><span style=\"font-weight: 400;\">Zuiverende en <\/span><span style=\"font-weight: 400;\">antiseptische bestanddelen die bacteri\u00ebn, virussen en schimmels doden of remmen in de groei.<\/span><\/p>\n<p><strong>LIGNINE:\u00a0<\/strong><span style=\"font-weight: 400;\">Lignine dringt diep door de lagen van de huid en heeft een gunstig effect bij huidproblemen zoals eczeem en psoriasis.<\/span><\/p>\n<p><strong>VITAMINES:\u00a0<\/strong><span style=\"font-weight: 400;\">vitamin A, B1, B2, B3, B6, B11 en B12, C, E, M, D, niancimanide &amp; Choline (beide stimuleren ons metabolisme)<\/span><\/p>\n<p><strong>MINERALEN: \u00a0<\/strong><span style=\"font-weight: 400;\">vooral calcium, chroom, ijzer, zink, kalium, natrium, mangaan, magnesium, koper, fosfor en zwavel<\/span><\/p>\n<p><strong>AMINOZUREN:\u00a0<\/strong><span style=\"font-weight: 400;\">Waarvan 7 essenti\u00eble Amino Zuren en 11 niet-essenti\u00eble\u00a0<\/span><\/p>\n<p><strong>ENZYMEN:\u00a0<\/strong><span style=\"font-weight: 400;\">9 verschillende enzymen, zoals Bradykinase, Cellulase, creatine phosphokinase, lipase<\/span><\/p>\n<p><strong>MONO &amp; POLYSACCHARIDES:\u00a0<\/strong><span style=\"font-weight: 400;\">bevat gemiddeld 20% acemannan, een soort suiker met een sterk antivirale werking dat je natuurlijke weerstand verhoogt en je immuunsysteem versterkt<\/span>[\/vc_column_text][vc_empty_space][vc_media_grid element_width=&#8221;12&#8243; grid_id=&#8221;vc_gid:1619107019195-d984c0c3-71aa-9&#8243; include=&#8221;4530&#8243;][vc_empty_space][vc_column_text]<\/p>\n<p><b>Geniet maximaal van alle gezondheidsvoordelen van Alo\u00eb Vera en kies producten met de hoogste kwaliteit<\/b><\/p>\n<p><span style=\"font-weight: 400;\">Alo\u00eb Vera wordt in steeds meer voedingssupplementen en schoonheidsproducten gebruikt. Veel van deze producten worden teveel verdund en zitten vol suikers. Vaak wordt ook een plant zelf tijdens het productieproces verkeerd behandeld waardoor veel van zijn genezende kracht verloren gaat.<\/span><\/p>\n<p><span style=\"font-weight: 400;\">Kies daarom producten die via een koud stabilisatieproces werden gemaakt. Dat voorkomt het bruin worden van het Alo\u00eb Vera product waardoor de meer dan 200 voedingsstoffen die we er in terugvinden maximaal bewaard blijven. Dat is \u00e9\u00e9n van de reden waarom ik gekozen heb voor de Alo\u00eb Vera producten van Forever Living. Hun Alo\u00eb Vera Gel is zelfs volledig gluten- en suikervrij en is vrij van conserveermiddelen.<\/span>[\/vc_column_text]\t\t<\/div>\n\t<\/div>\n<\/div><\/div><div class=\"mkdf-elements-holder   mkdf-one-column  mkdf-responsive-mode-768 \" ><div class=\"mkdf-eh-item   mkdf-horizontal-alignment-center \"  data-item-class=\"mkdf-eh-custom-3941\" data-1280-1600=\"30px 0 8%\" data-1024-1280=\"40px 0 9%\" data-768-1024=\"40px 0 12%\" data-680-768=\"40px 0 34%\" data-680=\"30px 0 21%\">\n\t\t<div class=\"mkdf-eh-item-inner\">\n\t\t<div class=\"mkdf-eh-item-content mkdf-eh-custom-3941\" style=\"padding: 40px 0 20%\">\n\t\t\t\t\t<\/div>\n\t<\/div>\n<\/div><\/div>[\/vc_column][\/vc_row][vc_row][vc_column][\/vc_column][\/vc_row]<\/p>\n","protected":false},"excerpt":{"rendered":"<p>[vc_row row_content_width=&#8221;grid&#8221;][vc_column][\/vc_column][\/vc_row][vc_row][vc_column][\/vc_column][\/vc_row]<\/p>\n","protected":false},"author":1,"featured_media":0,"parent":4244,"menu_order":0,"comment_status":"closed","ping_status":"closed","template":"full-width.php","meta":[],"yoast_head":"<!-- This site is optimized with the Yoast SEO plugin v16.0.2 - https:\/\/yoast.com\/wordpress\/plugins\/seo\/ -->\n<title>Voordelen - Vivasana<\/title>\n<link rel=\"canonical\" href=\"https:\/\/www.vivasana.be\/index.php\/aloe-vera-nl\/voordelen\/\" \/>\n<meta property=\"og:locale\" content=\"en_GB\" \/>\n<meta property=\"og:type\" content=\"article\" \/>\n<meta property=\"og:title\" content=\"Voordelen - Vivasana\" \/>\n<meta property=\"og:description\" content=\"[vc_row row_content_width=&#8221;grid&#8221;][vc_column][\/vc_column][\/vc_row][vc_row][vc_column][\/vc_column][\/vc_row]\" \/>\n<meta property=\"og:url\" content=\"https:\/\/www.vivasana.be\/index.php\/aloe-vera-nl\/voordelen\/\" \/>\n<meta property=\"og:site_name\" content=\"Vivasana\" \/>\n<meta property=\"article:modified_time\" content=\"2021-04-22T15:58:13+00:00\" \/>\n<meta name=\"twitter:card\" content=\"summary_large_image\" \/>\n<meta name=\"twitter:label1\" content=\"Estimated reading time\">\n\t<meta name=\"twitter:data1\" content=\"4 minutes\">\n<script type=\"application\/ld+json\" class=\"yoast-schema-graph\">{\"@context\":\"https:\/\/schema.org\",\"@graph\":[{\"@type\":[\"Person\",\"Organization\"],\"@id\":\"https:\/\/www.vivasana.be\/#\/schema\/person\/bf80a11fba06a1a649b56ee60f48f140\",\"name\":\"vivasana\",\"image\":{\"@type\":\"ImageObject\",\"@id\":\"https:\/\/www.vivasana.be\/#personlogo\",\"inLanguage\":\"en-GB\",\"url\":\"https:\/\/secure.gravatar.com\/avatar\/92d9ea7bd8b34298fad83acbfa01a197?s=96&d=mm&r=g\",\"caption\":\"vivasana\"},\"logo\":{\"@id\":\"https:\/\/www.vivasana.be\/#personlogo\"}},{\"@type\":\"WebSite\",\"@id\":\"https:\/\/www.vivasana.be\/#website\",\"url\":\"https:\/\/www.vivasana.be\/\",\"name\":\"Vivasana\",\"description\":\"Healing studio for physical and emotional release, based on a holistic Hawaiian approach.\",\"publisher\":{\"@id\":\"https:\/\/www.vivasana.be\/#\/schema\/person\/bf80a11fba06a1a649b56ee60f48f140\"},\"potentialAction\":[{\"@type\":\"SearchAction\",\"target\":\"https:\/\/www.vivasana.be\/?s={search_term_string}\",\"query-input\":\"required name=search_term_string\"}],\"inLanguage\":\"en-GB\"},{\"@type\":\"WebPage\",\"@id\":\"https:\/\/www.vivasana.be\/index.php\/aloe-vera-nl\/voordelen\/#webpage\",\"url\":\"https:\/\/www.vivasana.be\/index.php\/aloe-vera-nl\/voordelen\/\",\"name\":\"Voordelen - Vivasana\",\"isPartOf\":{\"@id\":\"https:\/\/www.vivasana.be\/#website\"},\"datePublished\":\"2021-01-04T19:13:31+00:00\",\"dateModified\":\"2021-04-22T15:58:13+00:00\",\"breadcrumb\":{\"@id\":\"https:\/\/www.vivasana.be\/index.php\/aloe-vera-nl\/voordelen\/#breadcrumb\"},\"inLanguage\":\"en-GB\",\"potentialAction\":[{\"@type\":\"ReadAction\",\"target\":[\"https:\/\/www.vivasana.be\/index.php\/aloe-vera-nl\/voordelen\/\"]}]},{\"@type\":\"BreadcrumbList\",\"@id\":\"https:\/\/www.vivasana.be\/index.php\/aloe-vera-nl\/voordelen\/#breadcrumb\",\"itemListElement\":[{\"@type\":\"ListItem\",\"position\":1,\"item\":{\"@type\":\"WebPage\",\"@id\":\"https:\/\/www.vivasana.be\/index.php\/en\/main-home\/\",\"url\":\"https:\/\/www.vivasana.be\/index.php\/en\/main-home\/\",\"name\":\"Home\"}},{\"@type\":\"ListItem\",\"position\":2,\"item\":{\"@type\":\"WebPage\",\"@id\":\"https:\/\/www.vivasana.be\/index.php\/aloe-vera-nl\/\",\"url\":\"https:\/\/www.vivasana.be\/index.php\/aloe-vera-nl\/\",\"name\":\"Aloe Vera\"}},{\"@type\":\"ListItem\",\"position\":3,\"item\":{\"@type\":\"WebPage\",\"@id\":\"https:\/\/www.vivasana.be\/index.php\/aloe-vera-nl\/voordelen\/\",\"url\":\"https:\/\/www.vivasana.be\/index.php\/aloe-vera-nl\/voordelen\/\",\"name\":\"Voordelen\"}}]}]}<\/script>\n<!-- \/ Yoast SEO plugin. -->","_links":{"self":[{"href":"https:\/\/www.vivasana.be\/index.php\/wp-json\/wp\/v2\/pages\/4247"}],"collection":[{"href":"https:\/\/www.vivasana.be\/index.php\/wp-json\/wp\/v2\/pages"}],"about":[{"href":"https:\/\/www.vivasana.be\/index.php\/wp-json\/wp\/v2\/types\/page"}],"author":[{"embeddable":true,"href":"https:\/\/www.vivasana.be\/index.php\/wp-json\/wp\/v2\/users\/1"}],"replies":[{"embeddable":true,"href":"https:\/\/www.vivasana.be\/index.php\/wp-json\/wp\/v2\/comments?post=4247"}],"version-history":[{"count":21,"href":"https:\/\/www.vivasana.be\/index.php\/wp-json\/wp\/v2\/pages\/4247\/revisions"}],"predecessor-version":[{"id":5116,"href":"https:\/\/www.vivasana.be\/index.php\/wp-json\/wp\/v2\/pages\/4247\/revisions\/5116"}],"up":[{"embeddable":true,"href":"https:\/\/www.vivasana.be\/index.php\/wp-json\/wp\/v2\/pages\/4244"}],"wp:attachment":[{"href":"https:\/\/www.vivasana.be\/index.php\/wp-json\/wp\/v2\/media?parent=4247"}],"curies":[{"name":"wp","href":"https:\/\/api.w.org\/{rel}","templated":true}]}}