{"id":4201,"date":"2021-01-02T20:51:14","date_gmt":"2021-01-02T20:51:14","guid":{"rendered":"https:\/\/vivasana.be\/?page_id=4201"},"modified":"2021-02-02T17:31:53","modified_gmt":"2021-02-02T17:31:53","slug":"andere","status":"publish","type":"page","link":"https:\/\/www.vivasana.be\/index.php\/behandelingen\/andere\/","title":{"rendered":"Andere behandelingen"},"content":{"rendered":"<p>[vc_row row_content_width=&#8221;grid&#8221;][vc_column]<div class=\"mkdf-elements-holder   mkdf-one-column  mkdf-responsive-mode-768 \" ><div class=\"mkdf-eh-item    \"  data-item-class=\"mkdf-eh-custom-4699\" data-1280-1600=\"0 0 10px\" data-1024-1280=\"10px 0 20px\">\n\t\t<div class=\"mkdf-eh-item-inner\">\n\t\t<div class=\"mkdf-eh-item-content mkdf-eh-custom-4699\" style=\"padding: 0 0 20px\">\n\t\t\t[vc_empty_space height=&#8221;100px&#8221;]<div class=\"mkdf-section-title-holder  mkdf-st-standard mkdf-st-title-left mkdf-st-normal-space \" style=\"text-align: center\">\n\t<div class=\"mkdf-st-inner\">\n\t\t<img width=\"90\" height=\"90\" src=\"https:\/\/www.vivasana.be\/wp-content\/uploads\/2020\/11\/Webp.net-resizeimage-7.png\" class=\"attachment-full size-full\" alt=\"\" loading=\"lazy\" \/>\n\t\t\t\t\t<div class=\"mkdf-separator-holder clearfix\">\n\t\t\t\t<div class=\"mkdf-separator\"><\/div>\n\t\t\t<\/div>\n\t\t\t\t\t\t\t<h2 class=\"mkdf-st-title\" >\n\t\t\t\tAndere behandelingen\t\t\t<\/h2>\n\t\t\t\t\t<\/div>\n<\/div>\t\t<\/div>\n\t<\/div>\n<\/div><\/div><div class=\"mkdf-elements-holder   mkdf-one-column  mkdf-responsive-mode-768 \" ><div class=\"mkdf-eh-item   mkdf-horizontal-alignment-center \"  data-item-class=\"mkdf-eh-custom-9767\" data-1280-1600=\"0 0 10px\" data-1024-1280=\"10px 0 20px\">\n\t\t<div class=\"mkdf-eh-item-inner\">\n\t\t<div class=\"mkdf-eh-item-content mkdf-eh-custom-9767\" style=\"padding: 0 0 20px\">\n\t\t\t[vc_empty_space height=&#8221;50px&#8221;]<a itemprop=\"url\" href=\"https:\/\/vivasana.be\/index.php\/treatments\/other#aroma-raindrop\" target=\"_self\" style=\"padding: 16px 149px\" class=\"mkdf-btn mkdf-btn-medium mkdf-btn-solid\"  >\n    <span class=\"mkdf-btn-text\">Aroma raindrop<\/span>\n    \t<\/a><div class=\"mkdf-separator-holder clearfix  mkdf-separator-center \">\n\t<div class=\"mkdf-separator\" style=\"width: 1px;border-bottom-width: 1px\"><\/div>\n<\/div>\n<a itemprop=\"url\" href=\"https:\/\/vivasana.be\/index.php\/treatments\/other#foot-reflexology\" target=\"_self\" style=\"padding: 16px 128px\" class=\"mkdf-btn mkdf-btn-medium mkdf-btn-solid\"  >\n    <span class=\"mkdf-btn-text\">Footreflexology thai<\/span>\n    \t<\/a><div class=\"mkdf-separator-holder clearfix  mkdf-separator-center \">\n\t<div class=\"mkdf-separator\" style=\"width: 1px;border-bottom-width: 1px\"><\/div>\n<\/div>\n<a itemprop=\"url\" href=\"https:\/\/vivasana.be\/index.php\/treatments\/other#hot-bamboo\" target=\"_self\" style=\"padding: 16px 163px\" class=\"mkdf-btn mkdf-btn-medium mkdf-btn-solid\"  >\n    <span class=\"mkdf-btn-text\">Hot bamboo<\/span>\n    \t<\/a><div class=\"mkdf-separator-holder clearfix  mkdf-separator-center \">\n\t<div class=\"mkdf-separator\" style=\"width: 1px;border-bottom-width: 1px\"><\/div>\n<\/div>\n<a itemprop=\"url\" href=\"https:\/\/vivasana.be\/index.php\/treatments\/other#bio-facemask\" target=\"_self\" style=\"padding: 16px 53px\" class=\"mkdf-btn mkdf-btn-medium mkdf-btn-solid\"  >\n    <span class=\"mkdf-btn-text\">Extra: Aloe Bio Cellulose gezichtsmasker<\/span>\n    \t<\/a>[vc_empty_space height=&#8221;50px&#8221;]\t\t<\/div>\n\t<\/div>\n<\/div><\/div>[\/vc_column][\/vc_row][vc_row anchor=&#8221;aroma-raindrop&#8221;][vc_column]<div class=\"mkdf-elements-holder   mkdf-one-column  mkdf-responsive-mode-768 \" ><div class=\"mkdf-eh-item   mkdf-horizontal-alignment-center \"  data-item-class=\"mkdf-eh-custom-9266\" data-1280-1600=\"0 16% 0\" data-1024-1280=\"0 16% 0\" data-680-768=\"0 3% 0\">\n\t\t<div class=\"mkdf-eh-item-inner\">\n\t\t<div class=\"mkdf-eh-item-content mkdf-eh-custom-9266\" style=\"padding: 0 16% 0\">\n\t\t\t[vc_column_text]<\/p>\n<h2 style=\"text-align: center;\"><span style=\"color: #d6b981;\"><strong>Aroma Raindrop<\/strong><\/span><\/h2>\n<p>[\/vc_column_text][vc_empty_space][vc_media_grid element_width=&#8221;12&#8243; grid_id=&#8221;vc_gid:1612287050714-84f039b6-57c3-2&#8243; include=&#8221;3928&#8243; css=&#8221;.vc_custom_1612286226098{margin-right: 300px !important;margin-left: 300px !important;}&#8221;][vc_empty_space][vc_column_text]<\/p>\n<p style=\"text-align: left;\"><span style=\"font-weight: 400;\">RAINDROP THERAPY is een weldadige en zeer ontspannende Aroma-behandeling waarbij gebruik wordt gemaakt van etherische oli\u00ebn en warme handdoek. Therapeutische 100% etherische oli\u00ebn hebben een reinigend effect op all\u00e9 organen, de olie blijft tot 7 dagen na de toepassing in het lichaam.<\/span><\/p>\n<p style=\"text-align: left;\"><span style=\"font-weight: 400;\">Tijdens de behandeling worden 9 verschillende essenti\u00eble oli\u00ebn aangebracht en op een speciale manier in het lichaam gemasseerd. Hierbij wordt o.a. gebruikt gemaakt van Vitaflex. Het is een gespecialiseerde vorm van lichaamsmassage die zeer effectief is om de oli\u00ebn via de zenuwbanen in het lichaam te brengen.<\/span><\/p>\n<p style=\"text-align: left;\"><b>De IDEALE detox-massage na een zware dag.<\/b><\/p>\n<p style=\"text-align: left;\"><span style=\"font-weight: 400;\">Duur van een sessie: 60 of 90 minuten<\/span><\/p>\n<p style=\"text-align: left;\"><span style=\"font-weight: 400;\">Extra: Alo\u00eb Bio Cellulose gezichtsmasker\u00a0<\/span><\/p>\n<p>[\/vc_column_text][vc_empty_space][vc_separator color=&#8221;black&#8221; style=&#8221;shadow&#8221;][vc_empty_space]\t\t<\/div>\n\t<\/div>\n<\/div><\/div>[\/vc_column][\/vc_row][vc_row anchor=&#8221;foot-reflexology&#8221;][vc_column]<div class=\"mkdf-elements-holder   mkdf-one-column  mkdf-responsive-mode-768 \" ><div class=\"mkdf-eh-item   mkdf-horizontal-alignment-center \"  data-item-class=\"mkdf-eh-custom-7475\" data-1280-1600=\"0 16% 0\" data-1024-1280=\"0 16% 0\" data-680-768=\"0 3% 0\">\n\t\t<div class=\"mkdf-eh-item-inner\">\n\t\t<div class=\"mkdf-eh-item-content mkdf-eh-custom-7475\" style=\"padding: 0 16% 0\">\n\t\t\t[vc_column_text]<\/p>\n<h2 style=\"text-align: center;\"><span style=\"color: #d6b981;\"><strong>Footreflexology thai<\/strong><\/span><\/h2>\n<p>[\/vc_column_text][vc_empty_space][vc_media_grid element_width=&#8221;12&#8243; grid_id=&#8221;vc_gid:1612287050715-4d91ed5a-20b4-10&#8243; include=&#8221;4645&#8243; css=&#8221;.vc_custom_1612287042873{margin-right: 300px !important;margin-left: 300px !important;}&#8221;][vc_empty_space][vc_column_text]<\/p>\n<p style=\"text-align: left;\"><span style=\"font-weight: 400;\">De Thaise voetmassage helpt het natuurlijke genezingsproces en de energiestroom van het lichaam te activeren. In de voetzolen bevinden zich reflexzones die via energiekanalen zijn verbonden met alle organen, spieren, botten en weefsels.<\/span><\/p>\n<p style=\"text-align: left;\"><span style=\"font-weight: 400;\">Bij de traditionele Thaise voetmassage worden zowel de onderbenen als de voeten uitgebreid gestretched en gemasseerd<\/span><span style=\"font-weight: 400;\">. <\/span><span style=\"font-weight: 400;\">Een klein houten stokje <\/span><span style=\"font-weight: 400;\">wordt gebruikt nadat beide voeten zijn opgewarmd en behandeld.<\/span><span style=\"font-weight: 400;\"> Extra acupressuur punten worden gestimuleerd.\u00a0<\/span><\/p>\n<p style=\"text-align: left;\"><span style=\"font-weight: 400;\">Ideaal voor wie een staand beroep heeft of als je voeten het moeilijk hebben. Voor wie geen lichaamsmassage wil, is dit een waardig alternatief en een ideale introductie. Een wellnessgevoel is het resultaat voor het &#8220;hele lichaam&#8221;.<\/span><\/p>\n<p style=\"text-align: left;\"><span style=\"font-weight: 400;\">Duur van een sessie: 60 minuten<\/span><\/p>\n<p style=\"text-align: left;\"><span style=\"font-weight: 400;\">Extra: Alo\u00eb Bio Cellulose gezichtsmasker<\/span><\/p>\n<p>[\/vc_column_text][vc_empty_space][vc_separator color=&#8221;black&#8221; style=&#8221;shadow&#8221;][vc_empty_space]\t\t<\/div>\n\t<\/div>\n<\/div><\/div>[\/vc_column][\/vc_row][vc_row anchor=&#8221;hot-bamboo&#8221;][vc_column]<div class=\"mkdf-elements-holder   mkdf-one-column  mkdf-responsive-mode-768 \" ><div class=\"mkdf-eh-item   mkdf-horizontal-alignment-center \"  data-item-class=\"mkdf-eh-custom-6359\" data-1280-1600=\"0 16% 0\" data-1024-1280=\"0 16% 0\" data-680-768=\"0 3% 0\">\n\t\t<div class=\"mkdf-eh-item-inner\">\n\t\t<div class=\"mkdf-eh-item-content mkdf-eh-custom-6359\" style=\"padding: 0 16% 0\">\n\t\t\t[vc_column_text]<\/p>\n<h2 style=\"text-align: center;\"><span style=\"color: #d6b981;\"><strong>Hot Bamboo<\/strong><\/span><\/h2>\n<p>[\/vc_column_text][vc_empty_space][vc_media_grid element_width=&#8221;6&#8243; grid_id=&#8221;vc_gid:1612287050716-80e69b56-f764-9&#8243; include=&#8221;3926,3925&#8243; css=&#8221;.vc_custom_1606752586482{margin-right: 100px !important;margin-left: 100px !important;}&#8221;][vc_empty_space][vc_column_text]<\/p>\n<p style=\"text-align: left;\"><span style=\"font-weight: 400;\">Bij deze behandeling wordt het gebruik van verwarmde bamboe ge\u00efntegreerd in de traditionele Hawaiiaanse massage die warmte en energie aan het lichaam toevoegt. Het bevordert de spierontspanning, verbetert de bloedcirculatie, bevordert de ontgifting van het lichaam en opent op spiritueel niveau de energiebanen. Sublieme relaxatie.<\/span><\/p>\n<p style=\"text-align: left;\"><span style=\"font-weight: 400;\">Duur van een sessie: 60 of 90 minuten<\/span><\/p>\n<p style=\"text-align: left;\"><span style=\"font-weight: 400;\">Extra: Alo\u00eb Bio Cellulose gezichtsmasker<\/span><\/p>\n<p>[\/vc_column_text][vc_empty_space][vc_separator color=&#8221;black&#8221; style=&#8221;shadow&#8221;][vc_empty_space]\t\t<\/div>\n\t<\/div>\n<\/div><\/div>[\/vc_column][\/vc_row][vc_row anchor=&#8221;bio-facemask&#8221;][vc_column]<div class=\"mkdf-elements-holder   mkdf-one-column  mkdf-responsive-mode-768 \" ><div class=\"mkdf-eh-item   mkdf-horizontal-alignment-center \"  data-item-class=\"mkdf-eh-custom-5551\" data-1280-1600=\"0 16% 0\" data-1024-1280=\"0 16% 0\" data-680-768=\"0 3% 0\">\n\t\t<div class=\"mkdf-eh-item-inner\">\n\t\t<div class=\"mkdf-eh-item-content mkdf-eh-custom-5551\" style=\"padding: 0 16% 0\">\n\t\t\t[vc_column_text]<\/p>\n<h2 style=\"text-align: center;\"><span style=\"color: #d6b981;\"><strong>Extra: Aloe bio Cellulose gezichtsmasker<\/strong><\/span><\/h2>\n<p>[\/vc_column_text][vc_empty_space][vc_media_grid element_width=&#8221;6&#8243; grid_id=&#8221;vc_gid:1612287050716-28a751a4-5343-3&#8243; include=&#8221;4357,4356&#8243; css=&#8221;.vc_custom_1612286631403{margin-right: 100px !important;margin-left: 100px !important;}&#8221;][vc_empty_space][vc_column_text]<\/p>\n<p style=\"text-align: left;\"><span style=\"font-weight: 400;\">Tijdens jouw gekozen massage wordt uw gezicht behandeld met de Alo\u00eb Bio Cellulose masker. <\/span><span style=\"font-weight: 400;\">Een diepe en krachtige hydraterende en vochtinbrengende masker dat de huid verzacht. De toevoeging van paardenkastanje vermindert rode plekjes, brengt een doffe huid weer tot leven en vermindert tekenen van huidveroudering. Een puur genot!<\/span><\/p>\n<p style=\"text-align: left;\"><span style=\"font-weight: 400;\">Voor sessies van 60 en 90 minuten.<\/span><\/p>\n<p>[\/vc_column_text][vc_empty_space height=&#8221;60px&#8221;]\t\t<\/div>\n\t<\/div>\n<\/div><\/div>[\/vc_column][\/vc_row]<\/p>\n","protected":false},"excerpt":{"rendered":"<p>[vc_row row_content_width=&#8221;grid&#8221;][vc_column][\/vc_column][\/vc_row][vc_row anchor=&#8221;aroma-raindrop&#8221;][vc_column][\/vc_column][\/vc_row][vc_row anchor=&#8221;foot-reflexology&#8221;][vc_column][\/vc_column][\/vc_row][vc_row anchor=&#8221;hot-bamboo&#8221;][vc_column][\/vc_column][\/vc_row][vc_row anchor=&#8221;bio-facemask&#8221;][vc_column][\/vc_column][\/vc_row]<\/p>\n","protected":false},"author":1,"featured_media":0,"parent":4185,"menu_order":0,"comment_status":"closed","ping_status":"closed","template":"full-width.php","meta":[],"yoast_head":"<!-- This site is optimized with the Yoast SEO plugin v16.0.2 - https:\/\/yoast.com\/wordpress\/plugins\/seo\/ -->\n<title>Andere behandelingen - Vivasana<\/title>\n<link rel=\"canonical\" href=\"https:\/\/www.vivasana.be\/index.php\/behandelingen\/andere\/\" \/>\n<meta property=\"og:locale\" content=\"en_GB\" \/>\n<meta property=\"og:type\" content=\"article\" \/>\n<meta property=\"og:title\" content=\"Andere behandelingen - Vivasana\" \/>\n<meta property=\"og:description\" content=\"[vc_row row_content_width=&#8221;grid&#8221;][vc_column][\/vc_column][\/vc_row][vc_row anchor=&#8221;aroma-raindrop&#8221;][vc_column][\/vc_column][\/vc_row][vc_row anchor=&#8221;foot-reflexology&#8221;][vc_column][\/vc_column][\/vc_row][vc_row anchor=&#8221;hot-bamboo&#8221;][vc_column][\/vc_column][\/vc_row][vc_row anchor=&#8221;bio-facemask&#8221;][vc_column][\/vc_column][\/vc_row]\" \/>\n<meta property=\"og:url\" content=\"https:\/\/www.vivasana.be\/index.php\/behandelingen\/andere\/\" \/>\n<meta property=\"og:site_name\" content=\"Vivasana\" \/>\n<meta property=\"article:modified_time\" content=\"2021-02-02T17:31:53+00:00\" \/>\n<meta name=\"twitter:card\" content=\"summary_large_image\" \/>\n<meta name=\"twitter:label1\" content=\"Estimated reading time\">\n\t<meta name=\"twitter:data1\" content=\"5 minutes\">\n<script type=\"application\/ld+json\" class=\"yoast-schema-graph\">{\"@context\":\"https:\/\/schema.org\",\"@graph\":[{\"@type\":[\"Person\",\"Organization\"],\"@id\":\"https:\/\/www.vivasana.be\/#\/schema\/person\/bf80a11fba06a1a649b56ee60f48f140\",\"name\":\"vivasana\",\"image\":{\"@type\":\"ImageObject\",\"@id\":\"https:\/\/www.vivasana.be\/#personlogo\",\"inLanguage\":\"en-GB\",\"url\":\"https:\/\/secure.gravatar.com\/avatar\/92d9ea7bd8b34298fad83acbfa01a197?s=96&d=mm&r=g\",\"caption\":\"vivasana\"},\"logo\":{\"@id\":\"https:\/\/www.vivasana.be\/#personlogo\"}},{\"@type\":\"WebSite\",\"@id\":\"https:\/\/www.vivasana.be\/#website\",\"url\":\"https:\/\/www.vivasana.be\/\",\"name\":\"Vivasana\",\"description\":\"Healing studio for physical and emotional release, based on a holistic Hawaiian approach.\",\"publisher\":{\"@id\":\"https:\/\/www.vivasana.be\/#\/schema\/person\/bf80a11fba06a1a649b56ee60f48f140\"},\"potentialAction\":[{\"@type\":\"SearchAction\",\"target\":\"https:\/\/www.vivasana.be\/?s={search_term_string}\",\"query-input\":\"required name=search_term_string\"}],\"inLanguage\":\"en-GB\"},{\"@type\":\"WebPage\",\"@id\":\"https:\/\/www.vivasana.be\/index.php\/behandelingen\/andere\/#webpage\",\"url\":\"https:\/\/www.vivasana.be\/index.php\/behandelingen\/andere\/\",\"name\":\"Andere behandelingen - Vivasana\",\"isPartOf\":{\"@id\":\"https:\/\/www.vivasana.be\/#website\"},\"datePublished\":\"2021-01-02T20:51:14+00:00\",\"dateModified\":\"2021-02-02T17:31:53+00:00\",\"breadcrumb\":{\"@id\":\"https:\/\/www.vivasana.be\/index.php\/behandelingen\/andere\/#breadcrumb\"},\"inLanguage\":\"en-GB\",\"potentialAction\":[{\"@type\":\"ReadAction\",\"target\":[\"https:\/\/www.vivasana.be\/index.php\/behandelingen\/andere\/\"]}]},{\"@type\":\"BreadcrumbList\",\"@id\":\"https:\/\/www.vivasana.be\/index.php\/behandelingen\/andere\/#breadcrumb\",\"itemListElement\":[{\"@type\":\"ListItem\",\"position\":1,\"item\":{\"@type\":\"WebPage\",\"@id\":\"https:\/\/www.vivasana.be\/index.php\/en\/main-home\/\",\"url\":\"https:\/\/www.vivasana.be\/index.php\/en\/main-home\/\",\"name\":\"Home\"}},{\"@type\":\"ListItem\",\"position\":2,\"item\":{\"@type\":\"WebPage\",\"@id\":\"https:\/\/www.vivasana.be\/index.php\/behandelingen\/\",\"url\":\"https:\/\/www.vivasana.be\/index.php\/behandelingen\/\",\"name\":\"Behandelingen\"}},{\"@type\":\"ListItem\",\"position\":3,\"item\":{\"@type\":\"WebPage\",\"@id\":\"https:\/\/www.vivasana.be\/index.php\/behandelingen\/andere\/\",\"url\":\"https:\/\/www.vivasana.be\/index.php\/behandelingen\/andere\/\",\"name\":\"Andere behandelingen\"}}]}]}<\/script>\n<!-- \/ Yoast SEO plugin. -->","_links":{"self":[{"href":"https:\/\/www.vivasana.be\/index.php\/wp-json\/wp\/v2\/pages\/4201"}],"collection":[{"href":"https:\/\/www.vivasana.be\/index.php\/wp-json\/wp\/v2\/pages"}],"about":[{"href":"https:\/\/www.vivasana.be\/index.php\/wp-json\/wp\/v2\/types\/page"}],"author":[{"embeddable":true,"href":"https:\/\/www.vivasana.be\/index.php\/wp-json\/wp\/v2\/users\/1"}],"replies":[{"embeddable":true,"href":"https:\/\/www.vivasana.be\/index.php\/wp-json\/wp\/v2\/comments?post=4201"}],"version-history":[{"count":18,"href":"https:\/\/www.vivasana.be\/index.php\/wp-json\/wp\/v2\/pages\/4201\/revisions"}],"predecessor-version":[{"id":4648,"href":"https:\/\/www.vivasana.be\/index.php\/wp-json\/wp\/v2\/pages\/4201\/revisions\/4648"}],"up":[{"embeddable":true,"href":"https:\/\/www.vivasana.be\/index.php\/wp-json\/wp\/v2\/pages\/4185"}],"wp:attachment":[{"href":"https:\/\/www.vivasana.be\/index.php\/wp-json\/wp\/v2\/media?parent=4201"}],"curies":[{"name":"wp","href":"https:\/\/api.w.org\/{rel}","templated":true}]}}