{"id":4197,"date":"2021-01-02T20:46:42","date_gmt":"2021-01-02T20:46:42","guid":{"rendered":"https:\/\/vivasana.be\/?page_id=4197"},"modified":"2021-02-09T16:30:17","modified_gmt":"2021-02-09T16:30:17","slug":"aloe-vera","status":"publish","type":"page","link":"https:\/\/www.vivasana.be\/index.php\/behandelingen\/aloe-vera\/","title":{"rendered":"Aloe Vera"},"content":{"rendered":"<p>[vc_row row_content_width=&#8221;grid&#8221;][vc_column]<div class=\"mkdf-elements-holder   mkdf-one-column  mkdf-responsive-mode-768 \" ><div class=\"mkdf-eh-item    \"  data-item-class=\"mkdf-eh-custom-5796\" data-1280-1600=\"0 0 10px\" data-1024-1280=\"10px 0 20px\">\n\t\t<div class=\"mkdf-eh-item-inner\">\n\t\t<div class=\"mkdf-eh-item-content mkdf-eh-custom-5796\" style=\"padding: 0 0 20px\">\n\t\t\t[vc_empty_space height=&#8221;100px&#8221;]<div class=\"mkdf-section-title-holder  mkdf-st-standard mkdf-st-title-left mkdf-st-normal-space \" style=\"text-align: center\">\n\t<div class=\"mkdf-st-inner\">\n\t\t<img width=\"90\" height=\"90\" src=\"https:\/\/www.vivasana.be\/wp-content\/uploads\/2020\/11\/Webp.net-resizeimage-7.png\" class=\"attachment-full size-full\" alt=\"\" loading=\"lazy\" \/>\n\t\t\t\t\t<div class=\"mkdf-separator-holder clearfix\">\n\t\t\t\t<div class=\"mkdf-separator\"><\/div>\n\t\t\t<\/div>\n\t\t\t\t\t\t\t<h2 class=\"mkdf-st-title\" >\n\t\t\t\tAloe Vera\t\t\t<\/h2>\n\t\t\t\t\t<\/div>\n<\/div>\t\t<\/div>\n\t<\/div>\n<\/div><\/div><div class=\"mkdf-elements-holder   mkdf-one-column  mkdf-responsive-mode-768 \" ><div class=\"mkdf-eh-item   mkdf-horizontal-alignment-center \"  data-item-class=\"mkdf-eh-custom-1272\" data-1280-1600=\"10px 0 20px\" data-1024-1280=\"10px 0 20px\">\n\t\t<div class=\"mkdf-eh-item-inner\">\n\t\t<div class=\"mkdf-eh-item-content mkdf-eh-custom-1272\" style=\"padding: 0 0 20px\">\n\t\t\t[vc_empty_space height=&#8221;50px&#8221;][vc_column_text]<\/p>\n<p style=\"text-align: center;\"><span style=\"font-weight: 400;\">Ons uitgangspunt is het cre\u00ebren van een <strong>FITTERE VERSIE<\/strong> van jezelf op basis van pure Alo\u00eb Vera.<\/span><\/p>\n<p>&nbsp;<\/p>\n<h3 style=\"text-align: center;\">ALOE VERA IS EEN KRACHTIGE DARM-HELENDE PLANT<\/h3>\n<p>&nbsp;<\/p>\n<p style=\"text-align: left;\"><span style=\"font-weight: 400;\">Zorg dragen voor je spijsvertering bevordert jouw welzijn en immuniteit. Het dagelijks drinken van pure Alo\u00eb Vera zou \u00e9\u00e9n van de belangrijkste elementen in het spijsverteringsprocess kunnen zijn.\u00a0<\/span><span style=\"font-weight: 400;\">Je zal snel een positief effect voelen van de voedzame ingredi\u00ebnten van deze plant. Alo\u00eb Vera bevordert het natuurlijk afweersysteem en h<\/span><span style=\"font-weight: 400;\">et is namelijk ongelooflijk wat \u00e9\u00e9n glaasje pure alo\u00eb vera, als aanvulling op je bestaande voeding, met je energielevel doet.<\/span><\/p>\n<p>[\/vc_column_text][vc_empty_space height=&#8221;50px&#8221;][vc_single_image image=&#8221;3920&#8243; img_size=&#8221;medium&#8221; alignment=&#8221;center&#8221;][vc_empty_space height=&#8221;50px&#8221;][vc_column_text]<\/p>\n<h3 style=\"text-align: center;\">DAT WIL IK JOU OOK LATEN ERVAREN.<\/h3>\n<p>&nbsp;<\/p>\n<p style=\"text-align: center;\"><span style=\"font-weight: 400;\">Je kan kiezen tussen het\u00a0<strong>Vitality programma<\/strong>\u00a0(kuur van 1 \u00e0 3 maanden) of maak een vliegende start met ons <strong>F.I.T programma<\/strong><\/span><\/p>\n<p>[\/vc_column_text][vc_empty_space height=&#8221;50px&#8221;]<a itemprop=\"url\" href=\"https:\/\/vivasana.be\/index.php\/treatments\/aloe-vera#vitality\" target=\"_self\"  class=\"mkdf-btn mkdf-btn-medium mkdf-btn-solid\"  >\n    <span class=\"mkdf-btn-text\">Vitality programma<\/span>\n    \t<\/a><div class=\"mkdf-separator-holder clearfix  mkdf-separator-center \">\n\t<div class=\"mkdf-separator\" style=\"width: 1px;border-bottom-width: 1px\"><\/div>\n<\/div>\n<a itemprop=\"url\" href=\"https:\/\/vivasana.be\/index.php\/treatments\/aloe-vera#fit\" target=\"_self\" style=\"padding: 16px 65px\" class=\"mkdf-btn mkdf-btn-medium mkdf-btn-solid\"  >\n    <span class=\"mkdf-btn-text\">Fit programma<\/span>\n    \t<\/a>[vc_empty_space height=&#8221;50px&#8221;]\t\t<\/div>\n\t<\/div>\n<\/div><\/div>[\/vc_column][\/vc_row][vc_row anchor=&#8221;vitality&#8221;][vc_column]<div class=\"mkdf-elements-holder   mkdf-one-column  mkdf-responsive-mode-768 \" ><div class=\"mkdf-eh-item   mkdf-horizontal-alignment-center \"  data-item-class=\"mkdf-eh-custom-3754\" data-1280-1600=\"0 16% 0\" data-1024-1280=\"0 16% 0\" data-768-1024=\"0 16% 0\">\n\t\t<div class=\"mkdf-eh-item-inner\">\n\t\t<div class=\"mkdf-eh-item-content mkdf-eh-custom-3754\" style=\"padding: 0 16% 0\">\n\t\t\t[vc_column_text]<\/p>\n<h2 style=\"text-align: center;\"><span style=\"color: #d6b981;\"><strong>Vitality Programma<\/strong><\/span><\/h2>\n<p>[\/vc_column_text][vc_empty_space][vc_column_text]<span style=\"font-weight: 400;\">Aloe Vera wordt ook wel eens \u201cde plant van de onsterfelijkheid\u201dgenoemd.<\/span><\/p>\n<p><span style=\"font-weight: 400;\">Als je dagelijks \u00e9\u00e9n glaasje pure Alo\u00eb Vera zou drinken, zal je vlug voelen dat je lichaam en geest er zoveel baat bij hebben.<\/span>[\/vc_column_text][vc_empty_space][vc_single_image image=&#8221;4510&#8243; img_size=&#8221;large&#8221; alignment=&#8221;center&#8221;][vc_empty_space][vc_empty_space][vc_separator style=&#8221;shadow&#8221;]\t\t<\/div>\n\t<\/div>\n<\/div><\/div>[\/vc_column][\/vc_row][vc_row anchor=&#8221;fit&#8221;][vc_column]<div class=\"mkdf-elements-holder   mkdf-one-column  mkdf-responsive-mode-768 \" ><div class=\"mkdf-eh-item   mkdf-horizontal-alignment-center \"  data-item-class=\"mkdf-eh-custom-7054\" data-1280-1600=\"0 16% 0\" data-1024-1280=\"0 16% 0\" data-680-768=\"0 3% 0\">\n\t\t<div class=\"mkdf-eh-item-inner\">\n\t\t<div class=\"mkdf-eh-item-content mkdf-eh-custom-7054\" style=\"padding: 0 16% 0\">\n\t\t\t[vc_empty_space][vc_column_text]<\/p>\n<h2 style=\"text-align: center;\"><span style=\"color: #d6b981;\"><strong>Fit Programma<\/strong><\/span><\/h2>\n<p>[\/vc_column_text][vc_empty_space][vc_empty_space][vc_column_text]<\/p>\n<p style=\"text-align: left;\"><span style=\"font-weight: 400;\">Dit eenvoudig te volgen FIT-programma bestaat uit 3 krachtige Vitality Packs: Clean9, F15 en Vital5.<\/span><\/p>\n<p style=\"text-align: left; font-weight: 400;\">Ontwikkeld voor een gezondere levensstijl, voor nu \u00e9n voor de lange termijn.<\/p>\n<p style=\"text-align: left; font-weight: 400;\">Het F.I.T. programma is er voor iedereen. Je stapt in op het niveau dat bij jou past en bepaalt zelf in welk tempo je aan jouw doelen werkt.<\/p>\n<p>[\/vc_column_text][vc_empty_space height=&#8221;60px&#8221;][vc_column_text]<\/p>\n<h4 style=\"text-align: left;\"><strong>CLEAN 9 PROGRAMMA:\u00a0<\/strong><\/h4>\n<p style=\"text-align: left;\"><span style=\"font-weight: 400;\">Dit efficiente en makkelijk te volgen <strong>cleansingprogramma<\/strong>\u00a0geeft jou de tools in handen om vandaag nog te starten met de transformatie van jouw levensstijl.<\/span><\/p>\n<p style=\"text-align: left;\"><strong>Ontdek hoe jouw lichaam verandert in slechts 9 dagen.<\/strong><\/p>\n<p style=\"text-align: left;\"><span style=\"font-weight: 400;\">Je volgt een effectief voedingsschema, het zet je aan om meer te gaan bewegen, je wordt je bewust van jouw valkuilen, we werken samen aan een sterkere mindset, en het geeft een boost aan energie.<\/span><\/p>\n<h3>Je ontvangt gratis tips en inspiratie omtrent voeding &amp; leefstijl:<\/h3>\n<p style=\"text-align: left;\"><span style=\"font-weight: 400;\">\u2013 Gratis workouts<\/span><\/p>\n<p style=\"text-align: left;\"><span style=\"font-weight: 400;\">\u2013 Gratis maaltijdsuggesties<\/span><\/p>\n<p style=\"text-align: left;\"><span style=\"font-weight: 400;\">\u2013 Sporten en bewegen<\/span><\/p>\n<p style=\"text-align: left;\"><span style=\"font-weight: 400;\">\u2013 Mindset en mentaliteit<\/span><\/p>\n<p>[\/vc_column_text][vc_single_image image=&#8221;4500&#8243; img_size=&#8221;large&#8221; alignment=&#8221;center&#8221;][vc_column_text]<\/p>\n<h3 style=\"text-align: left;\"><span style=\"font-weight: 400;\">Wat kan je verwachten na de C9?<\/span><\/h3>\n<p style=\"text-align: left;\"><span style=\"font-weight: 400;\">\u2022Minder behoefte aan suikers<\/span><\/p>\n<p style=\"text-align: left;\"><span style=\"font-weight: 400;\">\u2022Minder opgeblazen gevoel<\/span><\/p>\n<p style=\"text-align: left;\"><span style=\"font-weight: 400;\">\u2022Bewustwording in gezonde eet- en beweeggewoontes<\/span><\/p>\n<p style=\"text-align: left;\"><span style=\"font-weight: 400;\">\u2022Betere balans<\/span><\/p>\n<p style=\"text-align: left;\"><span style=\"font-weight: 400;\">\u2022Positieve(re) ingesteldheid<\/span><\/p>\n<p style=\"text-align: left;\"><span style=\"font-weight: 400;\">\u2022Mooiere huid<\/span><\/p>\n<p style=\"text-align: left;\"><span style=\"font-weight: 400;\">\u2022Boost aan energie<\/span><\/p>\n<p style=\"text-align: left;\"><span style=\"font-weight: 400;\">\u2022En een stralende JIJ<\/span><\/p>\n<h3><\/h3>\n<h3>En het allermooiste, dit programma resulteert in de ultieme motivatie om jouw nieuwe en gezonde gewoontes na 9 dagen verder te zetten.<\/h3>\n<p style=\"text-align: left;\"><span style=\"font-weight: 400;\">Probeer het uit en start vandaag nog, op weg naar een nog STRALENDER JIJ.<\/span><\/p>\n<p style=\"text-align: left;\"><span style=\"font-weight: 400;\">Bestel jouw C9 box via de<a href=\"https:\/\/shop.foreverliving.com\/retail\/entry\/Shop.do?store=BEL&amp;language=nl&amp;distribID=310002049177\" target=\"_blank\" rel=\"noopener\"> online shop<\/a>.<\/span><\/p>\n<p>[\/vc_column_text][vc_empty_space height=&#8221;60px&#8221;][vc_column_text]<\/p>\n<h4 style=\"text-align: left;\"><strong>F15 PROGRAMMA:<\/strong><\/h4>\n<p style=\"text-align: left;\"><span style=\"font-weight: 400;\">Dit programma is de volgende stap om van jouw gezonde gewoontes een nieuwe aangename routine te maken. Je volgt 15 dagen lang\u00a0een afgestemd programma met duidelijke voedings- en sportschema\u2019s.\u00a0Afhankelijk van jouw sportniveau kies je voor Beginner, Intermediate of Advanced. Ben je net begonnen met fitnessen of heb je het C9 programma net gevolgd, dan is de F15 Beginner een prima niveau om te starten. F15 Intermediate is voor jou als je al actief bezig bent. Ben jij een sportman of -vrouw en op zoek naar een nieuwe routine om je prestaties naar een hoger niveau te tillen? Dan is F15 Advanced voor jou.<\/span><\/p>\n<p>&nbsp;<\/p>\n<p style=\"text-align: left;\"><span style=\"font-weight: 400;\">Je kunt het programma herhalen zo vaak als je wilt of maak de stap naar het volgende niveau (intermediate, advanced)<\/span><\/p>\n<ul>\n<li style=\"list-style-type: none;\">\n<ul>\n<li style=\"list-style-type: none;\"><\/li>\n<\/ul>\n<\/li>\n<\/ul>\n<p>[\/vc_column_text][vc_empty_space height=&#8221;60px&#8221;][vc_single_image image=&#8221;4503&#8243; img_size=&#8221;large&#8221; alignment=&#8221;center&#8221;][vc_empty_space height=&#8221;60px&#8221;][vc_column_text]<\/p>\n<p style=\"text-align: left;\"><span style=\"font-weight: 400;\">\u2013 Net begonnen met sporten of heb je net de C9 gevolgd?<\/span><\/p>\n<p style=\"text-align: left;\"><span style=\"font-weight: 400;\">\u2013 Wil je graag een aantal kilo kwijt of je \u201csilhouet\u201d wat verfijnen?<\/span><\/p>\n<p style=\"text-align: left;\"><span style=\"font-weight: 400;\">\u2013 Wil je weer lekker in je vel zitten en de juiste basis cre\u00ebren voor een gezond en fit leven?<\/span><\/p>\n<p style=\"text-align: left;\"><span style=\"font-weight: 400;\">\u2013 Of ben je juist op zoek naar een nieuwe routine om je prestaties naar een hoger niveau te tillen?\u00a0En is het jouw doel om meer spiermassa op te bouwen en jouw fysieke doelen te bereiken?<\/span><\/p>\n<h3 style=\"text-align: left;\"><span style=\"font-weight: 400;\">Dan is het F.I.T. programma de perfecte keuze!<\/span><\/h3>\n<p style=\"text-align: left;\"><span style=\"font-weight: 400;\">Ben je overtuigd en wil je zowel de C9 box als de F15 box in huis halen? <\/span><\/p>\n<p style=\"text-align: left;\"><span style=\"font-weight: 400;\">Vul het <a href=\"https:\/\/vivasana.be\/index.php\/info-nl\/contact-nl\/\" target=\"_blank\" rel=\"noopener\">contactformulier<\/a> in en vraag naar jouw extra \u20ac voordeel.<\/span><\/p>\n<p>[\/vc_column_text][vc_empty_space height=&#8221;60px&#8221;][vc_column_text]<\/p>\n<h4 style=\"text-align: left;\"><strong>VITAL5 PROGRAMMA:<\/strong><\/h4>\n<p style=\"text-align: left;\"><span style=\"font-weight: 400;\">STABILISATIE en ONDERSTEUNING.<\/span><\/p>\n<p style=\"text-align: left;\"><span style=\"font-weight: 400;\">De drukte van het dagelijks leven maakt dat we op het gebied van voeding soms voor de makkelijkste weg kiezen. De keuze valt dan vlugger op snacks en fastfood in plaats van een gezonde maaltijd. Maak gezonder eten daarom zo makkelijk mogelijk. Dit doe je bijvoorbeeld door vooraf te bedenken wat je gaat kopen, maaltijden op voorhand klaar te maken en te genieten van de voordelen van Vital5.<\/span><\/p>\n<p style=\"text-align: left;\"><span style=\"font-weight: 400;\">Vital5 bestaat uit 5 sleutelproducten, die passen binnen de basis van gezonde voeding.<\/span><\/p>\n<p style=\"text-align: left;\"><span style=\"font-weight: 400;\">Het programma omvat:<\/span><\/p>\n<p style=\"text-align: left;\"><span style=\"font-weight: 400;\">\u2013 Aloe Vera Gel: verhoogt de opnames van voedingsstoffen;<\/span><\/p>\n<p style=\"text-align: left;\"><span style=\"font-weight: 400;\">\u2013 Active Probiotic met 6 verschillende bacterie-stammen en biedt 8 miljard kolonie vormende eenheden: dit draagt bij tot meer balans in je darmen;<\/span><\/p>\n<p style=\"text-align: left;\"><span style=\"font-weight: 400;\">\u2013 Arctic Sea is rijk aan de Omega-3 vetzuren EPA en DHA. Omega-3 vetzuren hebben een gunstige werking op het hart. DHA is bovendien goed voor de hersenen en het gezichtsvermogen;<\/span><\/p>\n<p style=\"text-align: left;\"><span style=\"font-weight: 400;\">\u2013 Arginine Plus helpt je om de hele dag actief te blijven en optimaal te presteren tijdens en na het sporten. De formule bevat L-Arginine en de vitaminen B6, B9 en B12 die bijdragen aan extra energie in geval van vermoeidheid. <\/span><\/p>\n<p style=\"text-align: left;\"><span style=\"font-weight: 400;\">\u2013 Multivitaminen Daily bevat 55 perfect uitgebalanceerde voedingsstoffen die een grote hoeveelheid essenti\u00eble vitaminen en mineralen levert. <\/span><\/p>\n<p style=\"text-align: left;\"><span style=\"font-weight: 400;\">Vraag naar de GRATIS brochure via het <a href=\"https:\/\/vivasana.be\/index.php\/info-nl\/contact-nl\/\" target=\"_blank\" rel=\"noopener\">Contact<\/a> formulier.<\/span><\/p>\n<p style=\"text-align: left;\"><span style=\"font-weight: 400;\">Lees meer over <a href=\"https:\/\/vivasana.be\/index.php\/aloe-vera-nl\/voordelen\/\" target=\"_blank\" rel=\"noopener\">Aloe Vera<\/a> of ga onmiddellijk naar de <a href=\"https:\/\/vivasana.be\/index.php\/aloe-vera-nl\/onze-producten\/\">Webshop<\/a><\/span><\/p>\n<p>[\/vc_column_text][vc_empty_space height=&#8221;60px&#8221;][vc_single_image image=&#8221;4508&#8243; img_size=&#8221;large&#8221; alignment=&#8221;center&#8221;]\t\t<\/div>\n\t<\/div>\n<\/div><\/div>[\/vc_column][\/vc_row][vc_row][vc_column][vc_column_text][\/vc_column_text][\/vc_column][\/vc_row][vc_row][vc_column][vc_column_text]<\/p>\n<p>[\/vc_column_text][\/vc_column][\/vc_row][vc_row][vc_column][vc_column_text]<\/p>\n<p>[\/vc_column_text][\/vc_column][\/vc_row][vc_row][vc_column][vc_column_text]<\/p>\n<p>[\/vc_column_text][\/vc_column][\/vc_row]<\/p>\n","protected":false},"excerpt":{"rendered":"<p>[vc_row row_content_width=&#8221;grid&#8221;][vc_column][\/vc_column][\/vc_row][vc_row anchor=&#8221;vitality&#8221;][vc_column][\/vc_column][\/vc_row][vc_row anchor=&#8221;fit&#8221;][vc_column][\/vc_column][\/vc_row][vc_row][vc_column][vc_column_text][\/vc_column_text][\/vc_column][\/vc_row][vc_row][vc_column][vc_column_text] [\/vc_column_text][\/vc_column][\/vc_row][vc_row][vc_column][vc_column_text] [\/vc_column_text][\/vc_column][\/vc_row][vc_row][vc_column][vc_column_text] [\/vc_column_text][\/vc_column][\/vc_row]<\/p>\n","protected":false},"author":1,"featured_media":0,"parent":4185,"menu_order":0,"comment_status":"closed","ping_status":"closed","template":"full-width.php","meta":[],"yoast_head":"<!-- This site is optimized with the Yoast SEO plugin v16.0.2 - https:\/\/yoast.com\/wordpress\/plugins\/seo\/ -->\n<title>Aloe Vera - Vivasana<\/title>\n<link rel=\"canonical\" href=\"https:\/\/www.vivasana.be\/index.php\/behandelingen\/aloe-vera\/\" \/>\n<meta property=\"og:locale\" content=\"en_GB\" \/>\n<meta property=\"og:type\" content=\"article\" \/>\n<meta property=\"og:title\" content=\"Aloe Vera - Vivasana\" \/>\n<meta property=\"og:description\" content=\"[vc_row row_content_width=&#8221;grid&#8221;][vc_column][\/vc_column][\/vc_row][vc_row anchor=&#8221;vitality&#8221;][vc_column][\/vc_column][\/vc_row][vc_row anchor=&#8221;fit&#8221;][vc_column][\/vc_column][\/vc_row][vc_row][vc_column][vc_column_text][\/vc_column_text][\/vc_column][\/vc_row][vc_row][vc_column][vc_column_text] [\/vc_column_text][\/vc_column][\/vc_row][vc_row][vc_column][vc_column_text] [\/vc_column_text][\/vc_column][\/vc_row][vc_row][vc_column][vc_column_text] [\/vc_column_text][\/vc_column][\/vc_row]\" \/>\n<meta property=\"og:url\" content=\"https:\/\/www.vivasana.be\/index.php\/behandelingen\/aloe-vera\/\" \/>\n<meta property=\"og:site_name\" content=\"Vivasana\" \/>\n<meta property=\"article:modified_time\" content=\"2021-02-09T16:30:17+00:00\" \/>\n<meta name=\"twitter:card\" content=\"summary_large_image\" \/>\n<meta name=\"twitter:label1\" content=\"Estimated reading time\">\n\t<meta name=\"twitter:data1\" content=\"7 minutes\">\n<script type=\"application\/ld+json\" class=\"yoast-schema-graph\">{\"@context\":\"https:\/\/schema.org\",\"@graph\":[{\"@type\":[\"Person\",\"Organization\"],\"@id\":\"https:\/\/www.vivasana.be\/#\/schema\/person\/bf80a11fba06a1a649b56ee60f48f140\",\"name\":\"vivasana\",\"image\":{\"@type\":\"ImageObject\",\"@id\":\"https:\/\/www.vivasana.be\/#personlogo\",\"inLanguage\":\"en-GB\",\"url\":\"https:\/\/secure.gravatar.com\/avatar\/92d9ea7bd8b34298fad83acbfa01a197?s=96&d=mm&r=g\",\"caption\":\"vivasana\"},\"logo\":{\"@id\":\"https:\/\/www.vivasana.be\/#personlogo\"}},{\"@type\":\"WebSite\",\"@id\":\"https:\/\/www.vivasana.be\/#website\",\"url\":\"https:\/\/www.vivasana.be\/\",\"name\":\"Vivasana\",\"description\":\"Healing studio for physical and emotional release, based on a holistic Hawaiian approach.\",\"publisher\":{\"@id\":\"https:\/\/www.vivasana.be\/#\/schema\/person\/bf80a11fba06a1a649b56ee60f48f140\"},\"potentialAction\":[{\"@type\":\"SearchAction\",\"target\":\"https:\/\/www.vivasana.be\/?s={search_term_string}\",\"query-input\":\"required name=search_term_string\"}],\"inLanguage\":\"en-GB\"},{\"@type\":\"WebPage\",\"@id\":\"https:\/\/www.vivasana.be\/index.php\/behandelingen\/aloe-vera\/#webpage\",\"url\":\"https:\/\/www.vivasana.be\/index.php\/behandelingen\/aloe-vera\/\",\"name\":\"Aloe Vera - Vivasana\",\"isPartOf\":{\"@id\":\"https:\/\/www.vivasana.be\/#website\"},\"datePublished\":\"2021-01-02T20:46:42+00:00\",\"dateModified\":\"2021-02-09T16:30:17+00:00\",\"breadcrumb\":{\"@id\":\"https:\/\/www.vivasana.be\/index.php\/behandelingen\/aloe-vera\/#breadcrumb\"},\"inLanguage\":\"en-GB\",\"potentialAction\":[{\"@type\":\"ReadAction\",\"target\":[\"https:\/\/www.vivasana.be\/index.php\/behandelingen\/aloe-vera\/\"]}]},{\"@type\":\"BreadcrumbList\",\"@id\":\"https:\/\/www.vivasana.be\/index.php\/behandelingen\/aloe-vera\/#breadcrumb\",\"itemListElement\":[{\"@type\":\"ListItem\",\"position\":1,\"item\":{\"@type\":\"WebPage\",\"@id\":\"https:\/\/www.vivasana.be\/index.php\/en\/main-home\/\",\"url\":\"https:\/\/www.vivasana.be\/index.php\/en\/main-home\/\",\"name\":\"Home\"}},{\"@type\":\"ListItem\",\"position\":2,\"item\":{\"@type\":\"WebPage\",\"@id\":\"https:\/\/www.vivasana.be\/index.php\/behandelingen\/\",\"url\":\"https:\/\/www.vivasana.be\/index.php\/behandelingen\/\",\"name\":\"Behandelingen\"}},{\"@type\":\"ListItem\",\"position\":3,\"item\":{\"@type\":\"WebPage\",\"@id\":\"https:\/\/www.vivasana.be\/index.php\/behandelingen\/aloe-vera\/\",\"url\":\"https:\/\/www.vivasana.be\/index.php\/behandelingen\/aloe-vera\/\",\"name\":\"Aloe Vera\"}}]}]}<\/script>\n<!-- \/ Yoast SEO plugin. -->","_links":{"self":[{"href":"https:\/\/www.vivasana.be\/index.php\/wp-json\/wp\/v2\/pages\/4197"}],"collection":[{"href":"https:\/\/www.vivasana.be\/index.php\/wp-json\/wp\/v2\/pages"}],"about":[{"href":"https:\/\/www.vivasana.be\/index.php\/wp-json\/wp\/v2\/types\/page"}],"author":[{"embeddable":true,"href":"https:\/\/www.vivasana.be\/index.php\/wp-json\/wp\/v2\/users\/1"}],"replies":[{"embeddable":true,"href":"https:\/\/www.vivasana.be\/index.php\/wp-json\/wp\/v2\/comments?post=4197"}],"version-history":[{"count":77,"href":"https:\/\/www.vivasana.be\/index.php\/wp-json\/wp\/v2\/pages\/4197\/revisions"}],"predecessor-version":[{"id":4701,"href":"https:\/\/www.vivasana.be\/index.php\/wp-json\/wp\/v2\/pages\/4197\/revisions\/4701"}],"up":[{"embeddable":true,"href":"https:\/\/www.vivasana.be\/index.php\/wp-json\/wp\/v2\/pages\/4185"}],"wp:attachment":[{"href":"https:\/\/www.vivasana.be\/index.php\/wp-json\/wp\/v2\/media?parent=4197"}],"curies":[{"name":"wp","href":"https:\/\/api.w.org\/{rel}","templated":true}]}}