{"id":3624,"date":"2020-11-21T17:46:06","date_gmt":"2020-11-21T17:46:06","guid":{"rendered":"https:\/\/vivasana.be\/?page_id=3624"},"modified":"2024-06-28T15:57:09","modified_gmt":"2024-06-28T15:57:09","slug":"reviews","status":"publish","type":"page","link":"https:\/\/www.vivasana.be\/index.php\/en\/info\/reviews\/","title":{"rendered":"Reviews"},"content":{"rendered":"<p>[vc_row row_content_width=&#8221;grid&#8221; content_text_aligment=&#8221;center&#8221;][vc_column]<div class=\"mkdf-elements-holder   mkdf-one-column  mkdf-responsive-mode-768 \" ><div class=\"mkdf-eh-item    \"  data-item-class=\"mkdf-eh-custom-1410\" data-1280-1600=\"10% 25% 0\" data-1024-1280=\"10% 25% 0\" data-768-1024=\"10% 16% 0\" data-680-768=\"36% 8% 0\" data-680=\"26% 0 0\">\n\t\t<div class=\"mkdf-eh-item-inner\">\n\t\t<div class=\"mkdf-eh-item-content mkdf-eh-custom-1410\" style=\"padding: 16% 25% 0\">\n\t\t\t<div class=\"mkdf-section-title-holder  mkdf-st-standard mkdf-st-title-left mkdf-st-normal-space \" style=\"text-align: center\">\n\t<div class=\"mkdf-st-inner\">\n\t\t<img width=\"90\" height=\"90\" src=\"https:\/\/www.vivasana.be\/wp-content\/uploads\/2020\/11\/Webp.net-resizeimage-7.png\" class=\"attachment-full size-full\" alt=\"\" loading=\"lazy\" \/>\n\t\t\t\t\t<div class=\"mkdf-separator-holder clearfix\">\n\t\t\t\t<div class=\"mkdf-separator\"><\/div>\n\t\t\t<\/div>\n\t\t\t\t\t\t\t<h2 class=\"mkdf-st-title\" >\n\t\t\t\tWrite a review\t\t\t<\/h2>\n\t\t\t\t\t<\/div>\n<\/div>[vc_empty_space height=&#8221;50px&#8221;]\t\t<\/div>\n\t<\/div>\n<\/div><\/div>[\/vc_column][\/vc_row][vc_row row_content_width=&#8221;grid&#8221; disable_background_image=&#8221;&#8221; content_text_aligment=&#8221;center&#8221; simple_background_image=&#8221;4017&#8243;][vc_column]<div class=\"mkdf-elements-holder todo  mkdf-one-column  mkdf-responsive-mode-768 \" ><div class=\"mkdf-eh-item   mkdf-horizontal-alignment-center \"  data-item-class=\"mkdf-eh-custom-7137\" data-1280-1600=\"5% 20% 12.1%\" data-1024-1280=\"4% 19% 11%\" data-768-1024=\"5% 7% 16%\" data-680-768=\"7% 7% 35.5%\" data-680=\"20% 0% 28.5%\">\n\t\t<div class=\"mkdf-eh-item-inner\">\n\t\t<div class=\"mkdf-eh-item-content mkdf-eh-custom-7137\" style=\"padding: 3% 20% 28.5%\">\n\t\t\t<div role=\"form\" class=\"wpcf7\" id=\"wpcf7-f4054-o1\" lang=\"en-GB\" dir=\"ltr\">\n<div class=\"screen-reader-response\"><p role=\"status\" aria-live=\"polite\" aria-atomic=\"true\"><\/p> <ul><\/ul><\/div>\n<form action=\"\/index.php\/wp-json\/wp\/v2\/pages\/3624#wpcf7-f4054-o1\" method=\"post\" class=\"wpcf7-form init cf7_custom_style_1\" novalidate=\"novalidate\" data-status=\"init\">\n<div style=\"display: none;\">\n<input type=\"hidden\" name=\"_wpcf7\" value=\"4054\" \/>\n<input type=\"hidden\" name=\"_wpcf7_version\" value=\"5.4\" \/>\n<input type=\"hidden\" name=\"_wpcf7_locale\" value=\"en_GB\" \/>\n<input type=\"hidden\" name=\"_wpcf7_unit_tag\" value=\"wpcf7-f4054-o1\" \/>\n<input type=\"hidden\" name=\"_wpcf7_container_post\" value=\"0\" \/>\n<input type=\"hidden\" name=\"_wpcf7_posted_data_hash\" value=\"\" \/>\n<\/div>\n<p><label> Your Name (required)<br \/>\n    <span class=\"wpcf7-form-control-wrap your-name\"><input type=\"text\" name=\"your-name\" value=\"\" size=\"40\" class=\"wpcf7-form-control wpcf7-text wpcf7-validates-as-required\" aria-required=\"true\" aria-invalid=\"false\" \/><\/span> <\/label><\/p>\n<p><label> Your review<br \/>\n    <span class=\"wpcf7-form-control-wrap your-message\"><textarea name=\"your-message\" cols=\"40\" rows=\"10\" class=\"wpcf7-form-control wpcf7-textarea\" aria-invalid=\"false\"><\/textarea><\/span> <\/label><\/p>\n<p><input type=\"submit\" value=\"Submit\" class=\"wpcf7-form-control wpcf7-submit\" \/><\/p>\n<div class=\"wpcf7-response-output\" aria-hidden=\"true\"><\/div><\/form><\/div>\t\t<\/div>\n\t<\/div>\n<\/div><\/div><div class=\"mkdf-elements-holder   mkdf-one-column  mkdf-responsive-mode-768 \" ><div class=\"mkdf-eh-item    \"  data-item-class=\"mkdf-eh-custom-2743\" data-1280-1600=\"10% 25% 0\" data-1024-1280=\"10% 25% 0\" data-768-1024=\"10% 16% 0\" data-680-768=\"36% 8% 0\" data-680=\"26% 0 0\">\n\t\t<div class=\"mkdf-eh-item-inner\">\n\t\t<div class=\"mkdf-eh-item-content mkdf-eh-custom-2743\" style=\"padding: 16% 25% 0\">\n\t\t\t[vc_empty_space height=&#8221;50px&#8221;]<div class=\"mkdf-section-title-holder  mkdf-st-standard mkdf-st-title-left mkdf-st-normal-space \" style=\"text-align: center\">\n\t<div class=\"mkdf-st-inner\">\n\t\t<img width=\"90\" height=\"90\" src=\"https:\/\/www.vivasana.be\/wp-content\/uploads\/2020\/11\/Webp.net-resizeimage-7.png\" class=\"attachment-full size-full\" alt=\"\" loading=\"lazy\" \/>\n\t\t\t\t\t<div class=\"mkdf-separator-holder clearfix\">\n\t\t\t\t<div class=\"mkdf-separator\"><\/div>\n\t\t\t<\/div>\n\t\t\t\t\t\t\t<h4 class=\"mkdf-st-title\" >\n\t\t\t\tread reviews on our homepage\t\t\t<\/h4>\n\t\t\t\t\t<\/div>\n<\/div>[vc_empty_space height=&#8221;50px&#8221;]\t\t<\/div>\n\t<\/div>\n<\/div><\/div>[\/vc_column][\/vc_row][vc_row][vc_column][vc_column_text]<\/p>\n<p style=\"text-align: center;\">Je suis tr\u00e8s contente d&#8217;avoir d\u00e9couvert un lieu o\u00f9 ce que je dis a du sens et ce que je ressens est \u00e0 l&#8217;\u00e9coute<\/p>\n<p style=\"text-align: center;\">J&#8217;ai d\u00e9couvert une exp\u00e9rience qui me pousse \u00e0 allez au del\u00e0 de moi m\u00eame, enlevant mes craintes, mes douleurs et mes doutes<\/p>\n<p style=\"text-align: center;\">Je me retrouve dans un lieu ou la m\u00e9lodie et l&#8217;apaisement sont diffus\u00e9s au travers de Natacha<\/p>\n<p style=\"text-align: center;\">Elle est tr\u00e8s \u00e0 l&#8217;\u00e9coute et partage des informations verbales ou non verbale avec moi et \u00e7a m&#8217;apaise Elle me prend en main et est \u00e0 l&#8217;\u00e9coute de mon corps<\/p>\n<p style=\"text-align: center;\">Elle r\u00e9veille mes sens et redirige mon \u00e9nergie l\u00e0 o\u00f9 elle doit \u00eatre<\/p>\n<p style=\"text-align: center;\">Elle enl\u00e8ve mes craintes et trouve le mot qui me convient pour allez au del\u00e0 de moi-m\u00eame et pousser mes limites toujours plus loin tout en restant dans l&#8217;agr\u00e9able<\/p>\n<p style=\"text-align: center;\">Merci beaucoup Natacha gr\u00e2ce \u00e0 toi je ressent enfin une am\u00e9lioration et ce apr\u00e8s autant d&#8217;ann\u00e9es\u00a0 &#8211;\u00a0 Birsen Sahin<\/p>\n<p style=\"text-align: center;\">\u2665<\/p>\n<p style=\"text-align: center;\">Super fijne ontspannende ervaring! Warm onthaal en zachte hand, Hawa\u00efaanse massage en ware ontdekking! &#8211;\u00a0 Anne Catherine Kempeneers<\/p>\n<p style=\"text-align: center;\">\u2665<\/p>\n<p style=\"text-align: center;\">Mijn lichaam en mijn geest kwamen tot rust. Ik kwam ook plots tot inzichten die me verder helpen in het leven.<\/p>\n<p style=\"text-align: center;\">Ik heb kunnen loslaten van oud zeer. Heel wat emoties kwamen vanzelf; waarbij dankbaarheid de overhand nam.<\/p>\n<p style=\"text-align: center;\">Dankjewel dames voor deze geweldige ervaring! &#8211;\u00a0 Freya Vancoillie<\/p>\n<p style=\"text-align: center;\">\u2665<\/p>\n<p style=\"text-align: center;\">J&#8217;ai re\u00e7u r\u00e9cemment un bon cadeau avec 5 massages de chez Viva sana&#8230; Quel bonheur !!!<\/p>\n<p style=\"text-align: center;\">Car Natacha masse admirablement bien, avec son corps et son \u00e2me, avec des huiles essentielles et en fredonnant sur des musiques hawa\u00efennes,<\/p>\n<p style=\"text-align: center;\">un vrai voyage pour tous les sens, qui relaxe et qui requinque ! Un super cadeau \u00e0 faire et \u00e0 recevoir\u00a0 &#8211;\u00a0 Christine Possoz<\/p>\n<p style=\"text-align: center;\">\u2665<\/p>\n<p style=\"text-align: center;\">Super bon moment de d\u00e9tente Natacha tr\u00e8s \u00e0 l \u00e9coute des diff\u00e9rents soucis \u00c0 recommander absolument !!\u00a0 &#8211;\u00a0 Catherine Sauvage<\/p>\n<p style=\"text-align: center;\">\u2665<\/p>\n<p style=\"text-align: center;\">Natacha offers a great and very peaceful energy during her massage treatments.<\/p>\n<p style=\"text-align: center;\">I have gone to her before and while I was pregnant and felt confident she was caring and knew what she was doing.<\/p>\n<p style=\"text-align: center;\">She is skilful and thoughtful and can really address and work on your personal points of pressure.<\/p>\n<p style=\"text-align: center;\">She makes the massages personal and makes you feel warmly received, not just another client.<\/p>\n<p style=\"text-align: center;\">The music and atmosphere she has built in her studio are tranquil and are just what you need to disconnect and reconnect with yourself.\u00a0 &#8211;\u00a0 Kalina Boshkova<\/p>\n<p style=\"text-align: center;\">\u2665<\/p>\n<p style=\"text-align: center;\">Vivasana est un lieu o\u00f9 je suis toujours satisfaite de la qualit\u00e9 d&#8217;accueil, de soin, et de regen\u00e9ration avec laquelle je ressors. Je conseille amplement !\u00a0 &#8211;\u00a0 Blandine Pillet<\/p>\n<p style=\"text-align: center;\">\u2665<\/p>\n<p style=\"text-align: center;\">Tr\u00e8s chouette exp\u00e9rience ! Les massages chant\u00e9s de Natacha sont vivifiants et relaxants. Merci\u00a0 &#8211;\u00a0 Alfredo Fernadez Atienza<\/p>\n<p style=\"text-align: center;\">\u2665<\/p>\n<p style=\"text-align: center;\">A chaque fois une parenth\u00e8se de bien-\u00eatre chez Vivasana, l&#8217;essayer c&#8217;est l&#8217;adopter !\u00a0 &#8211;\u00a0 Laura Hartley<\/p>\n<p style=\"text-align: center;\">\u2665<\/p>\n<p style=\"text-align: center;\">Merci Natacha pour ce pur moment de d\u00e9tente. 90 minutes de relaxation totale. Je recommande vivement. Je reviendrai tr\u00e8s vite.\u00a0 &#8211;\u00a0 Laurence Huybrechts<\/p>\n<p style=\"text-align: center;\">\u2665<\/p>\n<p style=\"text-align: center;\">Merci pour ce merveilleux moment hors du temps et cette reconnexion \u00e0 soi-m\u00eame. &#8211;\u00a0 Nathalie Narinx<\/p>\n<p style=\"text-align: center;\">\u2665<\/p>\n<p style=\"text-align: center;\">Natacha has a great energy and her hands are healing. Highly recommend the treatment &#8211;\u00a0 Martina Sirol<\/p>\n<p style=\"text-align: center;\">\u2665<\/p>\n<p style=\"text-align: center;\">Het schoot in mijn rug en Natacha zette direct Infrarood (Flexbeam) en InterX (elektrische acupunctuur) in.<\/p>\n<p style=\"text-align: center;\">Samen met de MSM gelei van Forever Living en natuurlijk Natacha\u2019s goede zorgen en kunde was de kramp<\/p>\n<p style=\"text-align: center;\">uit mijn rug bijna geheel verdwenen. Top!!\u00a0 &#8211;\u00a0 Astrid Sneekes<\/p>\n<p style=\"text-align: center;\">\u2665<\/p>\n<p style=\"text-align: center;\">Bedankt Natacha voor dit zen momentje! Ben helemaal ontspannen en opgeladen nu. Heel dankbaar voor je mooie energie.\u00a0 &#8211; Helena Van Caekenberghe<\/p>\n<p style=\"text-align: center;\">\u2665<\/p>\n<p style=\"text-align: center;\">Bedankt Natacha voor de helende sessie die je me had gegeven, positive vibes.\u00a0 &#8211;\u00a0 Mathieu Vanbelle<\/p>\n<p>&nbsp;<\/p>\n<p style=\"text-align: center;\"><strong>Merci &#8211; Thank you &#8211; Dank je &#8211; Mahalo<\/strong><\/p>\n<p>\u00a0[\/vc_column_text][\/vc_column][\/vc_row]<\/p>\n","protected":false},"excerpt":{"rendered":"<p>[vc_row row_content_width=&#8221;grid&#8221; content_text_aligment=&#8221;center&#8221;][vc_column][\/vc_column][\/vc_row][vc_row row_content_width=&#8221;grid&#8221; disable_background_image=&#8221;&#8221; content_text_aligment=&#8221;center&#8221; simple_background_image=&#8221;4017&#8243;][vc_column][\/vc_column][\/vc_row][vc_row][vc_column][vc_column_text] Je suis tr\u00e8s contente d&#8217;avoir d\u00e9couvert un lieu o\u00f9 ce que je dis a du sens et ce que je ressens est \u00e0 l&#8217;\u00e9coute J&#8217;ai d\u00e9couvert une exp\u00e9rience qui me pousse \u00e0 allez [&hellip;]<\/p>\n","protected":false},"author":1,"featured_media":0,"parent":3039,"menu_order":0,"comment_status":"closed","ping_status":"closed","template":"full-width.php","meta":[],"yoast_head":"<!-- This site is optimized with the Yoast SEO plugin v16.0.2 - https:\/\/yoast.com\/wordpress\/plugins\/seo\/ -->\n<title>Reviews - Vivasana<\/title>\n<link rel=\"canonical\" href=\"https:\/\/www.vivasana.be\/index.php\/en\/info\/reviews\/\" \/>\n<meta property=\"og:locale\" content=\"en_GB\" \/>\n<meta property=\"og:type\" content=\"article\" \/>\n<meta property=\"og:title\" content=\"Reviews - Vivasana\" \/>\n<meta property=\"og:description\" content=\"[vc_row row_content_width=&#8221;grid&#8221; content_text_aligment=&#8221;center&#8221;][vc_column][\/vc_column][\/vc_row][vc_row row_content_width=&#8221;grid&#8221; disable_background_image=&#8221;&#8221; content_text_aligment=&#8221;center&#8221; simple_background_image=&#8221;4017&#8243;][vc_column][\/vc_column][\/vc_row][vc_row][vc_column][vc_column_text] Je suis tr\u00e8s contente d&#8217;avoir d\u00e9couvert un lieu o\u00f9 ce que je dis a du sens et ce que je ressens est \u00e0 l&#8217;\u00e9coute J&#8217;ai d\u00e9couvert une exp\u00e9rience qui me pousse \u00e0 allez [&hellip;]\" \/>\n<meta property=\"og:url\" content=\"https:\/\/www.vivasana.be\/index.php\/en\/info\/reviews\/\" \/>\n<meta property=\"og:site_name\" content=\"Vivasana\" \/>\n<meta property=\"article:modified_time\" content=\"2024-06-28T15:57:09+00:00\" \/>\n<meta name=\"twitter:card\" content=\"summary_large_image\" \/>\n<meta name=\"twitter:label1\" content=\"Estimated reading time\">\n\t<meta name=\"twitter:data1\" content=\"4 minutes\">\n<script type=\"application\/ld+json\" class=\"yoast-schema-graph\">{\"@context\":\"https:\/\/schema.org\",\"@graph\":[{\"@type\":[\"Person\",\"Organization\"],\"@id\":\"https:\/\/www.vivasana.be\/#\/schema\/person\/bf80a11fba06a1a649b56ee60f48f140\",\"name\":\"vivasana\",\"image\":{\"@type\":\"ImageObject\",\"@id\":\"https:\/\/www.vivasana.be\/#personlogo\",\"inLanguage\":\"en-GB\",\"url\":\"https:\/\/secure.gravatar.com\/avatar\/92d9ea7bd8b34298fad83acbfa01a197?s=96&d=mm&r=g\",\"caption\":\"vivasana\"},\"logo\":{\"@id\":\"https:\/\/www.vivasana.be\/#personlogo\"}},{\"@type\":\"WebSite\",\"@id\":\"https:\/\/www.vivasana.be\/#website\",\"url\":\"https:\/\/www.vivasana.be\/\",\"name\":\"Vivasana\",\"description\":\"Healing studio for physical and emotional release, based on a holistic Hawaiian approach.\",\"publisher\":{\"@id\":\"https:\/\/www.vivasana.be\/#\/schema\/person\/bf80a11fba06a1a649b56ee60f48f140\"},\"potentialAction\":[{\"@type\":\"SearchAction\",\"target\":\"https:\/\/www.vivasana.be\/?s={search_term_string}\",\"query-input\":\"required name=search_term_string\"}],\"inLanguage\":\"en-GB\"},{\"@type\":\"WebPage\",\"@id\":\"https:\/\/www.vivasana.be\/index.php\/en\/info\/reviews\/#webpage\",\"url\":\"https:\/\/www.vivasana.be\/index.php\/en\/info\/reviews\/\",\"name\":\"Reviews - Vivasana\",\"isPartOf\":{\"@id\":\"https:\/\/www.vivasana.be\/#website\"},\"datePublished\":\"2020-11-21T17:46:06+00:00\",\"dateModified\":\"2024-06-28T15:57:09+00:00\",\"breadcrumb\":{\"@id\":\"https:\/\/www.vivasana.be\/index.php\/en\/info\/reviews\/#breadcrumb\"},\"inLanguage\":\"en-GB\",\"potentialAction\":[{\"@type\":\"ReadAction\",\"target\":[\"https:\/\/www.vivasana.be\/index.php\/en\/info\/reviews\/\"]}]},{\"@type\":\"BreadcrumbList\",\"@id\":\"https:\/\/www.vivasana.be\/index.php\/en\/info\/reviews\/#breadcrumb\",\"itemListElement\":[{\"@type\":\"ListItem\",\"position\":1,\"item\":{\"@type\":\"WebPage\",\"@id\":\"https:\/\/www.vivasana.be\/index.php\/en\/main-home\/\",\"url\":\"https:\/\/www.vivasana.be\/index.php\/en\/main-home\/\",\"name\":\"Home\"}},{\"@type\":\"ListItem\",\"position\":2,\"item\":{\"@type\":\"WebPage\",\"@id\":\"https:\/\/www.vivasana.be\/index.php\/en\/info\/\",\"url\":\"https:\/\/www.vivasana.be\/index.php\/en\/info\/\",\"name\":\"Info\"}},{\"@type\":\"ListItem\",\"position\":3,\"item\":{\"@type\":\"WebPage\",\"@id\":\"https:\/\/www.vivasana.be\/index.php\/en\/info\/reviews\/\",\"url\":\"https:\/\/www.vivasana.be\/index.php\/en\/info\/reviews\/\",\"name\":\"Reviews\"}}]}]}<\/script>\n<!-- \/ Yoast SEO plugin. -->","_links":{"self":[{"href":"https:\/\/www.vivasana.be\/index.php\/wp-json\/wp\/v2\/pages\/3624"}],"collection":[{"href":"https:\/\/www.vivasana.be\/index.php\/wp-json\/wp\/v2\/pages"}],"about":[{"href":"https:\/\/www.vivasana.be\/index.php\/wp-json\/wp\/v2\/types\/page"}],"author":[{"embeddable":true,"href":"https:\/\/www.vivasana.be\/index.php\/wp-json\/wp\/v2\/users\/1"}],"replies":[{"embeddable":true,"href":"https:\/\/www.vivasana.be\/index.php\/wp-json\/wp\/v2\/comments?post=3624"}],"version-history":[{"count":10,"href":"https:\/\/www.vivasana.be\/index.php\/wp-json\/wp\/v2\/pages\/3624\/revisions"}],"predecessor-version":[{"id":5528,"href":"https:\/\/www.vivasana.be\/index.php\/wp-json\/wp\/v2\/pages\/3624\/revisions\/5528"}],"up":[{"embeddable":true,"href":"https:\/\/www.vivasana.be\/index.php\/wp-json\/wp\/v2\/pages\/3039"}],"wp:attachment":[{"href":"https:\/\/www.vivasana.be\/index.php\/wp-json\/wp\/v2\/media?parent=3624"}],"curies":[{"name":"wp","href":"https:\/\/api.w.org\/{rel}","templated":true}]}}